{"id":1756,"date":"2022-05-20T12:28:23","date_gmt":"2022-05-20T09:28:23","guid":{"rendered":"https:\/\/clinicavictoria.ro\/targoviste\/?page_id=1756"},"modified":"2024-02-01T16:28:11","modified_gmt":"2024-02-01T13:28:11","slug":"pedodontie","status":"publish","type":"page","link":"https:\/\/clinicavictoria.ro\/targoviste\/pedodontie\/","title":{"rendered":"Pedodon\u021bie"},"content":{"rendered":"<div class=\"gb-container gb-container-faede559\"><div class=\"gb-inside-container\">\n\n<h1 class=\"gb-headline gb-headline-1f5c767b gb-headline-text\">Pedodon\u021bie<\/h1>\n\n\n\n<div class=\"line-separator\"><\/div>\n\n\n\n<h6 class=\"gb-headline gb-headline-d4b56e91 gb-headline-text\"><strong><strong>Clinica Dentar\u0103 Victoria T\u00e2rgovi\u0219te<\/strong><\/strong><\/h6>\n\n\n\n<p class=\"has-text-align-center\">\u00cen cadrul specializ\u0103rii de Pedodon\u021bie (stomatologie copii) din T\u00e2rgovi\u0219te, medicii stomatologi ajut\u0103 micu\u021bii pacien\u021bi s\u0103 scape de afec\u021biunile dentare oferindu-le solu\u021bii punctuale, f\u0103r\u0103 durere, astfel \u00eenc\u00e2t s\u0103 aib\u0103 o dantur\u0103 s\u0103n\u0103toas\u0103 \u0219i frumoas\u0103 la adolescen\u021b\u0103.<\/p>\n\n\n<div class=\"wp-block-image\">\n<figure class=\"aligncenter size-full\"><img loading=\"lazy\" decoding=\"async\" width=\"1200\" height=\"600\" src=\"https:\/\/clinicavictoria.ro\/targoviste\/wp-content\/uploads\/2022\/08\/pedodontie-targoviste.webp\" alt=\"pedodontie targoviste\" class=\"wp-image-2236\" srcset=\"https:\/\/clinicavictoria.ro\/targoviste\/wp-content\/uploads\/2022\/08\/pedodontie-targoviste.webp 1200w, https:\/\/clinicavictoria.ro\/targoviste\/wp-content\/uploads\/2022\/08\/pedodontie-targoviste-300x150.webp 300w, https:\/\/clinicavictoria.ro\/targoviste\/wp-content\/uploads\/2022\/08\/pedodontie-targoviste-1024x512.webp 1024w, https:\/\/clinicavictoria.ro\/targoviste\/wp-content\/uploads\/2022\/08\/pedodontie-targoviste-768x384.webp 768w\" sizes=\"(max-width: 1200px) 100vw, 1200px\" \/><\/figure><\/div>\n\n\n<div style=\"height:31px\" aria-hidden=\"true\" class=\"wp-block-spacer\"><\/div>\n\n\n\n<h5 class=\"gb-headline gb-headline-3dba0a8b gb-headline-text\"><strong>Ce este pedodon\u021bia?<\/strong><\/h5>\n\n\n\n<p>Pedodon\u021bia este latura stomatologiei care se ocup\u0103 de s\u0103n\u0103tatea din\u021bilor copiilor din primii ani de via\u021b\u0103 \u0219i p\u00e2n\u0103 la adolescen\u021b\u0103.<\/p>\n\n\n\n<h5 class=\"gb-headline gb-headline-347b8bde gb-headline-text\"><strong><strong>De ce este important\u0103 pentru copii vizita regulat\u0103 la medicul pedodont?<\/strong><\/strong><\/h5>\n\n\n\n<p>Din\u021bii apar la copii \u00een primele 6 luni de via\u021b\u0103, iar la 6 sau 7 ani \u00eencep s\u0103 \u00ee\u0219i piard\u0103&nbsp;denti\u021bia de lapte, care este \u00eenlocuit\u0103 cu din\u021bii definitivi. F\u0103r\u0103 \u00eengrijire stomatologic\u0103 adecvat\u0103, copiii pot dezvolta boli dentare \u0219i carii care pot duce la o via\u021b\u0103 \u00eentreag\u0103 de complica\u021bii \u0219i suferin\u021be.<\/p>\n\n\n\n<p>Din\u021bii temporari au aproximativ aceea\u0219i anatomie cu a celor definitivi, drept urmare, chiar dac\u0103 \u0219tim c\u0103 la un moment ace\u0219tia se vor pierde, ei trebuie trata\u021bi cu maxim\u0103 importan\u021b\u0103 \u0219i la timpul potrivit, \u00eentruc\u00e2t \u0219i ei pot avea carii p\u00e2n\u0103 la nerv care produc durere sau pot duce chiar la infec\u021bii.<\/p>\n\n\n\n<p>Pierderea prematur\u0103 a din\u021bilor temporari netrata\u021bi&nbsp;duce la anomalii \u00een erup\u021bia din\u021bilor definitivi, cu necesitatea purt\u0103rii aparatului dentar ulterior.<\/p>\n\n\n\n<h5 class=\"gb-headline gb-headline-5377560a gb-headline-text\"><strong><strong>Serviciile noastre<\/strong><\/strong>:<\/h5>\n\n\n\n<ul>\n<li>Controale pentru evaluarea riscului de carie la mam\u0103 \u0219i copil;<\/li>\n\n\n\n<li>Tratamente profilactice precum igieniz\u0103ri \u0219i fluoriz\u0103ri, dar \u0219i recomand\u0103ri legate de diet\u0103;<\/li>\n\n\n\n<li>Identificarea obiceiurilor vicioase ce pot duce la probleme dentare precum suptul degetelor sau a suzetei;<\/li>\n\n\n\n<li>Evaluarea timpurie a copilului pentru stabilirea necesit\u0103\u021bii tratamentului ortodontic de corectare a ocluziei (mu\u0219c\u0103turii);<\/li>\n\n\n\n<li>Tratamentul cariilor sau al defectelor dentare;<\/li>\n\n\n\n<li>Diagnosticul afec\u021biunilor stomatologice asociate cu boli generale precum diabet, defecte cardiovasculare congenitale, astm, ADHD;<\/li>\n\n\n\n<li>Tratamentul de urgen\u021b\u0103 pentru traumatisme ale copilului precum din\u021bi fractura\u021bi, luxa\u021bi sau chiar avulsiona\u021bi.<\/li>\n<\/ul>\n\n\n\n<p class=\"has-text-align-center\">Dot\u0103rile tehnologice de ultim\u0103 genera\u021bie \u0219i personalul medical cu experien\u021b\u0103 v\u0103 vor asigura planuri de tratament pedodontice cu maxim de confort, siguran\u021b\u0103 \u0219i eficien\u021b\u0103 pentru copilul dumneavoastr\u0103.<\/p>\n\n<\/div><\/div>\n\n\n<div style=\"height:32px\" aria-hidden=\"true\" class=\"wp-block-spacer\"><\/div>\n\n\n<div class=\"gb-container gb-container-fce2726a\"><div class=\"gb-inside-container\">\n\n<h5 class=\"gb-headline gb-headline-e1e6abc4 gb-headline-text\"><strong>Medici speciali\u0219ti pedodon\u021bi<\/strong><\/h5>\n\n\n<div class=\"gb-grid-wrapper gb-grid-wrapper-9a10721a contaier-box-with-shadow\">\n<div class=\"gb-grid-column gb-grid-column-71ceb572\"><div class=\"gb-container gb-container-71ceb572\"><div class=\"gb-inside-container\">\n\n<figure class=\"wp-block-image size-full\"><img loading=\"lazy\" decoding=\"async\" width=\"600\" height=\"900\" src=\"https:\/\/clinicavictoria.ro\/targoviste\/wp-content\/uploads\/2022\/08\/f-medic-stomatolog.jpg\" alt=\"f medic stomatolog\" class=\"wp-image-2192\" srcset=\"https:\/\/clinicavictoria.ro\/targoviste\/wp-content\/uploads\/2022\/08\/f-medic-stomatolog.jpg 600w, https:\/\/clinicavictoria.ro\/targoviste\/wp-content\/uploads\/2022\/08\/f-medic-stomatolog-200x300.jpg 200w\" sizes=\"(max-width: 600px) 100vw, 600px\" \/><\/figure>\n\n\n\n<div style=\"height:16px\" aria-hidden=\"true\" class=\"wp-block-spacer\"><\/div>\n\n\n\n<h5 class=\"gb-headline gb-headline-3052cadc gb-headline-text\"><strong>Dr. Georgiana Musetescu<\/strong><\/h5>\n\n\n\n<div class=\"line-separator\"><\/div>\n\n\n\n<p class=\"has-text-align-center\"><strong>Medic Specialist Pedodont<\/strong><\/p>\n\n<\/div><\/div><\/div>\n<\/div>\n<\/div><\/div>\n\n\n<div style=\"height:32px\" aria-hidden=\"true\" class=\"wp-block-spacer\"><\/div>\n\n\n<div class=\"gb-container gb-container-c87d64e3\"><div class=\"gb-inside-container\">\n\n<p class=\"has-text-align-center\">Programa\u021bi-v\u0103 pentru o consulta\u021bie ini\u021bial\u0103 \u00een clinica noastr\u0103 \u0219i noi v\u0103 garant\u0103m c\u0103 ve\u021bi beneficia de toat\u0103 aten\u021bia echipei noastre medicale.<\/p>\n\n\n\n<p class=\"has-text-align-center\">Pentru program\u0103ri, apela\u021bi:<\/p>\n\n\n\n<h3 class=\"gb-headline gb-headline-a8d8c91b gb-headline-text\"><strong><a href=\"tel:0345 404 409\">0345 404 409<\/a><\/strong><\/h3>\n\n<\/div><\/div>\n\n\n<p class=\"has-text-align-center\">sau ap\u0103sa\u021bi butonul de mai jos:<\/p>\n\n\n\n<div class=\"wp-block-buttons is-horizontal is-content-justification-center is-layout-flex wp-container-core-buttons-layout-1 wp-block-buttons-is-layout-flex\">\n<div class=\"wp-block-button main-button is-style-outline sg-popup-id-1058\"><a class=\"wp-block-button__link has-accent-color has-base-3-background-color has-text-color has-background wp-element-button\">PROGRAMEAZ\u0102-TE<\/a><\/div>\n<\/div>\n\n\n\n<div style=\"height:32px\" aria-hidden=\"true\" class=\"wp-block-spacer\"><\/div>\n\n\n\n<h5 class=\"gb-headline gb-headline-c0db580d gb-headline-text\"><strong><strong>Avantajele de a beneficia de toate serviciile dentare \u00eentr-o sigur\u0103 loca\u021bie.<\/strong><\/strong><\/h5>\n\n\n\n<p>Un sistem complet de servicii \u00een aceea\u0219i loca\u021bie acoper\u0103 toate nevoile \u0219i problemele posibile ale pacientului, f\u0103r\u0103 a-l pune pe drumuri. Pe de alt\u0103 parte, un singur aspect terapeutic poate fi privit \u00een ansamblu de mai mul\u021bi speciali\u0219ti, din mai multe unghiuri, astfel \u00eenc\u00e2t pacientul s\u0103 nu \u00ee\u0219i pun\u0103 problema dac\u0103 a primit cel mai bun sfat sau cel mai bun plan de tratament, \u00eentruc\u00e2t \u00een cadrul clinicilor Victoria poate beneficia si de opinia medicului chirurg, \u0219i de cea a medicului ortodont, endodont, sau de alte specialit\u0103\u021bi, pl\u0103tind doar pentru o singur\u0103 consulta\u021bie.<\/p>\n\n\n\n<div style=\"height:32px\" aria-hidden=\"true\" class=\"wp-block-spacer\"><\/div>\n\n\n<div class=\"gb-container gb-container-c72f458e\"><div class=\"gb-inside-container\">\n\n<h5 class=\"gb-headline gb-headline-95b090dd gb-headline-text\"><strong>Pre\u021buri<\/strong><\/h5>\n\n\n\n<figure class=\"wp-block-table is-style-stripes styled-table\"><table><thead><tr><th class=\"has-text-align-left\" data-align=\"left\"><strong>Nume Serviciu<\/strong><\/th><th class=\"has-text-align-center\" data-align=\"center\"><strong>Pre<strong>\u021b<\/strong> (Lei)<\/strong><\/th><\/tr><\/thead><tbody><tr><td class=\"has-text-align-left\" data-align=\"left\">Extrac\u021bie dinte temporar\/dinte<\/td><td class=\"has-text-align-center\" data-align=\"center\">150<\/td><\/tr><tr><td class=\"has-text-align-left\" data-align=\"left\">Obtura\u021bie coronar\u0103 dinte temporar<\/td><td class=\"has-text-align-center\" data-align=\"center\">150<\/td><\/tr><tr><td class=\"has-text-align-left\" data-align=\"left\">Consulta\u021bie medic pedodont<\/td><td class=\"has-text-align-center\" data-align=\"center\">110<\/td><\/tr><\/tbody><\/table><\/figure>\n\n<\/div><\/div>\n\n\n<p>Pentru alte servicii de pedodon\u021bie care nu se afl\u0103 \u00een aceast\u0103 list\u0103, v\u0103 rug\u0103m s\u0103 contacta\u021bi colegele noastre din clinic\u0103 la num\u0103rul de telefon <strong><a href=\"tel:0345 404 409\">0345 404 409<\/a><\/strong>.<\/p>\n\n\n\n<div style=\"height:32px\" aria-hidden=\"true\" class=\"wp-block-spacer\"><\/div>\n\n\n<div class=\"gb-container gb-container-ee1bd535\"><div class=\"gb-inside-container\">\n\n<h6 class=\"gb-headline gb-headline-e273090e gb-headline-text\"><strong>Scurta prezentare video a clinicii noastre:<\/strong><\/h6>\n\n\n\n<figure class=\"wp-block-embed is-type-video is-provider-youtube wp-block-embed-youtube wp-embed-aspect-16-9 wp-has-aspect-ratio\"><div class=\"wp-block-embed__wrapper\">\n<div class=\"epyt-video-wrapper\"><div  id=\"_ytid_11750\"  width=\"1200\" height=\"675\"  data-origwidth=\"1200\" data-origheight=\"675\" data-facadesrc=\"https:\/\/www.youtube.com\/embed\/xCLeKWUmvK8?enablejsapi=1&#038;autoplay=0&#038;cc_load_policy=0&#038;cc_lang_pref=&#038;iv_load_policy=1&#038;loop=0&#038;rel=0&#038;fs=1&#038;playsinline=0&#038;autohide=2&#038;theme=dark&#038;color=red&#038;controls=1&#038;disablekb=0&#038;\" class=\"__youtube_prefs__ epyt-facade epyt-is-override  no-lazyload\" data-epautoplay=\"1\" ><img decoding=\"async\" data-spai-excluded=\"true\" class=\"epyt-facade-poster skip-lazy\" loading=\"lazy\"  alt=\"YouTube player\"  src=\"https:\/\/i.ytimg.com\/vi\/xCLeKWUmvK8\/maxresdefault.jpg\"  \/><button class=\"epyt-facade-play\" aria-label=\"Play\"><svg data-no-lazy=\"1\" height=\"100%\" version=\"1.1\" viewBox=\"0 0 68 48\" width=\"100%\"><path class=\"ytp-large-play-button-bg\" d=\"M66.52,7.74c-0.78-2.93-2.49-5.41-5.42-6.19C55.79,.13,34,0,34,0S12.21,.13,6.9,1.55 C3.97,2.33,2.27,4.81,1.48,7.74C0.06,13.05,0,24,0,24s0.06,10.95,1.48,16.26c0.78,2.93,2.49,5.41,5.42,6.19 C12.21,47.87,34,48,34,48s21.79-0.13,27.1-1.55c2.93-0.78,4.64-3.26,5.42-6.19C67.94,34.95,68,24,68,24S67.94,13.05,66.52,7.74z\" fill=\"#f00\"><\/path><path d=\"M 45,24 27,14 27,34\" fill=\"#fff\"><\/path><\/svg><\/button><\/div><\/div>\n<\/div><\/figure>\n\n\n\n<p class=\"has-text-align-center\">\u0218tim c\u0103 v\u0103 dori\u021bi s\u0103 g\u0103si\u021bi cea mai bun\u0103 cale de rezolvare a problemelor dumneavoastr\u0103 dentare, de aceea echipa noastr\u0103 de speciali\u0219ti este gata s\u0103 v\u0103 ajute.<\/p>\n\n\n<div class=\"gb-container gb-container-9ce8eccf\"><div class=\"gb-inside-container\">\n\n<div class=\"wp-block-buttons is-horizontal is-content-justification-center is-layout-flex wp-container-core-buttons-layout-2 wp-block-buttons-is-layout-flex\">\n<div class=\"wp-block-button is-style-outline main-button sg-popup-id-1058\"><a class=\"wp-block-button__link has-accent-color has-base-3-background-color has-text-color has-background wp-element-button\" style=\"border-radius:20px\"><meta charset=\"utf-8\">PROGRAMEAZ\u0102-TE<\/a><\/div>\n<\/div>\n\n<\/div><\/div>\n<\/div><\/div>","protected":false},"excerpt":{"rendered":"<p>Pedodon\u021bie Clinica Dentar\u0103 Victoria T\u00e2rgovi\u0219te \u00cen cadrul specializ\u0103rii de Pedodon\u021bie (stomatologie copii) din T\u00e2rgovi\u0219te, medicii stomatologi ajut\u0103 micu\u021bii pacien\u021bi s\u0103 scape de afec\u021biunile dentare oferindu-le solu\u021bii punctuale, f\u0103r\u0103 durere, astfel \u00eenc\u00e2t s\u0103 aib\u0103 o dantur\u0103 s\u0103n\u0103toas\u0103 \u0219i frumoas\u0103 la adolescen\u021b\u0103. Ce este pedodon\u021bia? Pedodon\u021bia este latura stomatologiei care se ocup\u0103 de s\u0103n\u0103tatea din\u021bilor copiilor din &#8230; <a title=\"Pedodon\u021bie\" class=\"read-more\" href=\"https:\/\/clinicavictoria.ro\/targoviste\/pedodontie\/\" aria-label=\"Read more about Pedodon\u021bie\">Read more<\/a><\/p>\n","protected":false},"author":3,"featured_media":2206,"parent":0,"menu_order":0,"comment_status":"closed","ping_status":"closed","template":"","meta":{"inline_featured_image":false,"footnotes":""},"yoast_head":"<!-- This site is optimized with the Yoast SEO plugin v23.5 - https:\/\/yoast.com\/wordpress\/plugins\/seo\/ -->\n<title>Pedodon\u021bie T\u00e2rgovi\u0219te | Clinica Dentar\u0103 Victoria<\/title>\n<meta name=\"description\" content=\"La Clinica Dentar\u0103 Victoria din T\u00e2rgovi\u0219te ajut\u0103m copii cu probleme stomatologice s\u0103 \u00ee\u0219i p\u0103streze din\u021bii s\u0103n\u0103to\u0219i c\u00e2t mai mult timp.\" \/>\n<meta name=\"robots\" content=\"index, follow, max-snippet:-1, max-image-preview:large, max-video-preview:-1\" \/>\n<link rel=\"canonical\" href=\"https:\/\/clinicavictoria.ro\/targoviste\/pedodontie\/\" \/>\n<meta property=\"og:locale\" content=\"en_US\" \/>\n<meta property=\"og:type\" content=\"article\" \/>\n<meta property=\"og:title\" content=\"Pedodon\u021bie T\u00e2rgovi\u0219te | Clinica Dentar\u0103 Victoria\" \/>\n<meta property=\"og:description\" content=\"La Clinica Dentar\u0103 Victoria din T\u00e2rgovi\u0219te ajut\u0103m copii cu probleme stomatologice s\u0103 \u00ee\u0219i p\u0103streze din\u021bii s\u0103n\u0103to\u0219i c\u00e2t mai mult timp.\" \/>\n<meta property=\"og:url\" content=\"https:\/\/clinicavictoria.ro\/targoviste\/pedodontie\/\" \/>\n<meta property=\"og:site_name\" content=\"Clinica dentar\u0103 Victoria - T\u00e2rgovi\u0219te\" \/>\n<meta property=\"article:modified_time\" content=\"2024-02-01T13:28:11+00:00\" \/>\n<meta property=\"og:image\" content=\"https:\/\/clinicavictoria.ro\/targoviste\/wp-content\/uploads\/2022\/08\/featured-image-chirurgie-dentara-RM-VALCEA-16.jpg\" \/>\n\t<meta property=\"og:image:width\" content=\"1080\" \/>\n\t<meta property=\"og:image:height\" content=\"1080\" \/>\n\t<meta property=\"og:image:type\" content=\"image\/jpeg\" \/>\n<meta name=\"twitter:card\" content=\"summary_large_image\" \/>\n<meta name=\"twitter:label1\" content=\"Est. reading time\" \/>\n\t<meta name=\"twitter:data1\" content=\"1 minute\" \/>\n<script type=\"application\/ld+json\" class=\"yoast-schema-graph\">{\"@context\":\"https:\/\/schema.org\",\"@graph\":[{\"@type\":\"WebPage\",\"@id\":\"https:\/\/clinicavictoria.ro\/targoviste\/pedodontie\/\",\"url\":\"https:\/\/clinicavictoria.ro\/targoviste\/pedodontie\/\",\"name\":\"Pedodon\u021bie T\u00e2rgovi\u0219te | Clinica Dentar\u0103 Victoria\",\"isPartOf\":{\"@id\":\"https:\/\/clinicavictoria.ro\/targoviste\/#website\"},\"primaryImageOfPage\":{\"@id\":\"https:\/\/clinicavictoria.ro\/targoviste\/pedodontie\/#primaryimage\"},\"image\":{\"@id\":\"https:\/\/clinicavictoria.ro\/targoviste\/pedodontie\/#primaryimage\"},\"thumbnailUrl\":\"https:\/\/clinicavictoria.ro\/targoviste\/wp-content\/uploads\/2022\/08\/featured-image-chirurgie-dentara-RM-VALCEA-16.jpg\",\"datePublished\":\"2022-05-20T09:28:23+00:00\",\"dateModified\":\"2024-02-01T13:28:11+00:00\",\"description\":\"La Clinica Dentar\u0103 Victoria din T\u00e2rgovi\u0219te ajut\u0103m copii cu probleme stomatologice s\u0103 \u00ee\u0219i p\u0103streze din\u021bii s\u0103n\u0103to\u0219i c\u00e2t mai mult timp.\",\"breadcrumb\":{\"@id\":\"https:\/\/clinicavictoria.ro\/targoviste\/pedodontie\/#breadcrumb\"},\"inLanguage\":\"en-US\",\"potentialAction\":[{\"@type\":\"ReadAction\",\"target\":[\"https:\/\/clinicavictoria.ro\/targoviste\/pedodontie\/\"]}]},{\"@type\":\"ImageObject\",\"inLanguage\":\"en-US\",\"@id\":\"https:\/\/clinicavictoria.ro\/targoviste\/pedodontie\/#primaryimage\",\"url\":\"https:\/\/clinicavictoria.ro\/targoviste\/wp-content\/uploads\/2022\/08\/featured-image-chirurgie-dentara-RM-VALCEA-16.jpg\",\"contentUrl\":\"https:\/\/clinicavictoria.ro\/targoviste\/wp-content\/uploads\/2022\/08\/featured-image-chirurgie-dentara-RM-VALCEA-16.jpg\",\"width\":1080,\"height\":1080,\"caption\":\"pedodontie targoviste\"},{\"@type\":\"BreadcrumbList\",\"@id\":\"https:\/\/clinicavictoria.ro\/targoviste\/pedodontie\/#breadcrumb\",\"itemListElement\":[{\"@type\":\"ListItem\",\"position\":1,\"name\":\"Home\",\"item\":\"https:\/\/clinicavictoria.ro\/targoviste\/\"},{\"@type\":\"ListItem\",\"position\":2,\"name\":\"Pedodon\u021bie\"}]},{\"@type\":\"WebSite\",\"@id\":\"https:\/\/clinicavictoria.ro\/targoviste\/#website\",\"url\":\"https:\/\/clinicavictoria.ro\/targoviste\/\",\"name\":\"Clinica dentar\u0103 Victoria - T\u00e2rgovi\u0219te\",\"description\":\"\",\"publisher\":{\"@id\":\"https:\/\/clinicavictoria.ro\/targoviste\/#organization\"},\"potentialAction\":[{\"@type\":\"SearchAction\",\"target\":{\"@type\":\"EntryPoint\",\"urlTemplate\":\"https:\/\/clinicavictoria.ro\/targoviste\/?s={search_term_string}\"},\"query-input\":{\"@type\":\"PropertyValueSpecification\",\"valueRequired\":true,\"valueName\":\"search_term_string\"}}],\"inLanguage\":\"en-US\"},{\"@type\":\"Organization\",\"@id\":\"https:\/\/clinicavictoria.ro\/targoviste\/#organization\",\"name\":\"Clinica dentar\u0103 Victoria - T\u00e2rgovi\u0219te\",\"url\":\"https:\/\/clinicavictoria.ro\/targoviste\/\",\"logo\":{\"@type\":\"ImageObject\",\"inLanguage\":\"en-US\",\"@id\":\"https:\/\/clinicavictoria.ro\/targoviste\/#\/schema\/logo\/image\/\",\"url\":\"https:\/\/clinicavictoria.ro\/targoviste\/wp-content\/uploads\/2022\/08\/logo_clinicavictoria_tr.png\",\"contentUrl\":\"https:\/\/clinicavictoria.ro\/targoviste\/wp-content\/uploads\/2022\/08\/logo_clinicavictoria_tr.png\",\"width\":700,\"height\":190,\"caption\":\"Clinica dentar\u0103 Victoria - T\u00e2rgovi\u0219te\"},\"image\":{\"@id\":\"https:\/\/clinicavictoria.ro\/targoviste\/#\/schema\/logo\/image\/\"}}]}<\/script>\n<!-- \/ Yoast SEO plugin. -->","yoast_head_json":{"title":"Pedodon\u021bie T\u00e2rgovi\u0219te | Clinica Dentar\u0103 Victoria","description":"La Clinica Dentar\u0103 Victoria din T\u00e2rgovi\u0219te ajut\u0103m copii cu probleme stomatologice s\u0103 \u00ee\u0219i p\u0103streze din\u021bii s\u0103n\u0103to\u0219i c\u00e2t mai mult timp.","robots":{"index":"index","follow":"follow","max-snippet":"max-snippet:-1","max-image-preview":"max-image-preview:large","max-video-preview":"max-video-preview:-1"},"canonical":"https:\/\/clinicavictoria.ro\/targoviste\/pedodontie\/","og_locale":"en_US","og_type":"article","og_title":"Pedodon\u021bie T\u00e2rgovi\u0219te | Clinica Dentar\u0103 Victoria","og_description":"La Clinica Dentar\u0103 Victoria din T\u00e2rgovi\u0219te ajut\u0103m copii cu probleme stomatologice s\u0103 \u00ee\u0219i p\u0103streze din\u021bii s\u0103n\u0103to\u0219i c\u00e2t mai mult timp.","og_url":"https:\/\/clinicavictoria.ro\/targoviste\/pedodontie\/","og_site_name":"Clinica dentar\u0103 Victoria - T\u00e2rgovi\u0219te","article_modified_time":"2024-02-01T13:28:11+00:00","og_image":[{"width":1080,"height":1080,"url":"https:\/\/clinicavictoria.ro\/targoviste\/wp-content\/uploads\/2022\/08\/featured-image-chirurgie-dentara-RM-VALCEA-16.jpg","type":"image\/jpeg"}],"twitter_card":"summary_large_image","twitter_misc":{"Est. reading time":"1 minute"},"schema":{"@context":"https:\/\/schema.org","@graph":[{"@type":"WebPage","@id":"https:\/\/clinicavictoria.ro\/targoviste\/pedodontie\/","url":"https:\/\/clinicavictoria.ro\/targoviste\/pedodontie\/","name":"Pedodon\u021bie T\u00e2rgovi\u0219te | Clinica Dentar\u0103 Victoria","isPartOf":{"@id":"https:\/\/clinicavictoria.ro\/targoviste\/#website"},"primaryImageOfPage":{"@id":"https:\/\/clinicavictoria.ro\/targoviste\/pedodontie\/#primaryimage"},"image":{"@id":"https:\/\/clinicavictoria.ro\/targoviste\/pedodontie\/#primaryimage"},"thumbnailUrl":"https:\/\/clinicavictoria.ro\/targoviste\/wp-content\/uploads\/2022\/08\/featured-image-chirurgie-dentara-RM-VALCEA-16.jpg","datePublished":"2022-05-20T09:28:23+00:00","dateModified":"2024-02-01T13:28:11+00:00","description":"La Clinica Dentar\u0103 Victoria din T\u00e2rgovi\u0219te ajut\u0103m copii cu probleme stomatologice s\u0103 \u00ee\u0219i p\u0103streze din\u021bii s\u0103n\u0103to\u0219i c\u00e2t mai mult timp.","breadcrumb":{"@id":"https:\/\/clinicavictoria.ro\/targoviste\/pedodontie\/#breadcrumb"},"inLanguage":"en-US","potentialAction":[{"@type":"ReadAction","target":["https:\/\/clinicavictoria.ro\/targoviste\/pedodontie\/"]}]},{"@type":"ImageObject","inLanguage":"en-US","@id":"https:\/\/clinicavictoria.ro\/targoviste\/pedodontie\/#primaryimage","url":"https:\/\/clinicavictoria.ro\/targoviste\/wp-content\/uploads\/2022\/08\/featured-image-chirurgie-dentara-RM-VALCEA-16.jpg","contentUrl":"https:\/\/clinicavictoria.ro\/targoviste\/wp-content\/uploads\/2022\/08\/featured-image-chirurgie-dentara-RM-VALCEA-16.jpg","width":1080,"height":1080,"caption":"pedodontie targoviste"},{"@type":"BreadcrumbList","@id":"https:\/\/clinicavictoria.ro\/targoviste\/pedodontie\/#breadcrumb","itemListElement":[{"@type":"ListItem","position":1,"name":"Home","item":"https:\/\/clinicavictoria.ro\/targoviste\/"},{"@type":"ListItem","position":2,"name":"Pedodon\u021bie"}]},{"@type":"WebSite","@id":"https:\/\/clinicavictoria.ro\/targoviste\/#website","url":"https:\/\/clinicavictoria.ro\/targoviste\/","name":"Clinica dentar\u0103 Victoria - T\u00e2rgovi\u0219te","description":"","publisher":{"@id":"https:\/\/clinicavictoria.ro\/targoviste\/#organization"},"potentialAction":[{"@type":"SearchAction","target":{"@type":"EntryPoint","urlTemplate":"https:\/\/clinicavictoria.ro\/targoviste\/?s={search_term_string}"},"query-input":{"@type":"PropertyValueSpecification","valueRequired":true,"valueName":"search_term_string"}}],"inLanguage":"en-US"},{"@type":"Organization","@id":"https:\/\/clinicavictoria.ro\/targoviste\/#organization","name":"Clinica dentar\u0103 Victoria - T\u00e2rgovi\u0219te","url":"https:\/\/clinicavictoria.ro\/targoviste\/","logo":{"@type":"ImageObject","inLanguage":"en-US","@id":"https:\/\/clinicavictoria.ro\/targoviste\/#\/schema\/logo\/image\/","url":"https:\/\/clinicavictoria.ro\/targoviste\/wp-content\/uploads\/2022\/08\/logo_clinicavictoria_tr.png","contentUrl":"https:\/\/clinicavictoria.ro\/targoviste\/wp-content\/uploads\/2022\/08\/logo_clinicavictoria_tr.png","width":700,"height":190,"caption":"Clinica dentar\u0103 Victoria - T\u00e2rgovi\u0219te"},"image":{"@id":"https:\/\/clinicavictoria.ro\/targoviste\/#\/schema\/logo\/image\/"}}]}},"_links":{"self":[{"href":"https:\/\/clinicavictoria.ro\/targoviste\/wp-json\/wp\/v2\/pages\/1756"}],"collection":[{"href":"https:\/\/clinicavictoria.ro\/targoviste\/wp-json\/wp\/v2\/pages"}],"about":[{"href":"https:\/\/clinicavictoria.ro\/targoviste\/wp-json\/wp\/v2\/types\/page"}],"author":[{"embeddable":true,"href":"https:\/\/clinicavictoria.ro\/targoviste\/wp-json\/wp\/v2\/users\/3"}],"replies":[{"embeddable":true,"href":"https:\/\/clinicavictoria.ro\/targoviste\/wp-json\/wp\/v2\/comments?post=1756"}],"version-history":[{"count":19,"href":"https:\/\/clinicavictoria.ro\/targoviste\/wp-json\/wp\/v2\/pages\/1756\/revisions"}],"predecessor-version":[{"id":2395,"href":"https:\/\/clinicavictoria.ro\/targoviste\/wp-json\/wp\/v2\/pages\/1756\/revisions\/2395"}],"wp:featuredmedia":[{"embeddable":true,"href":"https:\/\/clinicavictoria.ro\/targoviste\/wp-json\/wp\/v2\/media\/2206"}],"wp:attachment":[{"href":"https:\/\/clinicavictoria.ro\/targoviste\/wp-json\/wp\/v2\/media?parent=1756"}],"curies":[{"name":"wp","href":"https:\/\/api.w.org\/{rel}","templated":true}]}}