{"id":1746,"date":"2022-05-20T12:18:49","date_gmt":"2022-05-20T09:18:49","guid":{"rendered":"https:\/\/clinicavictoria.ro\/targoviste\/?page_id=1746"},"modified":"2024-04-23T11:44:21","modified_gmt":"2024-04-23T08:44:21","slug":"ortodontie","status":"publish","type":"page","link":"https:\/\/clinicavictoria.ro\/targoviste\/ortodontie\/","title":{"rendered":"Ortodon\u021bie"},"content":{"rendered":"<div class=\"gb-container gb-container-faede559\"><div class=\"gb-inside-container\">\n\n<h1 class=\"gb-headline gb-headline-1f5c767b gb-headline-text\">Ortodon\u021bie<\/h1>\n\n\n\n<div class=\"line-separator\"><\/div>\n\n\n\n<h6 class=\"gb-headline gb-headline-d4b56e91 gb-headline-text\"><strong><strong>Clinica Dentar\u0103 Victoria T\u00e2rgovi\u0219te<\/strong><\/strong><\/h6>\n\n\n\n<p class=\"has-text-align-center\">\u00cen cadrul specializ\u0103rii de Ortodon\u021bie din T\u00e2rgovi\u0219te, medicii denti\u0219ti de la Clinica Stomatologic\u0103 Victoria sunt al\u0103turi de fiecare pacient pentru a-\u0219i rezolva afec\u021biunile ortodontice, ajut\u00e2ndu-l s\u0103 \u00ee\u0219i recapete dantura \u0219i z\u00e2mbetul dorit.<\/p>\n\n\n<div class=\"wp-block-image\">\n<figure class=\"aligncenter size-full\"><img loading=\"lazy\" decoding=\"async\" width=\"1200\" height=\"600\" src=\"https:\/\/clinicavictoria.ro\/targoviste\/wp-content\/uploads\/2022\/08\/ortodontie-targoviste.webp\" alt=\"ortodontie targoviste\" class=\"wp-image-2233\" srcset=\"https:\/\/clinicavictoria.ro\/targoviste\/wp-content\/uploads\/2022\/08\/ortodontie-targoviste.webp 1200w, https:\/\/clinicavictoria.ro\/targoviste\/wp-content\/uploads\/2022\/08\/ortodontie-targoviste-300x150.webp 300w, https:\/\/clinicavictoria.ro\/targoviste\/wp-content\/uploads\/2022\/08\/ortodontie-targoviste-1024x512.webp 1024w, https:\/\/clinicavictoria.ro\/targoviste\/wp-content\/uploads\/2022\/08\/ortodontie-targoviste-768x384.webp 768w\" sizes=\"(max-width: 1200px) 100vw, 1200px\" \/><\/figure><\/div>\n\n\n<div style=\"height:10px\" aria-hidden=\"true\" class=\"wp-block-spacer\"><\/div>\n\n\n\n<h5 class=\"gb-headline gb-headline-3dba0a8b gb-headline-text\"><strong>Ce este ortodon\u021bia?<\/strong><\/h5>\n\n\n\n<p>Ortodon\u021bia reprezint\u0103 \u00eendreptarea \u0219i corectarea pozi\u021biei din\u021bilor. Afec\u021biunile de acest gen sunt frecvente la copii \u0219i adolescen\u021bi. P\u0103rin\u021bii trebuie s\u0103 fie foarte aten\u021bi cu din\u021bii copiilor lor \u0219i s\u0103-i \u00eendrume \u0219i \u00eenve\u021be \u00eenc\u0103 de mici s\u0103 \u00ee\u0219i \u00eengrijeasc\u0103 din\u021bii, pentru a nu apela mai t\u00e2rziu la diverse proceduri stomatologice nedorite, cum ar fi aparat dentar (ortodontic), protetic\u0103, chirurgie oro-dentar\u0103 sau chiar implant dentar.<\/p>\n\n\n\n<h5 class=\"gb-headline gb-headline-347b8bde gb-headline-text\"><strong>Care este scopul aparatelor dentare (ortodontice)?<\/strong><\/h5>\n\n\n\n<p>\u00cenghesuirile \u0219i ocluziile dentare incorecte afecteaz\u0103 \u00een timp s\u0103n\u0103tatea din\u021bilor, a gingiilor \u0219i a articula\u021biei temporo-mandibulare. O mastica\u021bie deficitar\u0103 poate avea urm\u0103ri asupra integrit\u0103\u021bii tubului digestiv.<\/p>\n\n\n\n<p>Progresul tehnicii \u00een ortodon\u021bie permite ast\u0103zi corectarea spectaculoas\u0103, f\u0103r\u0103 durere a anomaliilor dento-maxilare. Aparatele dentare (ortodontice) sunt aproape invizibile, realizate din materiale translucide, de culoarea din\u021bilor.<\/p>\n\n\n\n<p>\u00cen timpul copil\u0103riei \u0219i adolescen\u021bei, oasele maxilare cresc \u0219i se maturizeaz\u0103, de aceea este mai u\u0219or de modificat pozi\u021bia din\u021bilor \u00een aceast\u0103 etap\u0103.<\/p>\n\n\n\n<h5 class=\"gb-headline gb-headline-5377560a gb-headline-text\"><strong><strong>Ortodon\u021bia pentru adul\u021bi<\/strong><\/strong><\/h5>\n\n\n\n<p>\u00cen cazul adul\u021bilor, aplicarea tratamentului ortodontic poate s\u0103 dureze mai mult, deoarece oasele maxilare \u0219i-au \u00eentrerupt cre\u0219terea.<\/p>\n\n\n\n<p>Tratamentul dentar este recomandat deoarece pe termen lung afec\u021biunile netratate pot duce la apari\u021bia unor defecte de vorbire, predispozi\u021bie pentru formarea tartrului, care este un preambul al cariilor.<\/p>\n\n\n\n<p class=\"has-text-align-center\">Dot\u0103rile tehnologice de ultim\u0103 genera\u021bie \u0219i personalul medical cu experien\u021b\u0103 v\u0103 vor asigura planuri de tratament ortodontice cu maxim de confort, siguran\u021b\u0103 \u0219i eficien\u021b\u0103.<\/p>\n\n<\/div><\/div>\n\n\n<div style=\"height:32px\" aria-hidden=\"true\" class=\"wp-block-spacer\"><\/div>\n\n\n<div class=\"gb-container gb-container-c87d64e3\"><div class=\"gb-inside-container\">\n\n<p class=\"has-text-align-center\">Programa\u021bi-v\u0103 pentru o consulta\u021bie ini\u021bial\u0103 \u00een clinica noastr\u0103 \u0219i noi v\u0103 garant\u0103m c\u0103 ve\u021bi beneficia de toat\u0103 aten\u021bia echipei noastre medicale.<\/p>\n\n\n\n<p class=\"has-text-align-center\">Pentru program\u0103ri, apela\u021bi:<\/p>\n\n\n\n<h3 class=\"gb-headline gb-headline-a8d8c91b gb-headline-text\"><strong><a href=\"tel:0345 404 409\">0345 404 409<\/a><\/strong><\/h3>\n\n<\/div><\/div>\n\n\n<p class=\"has-text-align-center\">sau ap\u0103sa\u021bi butonul de mai jos:<\/p>\n\n\n\n<div class=\"wp-block-buttons is-horizontal is-content-justification-center is-layout-flex wp-container-core-buttons-layout-1 wp-block-buttons-is-layout-flex\">\n<div class=\"wp-block-button main-button is-style-outline sg-popup-id-1058\"><a class=\"wp-block-button__link has-accent-color has-base-3-background-color has-text-color has-background wp-element-button\">PROGRAMEAZ\u0102-TE<\/a><\/div>\n<\/div>\n\n\n\n<div style=\"height:32px\" aria-hidden=\"true\" class=\"wp-block-spacer\"><\/div>\n\n\n\n<h5 class=\"gb-headline gb-headline-d6af14f6 gb-headline-text\"><strong><strong>Avantajele de a beneficia de toate serviciile dentare \u00eentr-o sigur\u0103 loca\u021bie.<\/strong><\/strong><\/h5>\n\n\n\n<p>Un sistem complet de servicii \u00een aceea\u0219i loca\u021bie acoper\u0103 toate nevoile \u0219i problemele posibile ale pacientului, f\u0103r\u0103 a-l pune pe drumuri. Pe de alt\u0103 parte, un singur aspect terapeutic poate fi privit \u00een ansamblu de mai mul\u021bi speciali\u0219ti, din mai multe unghiuri, astfel \u00eenc\u00e2t pacientul s\u0103 nu \u00ee\u0219i pun\u0103 problema dac\u0103 a primit cel mai bun sfat sau cel mai bun plan de tratament, \u00eentruc\u00e2t \u00een cadrul clinicilor Victoria poate beneficia si de opinia medicului chirurg, \u0219i de cea a medicului ortodont, endodont, sau de alte specialit\u0103\u021bi, pl\u0103tind doar pentru o singur\u0103 consulta\u021bie.<\/p>\n\n\n\n<div style=\"height:32px\" aria-hidden=\"true\" class=\"wp-block-spacer\"><\/div>\n\n\n<div class=\"gb-container gb-container-c72f458e\"><div class=\"gb-inside-container\">\n\n<h5 class=\"gb-headline gb-headline-95b090dd gb-headline-text\"><strong>Pre\u021buri<\/strong><\/h5>\n\n\n\n<figure class=\"wp-block-table is-style-stripes styled-table\"><table><thead><tr><th class=\"has-text-align-left\" data-align=\"left\"><strong>Nume Serviciu<\/strong><\/th><th class=\"has-text-align-center\" data-align=\"center\"><strong>Pre<strong>\u021b<\/strong> (Lei)<\/strong><\/th><\/tr><\/thead><tbody><tr><td class=\"has-text-align-left\" data-align=\"left\">Aparat fix ceramic\/arcad\u0103<\/td><td class=\"has-text-align-center\" data-align=\"center\">2900<\/td><\/tr><tr><td class=\"has-text-align-left\" data-align=\"left\">Aparat fix metalic\/arcad\u0103<\/td><td class=\"has-text-align-center\" data-align=\"center\">2200<\/td><\/tr><tr><td class=\"has-text-align-left\" data-align=\"left\"><meta charset=\"utf-8\">Aparat fix safir\/arcad\u0103<\/td><td class=\"has-text-align-center\" data-align=\"center\">3400<\/td><\/tr><tr><td class=\"has-text-align-left\" data-align=\"left\">Consulta\u021bie ortodon\u021bie<\/td><td class=\"has-text-align-center\" data-align=\"center\">100<\/td><\/tr><tr><td class=\"has-text-align-left\" data-align=\"left\">Control aparat fix\/arcad\u0103<\/td><td class=\"has-text-align-center\" data-align=\"center\"><meta charset=\"utf-8\">85<\/td><\/tr><tr><td class=\"has-text-align-left\" data-align=\"left\">Control disjunctor<\/td><td class=\"has-text-align-center\" data-align=\"center\">40<\/td><\/tr><\/tbody><\/table><\/figure>\n\n<\/div><\/div>\n\n\n<p>Pentru alte servicii de ortodon\u021bie care nu se afl\u0103 \u00een aceast\u0103 list\u0103, v\u0103 rug\u0103m s\u0103 contacta\u021bi colegele noastre din clinic\u0103 la num\u0103rul de telefon <strong><a href=\"tel:0345 404 409\">0345 404 409<\/a><\/strong>.<\/p>\n\n\n\n<div style=\"height:32px\" aria-hidden=\"true\" class=\"wp-block-spacer\"><\/div>\n\n\n<div class=\"gb-container gb-container-ee1bd535\"><div class=\"gb-inside-container\">\n\n<h6 class=\"gb-headline gb-headline-e273090e gb-headline-text\"><strong>Scurta prezentare video a clinicii noastre:<\/strong><\/h6>\n\n\n\n<figure class=\"wp-block-embed is-type-video is-provider-youtube wp-block-embed-youtube wp-embed-aspect-16-9 wp-has-aspect-ratio\"><div class=\"wp-block-embed__wrapper\">\n<div class=\"epyt-video-wrapper\"><div  id=\"_ytid_65621\"  width=\"1200\" height=\"675\"  data-origwidth=\"1200\" data-origheight=\"675\" data-facadesrc=\"https:\/\/www.youtube.com\/embed\/xCLeKWUmvK8?enablejsapi=1&#038;autoplay=0&#038;cc_load_policy=0&#038;cc_lang_pref=&#038;iv_load_policy=1&#038;loop=0&#038;rel=0&#038;fs=1&#038;playsinline=0&#038;autohide=2&#038;theme=dark&#038;color=red&#038;controls=1&#038;disablekb=0&#038;\" class=\"__youtube_prefs__ epyt-facade epyt-is-override  no-lazyload\" data-epautoplay=\"1\" ><img decoding=\"async\" data-spai-excluded=\"true\" class=\"epyt-facade-poster skip-lazy\" loading=\"lazy\"  alt=\"YouTube player\"  src=\"https:\/\/i.ytimg.com\/vi\/xCLeKWUmvK8\/maxresdefault.jpg\"  \/><button class=\"epyt-facade-play\" aria-label=\"Play\"><svg data-no-lazy=\"1\" height=\"100%\" version=\"1.1\" viewBox=\"0 0 68 48\" width=\"100%\"><path class=\"ytp-large-play-button-bg\" d=\"M66.52,7.74c-0.78-2.93-2.49-5.41-5.42-6.19C55.79,.13,34,0,34,0S12.21,.13,6.9,1.55 C3.97,2.33,2.27,4.81,1.48,7.74C0.06,13.05,0,24,0,24s0.06,10.95,1.48,16.26c0.78,2.93,2.49,5.41,5.42,6.19 C12.21,47.87,34,48,34,48s21.79-0.13,27.1-1.55c2.93-0.78,4.64-3.26,5.42-6.19C67.94,34.95,68,24,68,24S67.94,13.05,66.52,7.74z\" fill=\"#f00\"><\/path><path d=\"M 45,24 27,14 27,34\" fill=\"#fff\"><\/path><\/svg><\/button><\/div><\/div>\n<\/div><\/figure>\n\n\n\n<p class=\"has-text-align-center\">\u0218tim c\u0103 v\u0103 dori\u021bi s\u0103 g\u0103si\u021bi cea mai bun\u0103 cale de rezolvare a problemelor dumneavoastr\u0103 dentare, de aceea echipa noastr\u0103 de speciali\u0219ti este gata s\u0103 v\u0103 ajute.<\/p>\n\n\n<div class=\"gb-container gb-container-9ce8eccf\"><div class=\"gb-inside-container\">\n\n<div class=\"wp-block-buttons is-horizontal is-content-justification-center is-layout-flex wp-container-core-buttons-layout-2 wp-block-buttons-is-layout-flex\">\n<div class=\"wp-block-button is-style-outline main-button sg-popup-id-1058\"><a class=\"wp-block-button__link has-accent-color has-base-3-background-color has-text-color has-background wp-element-button\" style=\"border-radius:20px\"><meta charset=\"utf-8\">PROGRAMEAZ\u0102-TE<\/a><\/div>\n<\/div>\n\n<\/div><\/div>\n<\/div><\/div>","protected":false},"excerpt":{"rendered":"<p>Ortodon\u021bie Clinica Dentar\u0103 Victoria T\u00e2rgovi\u0219te \u00cen cadrul specializ\u0103rii de Ortodon\u021bie din T\u00e2rgovi\u0219te, medicii denti\u0219ti de la Clinica Stomatologic\u0103 Victoria sunt al\u0103turi de fiecare pacient pentru a-\u0219i rezolva afec\u021biunile ortodontice, ajut\u00e2ndu-l s\u0103 \u00ee\u0219i recapete dantura \u0219i z\u00e2mbetul dorit. Ce este ortodon\u021bia? Ortodon\u021bia reprezint\u0103 \u00eendreptarea \u0219i corectarea pozi\u021biei din\u021bilor. Afec\u021biunile de acest gen sunt frecvente la copii &#8230; <a title=\"Ortodon\u021bie\" class=\"read-more\" href=\"https:\/\/clinicavictoria.ro\/targoviste\/ortodontie\/\" aria-label=\"Read more about Ortodon\u021bie\">Read more<\/a><\/p>\n","protected":false},"author":3,"featured_media":2202,"parent":0,"menu_order":0,"comment_status":"closed","ping_status":"closed","template":"","meta":{"inline_featured_image":false,"footnotes":""},"yoast_head":"<!-- This site is optimized with the Yoast SEO plugin v23.5 - https:\/\/yoast.com\/wordpress\/plugins\/seo\/ -->\n<title>Ortodon\u021bie T\u00e2rgovi\u0219te | Clinica Dentar\u0103 Victoria<\/title>\n<meta name=\"description\" content=\"Clinica stomatologic\u0103 Victoria din T\u00e2rgovi\u0219te ofer\u0103 pacien\u021bilor op\u021biunea aparatelor dentare (ortodontice) cu maxim de confort \u0219i siguran\u021b\u0103.\" \/>\n<meta name=\"robots\" content=\"index, follow, max-snippet:-1, max-image-preview:large, max-video-preview:-1\" \/>\n<link rel=\"canonical\" href=\"https:\/\/clinicavictoria.ro\/targoviste\/ortodontie\/\" \/>\n<meta property=\"og:locale\" content=\"en_US\" \/>\n<meta property=\"og:type\" content=\"article\" \/>\n<meta property=\"og:title\" content=\"Ortodon\u021bie T\u00e2rgovi\u0219te | Clinica Dentar\u0103 Victoria\" \/>\n<meta property=\"og:description\" content=\"Clinica stomatologic\u0103 Victoria din T\u00e2rgovi\u0219te ofer\u0103 pacien\u021bilor op\u021biunea aparatelor dentare (ortodontice) cu maxim de confort \u0219i siguran\u021b\u0103.\" \/>\n<meta property=\"og:url\" content=\"https:\/\/clinicavictoria.ro\/targoviste\/ortodontie\/\" \/>\n<meta property=\"og:site_name\" content=\"Clinica dentar\u0103 Victoria - T\u00e2rgovi\u0219te\" \/>\n<meta property=\"article:modified_time\" content=\"2024-04-23T08:44:21+00:00\" \/>\n<meta property=\"og:image\" content=\"https:\/\/clinicavictoria.ro\/targoviste\/wp-content\/uploads\/2022\/08\/featured-image-chirurgie-dentara-RM-VALCEA-15.jpg\" \/>\n\t<meta property=\"og:image:width\" content=\"1080\" \/>\n\t<meta property=\"og:image:height\" content=\"1080\" \/>\n\t<meta property=\"og:image:type\" content=\"image\/jpeg\" \/>\n<meta name=\"twitter:card\" content=\"summary_large_image\" \/>\n<meta name=\"twitter:label1\" content=\"Est. reading time\" \/>\n\t<meta name=\"twitter:data1\" content=\"3 minutes\" \/>\n<script type=\"application\/ld+json\" class=\"yoast-schema-graph\">{\"@context\":\"https:\/\/schema.org\",\"@graph\":[{\"@type\":\"WebPage\",\"@id\":\"https:\/\/clinicavictoria.ro\/targoviste\/ortodontie\/\",\"url\":\"https:\/\/clinicavictoria.ro\/targoviste\/ortodontie\/\",\"name\":\"Ortodon\u021bie T\u00e2rgovi\u0219te | Clinica Dentar\u0103 Victoria\",\"isPartOf\":{\"@id\":\"https:\/\/clinicavictoria.ro\/targoviste\/#website\"},\"primaryImageOfPage\":{\"@id\":\"https:\/\/clinicavictoria.ro\/targoviste\/ortodontie\/#primaryimage\"},\"image\":{\"@id\":\"https:\/\/clinicavictoria.ro\/targoviste\/ortodontie\/#primaryimage\"},\"thumbnailUrl\":\"https:\/\/clinicavictoria.ro\/targoviste\/wp-content\/uploads\/2022\/08\/featured-image-chirurgie-dentara-RM-VALCEA-15.jpg\",\"datePublished\":\"2022-05-20T09:18:49+00:00\",\"dateModified\":\"2024-04-23T08:44:21+00:00\",\"description\":\"Clinica stomatologic\u0103 Victoria din T\u00e2rgovi\u0219te ofer\u0103 pacien\u021bilor op\u021biunea aparatelor dentare (ortodontice) cu maxim de confort \u0219i siguran\u021b\u0103.\",\"breadcrumb\":{\"@id\":\"https:\/\/clinicavictoria.ro\/targoviste\/ortodontie\/#breadcrumb\"},\"inLanguage\":\"en-US\",\"potentialAction\":[{\"@type\":\"ReadAction\",\"target\":[\"https:\/\/clinicavictoria.ro\/targoviste\/ortodontie\/\"]}]},{\"@type\":\"ImageObject\",\"inLanguage\":\"en-US\",\"@id\":\"https:\/\/clinicavictoria.ro\/targoviste\/ortodontie\/#primaryimage\",\"url\":\"https:\/\/clinicavictoria.ro\/targoviste\/wp-content\/uploads\/2022\/08\/featured-image-chirurgie-dentara-RM-VALCEA-15.jpg\",\"contentUrl\":\"https:\/\/clinicavictoria.ro\/targoviste\/wp-content\/uploads\/2022\/08\/featured-image-chirurgie-dentara-RM-VALCEA-15.jpg\",\"width\":1080,\"height\":1080,\"caption\":\"ortodontie targoviste\"},{\"@type\":\"BreadcrumbList\",\"@id\":\"https:\/\/clinicavictoria.ro\/targoviste\/ortodontie\/#breadcrumb\",\"itemListElement\":[{\"@type\":\"ListItem\",\"position\":1,\"name\":\"Home\",\"item\":\"https:\/\/clinicavictoria.ro\/targoviste\/\"},{\"@type\":\"ListItem\",\"position\":2,\"name\":\"Ortodon\u021bie\"}]},{\"@type\":\"WebSite\",\"@id\":\"https:\/\/clinicavictoria.ro\/targoviste\/#website\",\"url\":\"https:\/\/clinicavictoria.ro\/targoviste\/\",\"name\":\"Clinica dentar\u0103 Victoria - T\u00e2rgovi\u0219te\",\"description\":\"\",\"publisher\":{\"@id\":\"https:\/\/clinicavictoria.ro\/targoviste\/#organization\"},\"potentialAction\":[{\"@type\":\"SearchAction\",\"target\":{\"@type\":\"EntryPoint\",\"urlTemplate\":\"https:\/\/clinicavictoria.ro\/targoviste\/?s={search_term_string}\"},\"query-input\":{\"@type\":\"PropertyValueSpecification\",\"valueRequired\":true,\"valueName\":\"search_term_string\"}}],\"inLanguage\":\"en-US\"},{\"@type\":\"Organization\",\"@id\":\"https:\/\/clinicavictoria.ro\/targoviste\/#organization\",\"name\":\"Clinica dentar\u0103 Victoria - T\u00e2rgovi\u0219te\",\"url\":\"https:\/\/clinicavictoria.ro\/targoviste\/\",\"logo\":{\"@type\":\"ImageObject\",\"inLanguage\":\"en-US\",\"@id\":\"https:\/\/clinicavictoria.ro\/targoviste\/#\/schema\/logo\/image\/\",\"url\":\"https:\/\/clinicavictoria.ro\/targoviste\/wp-content\/uploads\/2022\/08\/logo_clinicavictoria_tr.png\",\"contentUrl\":\"https:\/\/clinicavictoria.ro\/targoviste\/wp-content\/uploads\/2022\/08\/logo_clinicavictoria_tr.png\",\"width\":700,\"height\":190,\"caption\":\"Clinica dentar\u0103 Victoria - T\u00e2rgovi\u0219te\"},\"image\":{\"@id\":\"https:\/\/clinicavictoria.ro\/targoviste\/#\/schema\/logo\/image\/\"}}]}<\/script>\n<!-- \/ Yoast SEO plugin. -->","yoast_head_json":{"title":"Ortodon\u021bie T\u00e2rgovi\u0219te | Clinica Dentar\u0103 Victoria","description":"Clinica stomatologic\u0103 Victoria din T\u00e2rgovi\u0219te ofer\u0103 pacien\u021bilor op\u021biunea aparatelor dentare (ortodontice) cu maxim de confort \u0219i siguran\u021b\u0103.","robots":{"index":"index","follow":"follow","max-snippet":"max-snippet:-1","max-image-preview":"max-image-preview:large","max-video-preview":"max-video-preview:-1"},"canonical":"https:\/\/clinicavictoria.ro\/targoviste\/ortodontie\/","og_locale":"en_US","og_type":"article","og_title":"Ortodon\u021bie T\u00e2rgovi\u0219te | Clinica Dentar\u0103 Victoria","og_description":"Clinica stomatologic\u0103 Victoria din T\u00e2rgovi\u0219te ofer\u0103 pacien\u021bilor op\u021biunea aparatelor dentare (ortodontice) cu maxim de confort \u0219i siguran\u021b\u0103.","og_url":"https:\/\/clinicavictoria.ro\/targoviste\/ortodontie\/","og_site_name":"Clinica dentar\u0103 Victoria - T\u00e2rgovi\u0219te","article_modified_time":"2024-04-23T08:44:21+00:00","og_image":[{"width":1080,"height":1080,"url":"https:\/\/clinicavictoria.ro\/targoviste\/wp-content\/uploads\/2022\/08\/featured-image-chirurgie-dentara-RM-VALCEA-15.jpg","type":"image\/jpeg"}],"twitter_card":"summary_large_image","twitter_misc":{"Est. reading time":"3 minutes"},"schema":{"@context":"https:\/\/schema.org","@graph":[{"@type":"WebPage","@id":"https:\/\/clinicavictoria.ro\/targoviste\/ortodontie\/","url":"https:\/\/clinicavictoria.ro\/targoviste\/ortodontie\/","name":"Ortodon\u021bie T\u00e2rgovi\u0219te | Clinica Dentar\u0103 Victoria","isPartOf":{"@id":"https:\/\/clinicavictoria.ro\/targoviste\/#website"},"primaryImageOfPage":{"@id":"https:\/\/clinicavictoria.ro\/targoviste\/ortodontie\/#primaryimage"},"image":{"@id":"https:\/\/clinicavictoria.ro\/targoviste\/ortodontie\/#primaryimage"},"thumbnailUrl":"https:\/\/clinicavictoria.ro\/targoviste\/wp-content\/uploads\/2022\/08\/featured-image-chirurgie-dentara-RM-VALCEA-15.jpg","datePublished":"2022-05-20T09:18:49+00:00","dateModified":"2024-04-23T08:44:21+00:00","description":"Clinica stomatologic\u0103 Victoria din T\u00e2rgovi\u0219te ofer\u0103 pacien\u021bilor op\u021biunea aparatelor dentare (ortodontice) cu maxim de confort \u0219i siguran\u021b\u0103.","breadcrumb":{"@id":"https:\/\/clinicavictoria.ro\/targoviste\/ortodontie\/#breadcrumb"},"inLanguage":"en-US","potentialAction":[{"@type":"ReadAction","target":["https:\/\/clinicavictoria.ro\/targoviste\/ortodontie\/"]}]},{"@type":"ImageObject","inLanguage":"en-US","@id":"https:\/\/clinicavictoria.ro\/targoviste\/ortodontie\/#primaryimage","url":"https:\/\/clinicavictoria.ro\/targoviste\/wp-content\/uploads\/2022\/08\/featured-image-chirurgie-dentara-RM-VALCEA-15.jpg","contentUrl":"https:\/\/clinicavictoria.ro\/targoviste\/wp-content\/uploads\/2022\/08\/featured-image-chirurgie-dentara-RM-VALCEA-15.jpg","width":1080,"height":1080,"caption":"ortodontie targoviste"},{"@type":"BreadcrumbList","@id":"https:\/\/clinicavictoria.ro\/targoviste\/ortodontie\/#breadcrumb","itemListElement":[{"@type":"ListItem","position":1,"name":"Home","item":"https:\/\/clinicavictoria.ro\/targoviste\/"},{"@type":"ListItem","position":2,"name":"Ortodon\u021bie"}]},{"@type":"WebSite","@id":"https:\/\/clinicavictoria.ro\/targoviste\/#website","url":"https:\/\/clinicavictoria.ro\/targoviste\/","name":"Clinica dentar\u0103 Victoria - T\u00e2rgovi\u0219te","description":"","publisher":{"@id":"https:\/\/clinicavictoria.ro\/targoviste\/#organization"},"potentialAction":[{"@type":"SearchAction","target":{"@type":"EntryPoint","urlTemplate":"https:\/\/clinicavictoria.ro\/targoviste\/?s={search_term_string}"},"query-input":{"@type":"PropertyValueSpecification","valueRequired":true,"valueName":"search_term_string"}}],"inLanguage":"en-US"},{"@type":"Organization","@id":"https:\/\/clinicavictoria.ro\/targoviste\/#organization","name":"Clinica dentar\u0103 Victoria - T\u00e2rgovi\u0219te","url":"https:\/\/clinicavictoria.ro\/targoviste\/","logo":{"@type":"ImageObject","inLanguage":"en-US","@id":"https:\/\/clinicavictoria.ro\/targoviste\/#\/schema\/logo\/image\/","url":"https:\/\/clinicavictoria.ro\/targoviste\/wp-content\/uploads\/2022\/08\/logo_clinicavictoria_tr.png","contentUrl":"https:\/\/clinicavictoria.ro\/targoviste\/wp-content\/uploads\/2022\/08\/logo_clinicavictoria_tr.png","width":700,"height":190,"caption":"Clinica dentar\u0103 Victoria - T\u00e2rgovi\u0219te"},"image":{"@id":"https:\/\/clinicavictoria.ro\/targoviste\/#\/schema\/logo\/image\/"}}]}},"_links":{"self":[{"href":"https:\/\/clinicavictoria.ro\/targoviste\/wp-json\/wp\/v2\/pages\/1746"}],"collection":[{"href":"https:\/\/clinicavictoria.ro\/targoviste\/wp-json\/wp\/v2\/pages"}],"about":[{"href":"https:\/\/clinicavictoria.ro\/targoviste\/wp-json\/wp\/v2\/types\/page"}],"author":[{"embeddable":true,"href":"https:\/\/clinicavictoria.ro\/targoviste\/wp-json\/wp\/v2\/users\/3"}],"replies":[{"embeddable":true,"href":"https:\/\/clinicavictoria.ro\/targoviste\/wp-json\/wp\/v2\/comments?post=1746"}],"version-history":[{"count":22,"href":"https:\/\/clinicavictoria.ro\/targoviste\/wp-json\/wp\/v2\/pages\/1746\/revisions"}],"predecessor-version":[{"id":2404,"href":"https:\/\/clinicavictoria.ro\/targoviste\/wp-json\/wp\/v2\/pages\/1746\/revisions\/2404"}],"wp:featuredmedia":[{"embeddable":true,"href":"https:\/\/clinicavictoria.ro\/targoviste\/wp-json\/wp\/v2\/media\/2202"}],"wp:attachment":[{"href":"https:\/\/clinicavictoria.ro\/targoviste\/wp-json\/wp\/v2\/media?parent=1746"}],"curies":[{"name":"wp","href":"https:\/\/api.w.org\/{rel}","templated":true}]}}