{"id":2426,"date":"2025-01-31T14:36:09","date_gmt":"2025-01-31T11:36:09","guid":{"rendered":"https:\/\/clinicavictoria.ro\/ramnicu-valcea\/?page_id=2426"},"modified":"2025-01-31T14:36:58","modified_gmt":"2025-01-31T11:36:58","slug":"dr-mihai-andrei-stanciu","status":"publish","type":"page","link":"https:\/\/clinicavictoria.ro\/ramnicu-valcea\/dr-mihai-andrei-stanciu\/","title":{"rendered":"Dr. Mihai Andrei Stanciu"},"content":{"rendered":"<div class=\"gb-container gb-container-9092b670\"><div class=\"gb-inside-container\">\n\n<h1 class=\"gb-headline gb-headline-a3365616 gb-headline-text\">Dr. Mihai Andrei Stanciu<\/h1>\n\n\n\n<h2 class=\"gb-headline gb-headline-c5999d27 gb-headline-text\"><strong><strong>Medic Specialist Chirurgie Oro-Maxilo-Facial\u0103 <strong>\u0219<\/strong>i Implantologie<\/strong><\/strong><\/h2>\n\n\n\n<div class=\"line-separator\"><\/div>\n\n\n\n<h2 class=\"gb-headline gb-headline-986fa71f gb-headline-text\"><strong><strong>Clinic\u0103 Dentar\u0103 Victoria R\u00e2mnicu V\u00e2lcea<\/strong><\/strong><\/h2>\n\n<\/div><\/div>\n\n\n<div style=\"height:32px\" aria-hidden=\"true\" class=\"wp-block-spacer\"><\/div>\n\n\n<div class=\"gb-container gb-container-0a10d290\"><div class=\"gb-inside-container\">\n<div class=\"gb-grid-wrapper gb-grid-wrapper-cae0effe\">\n<div class=\"gb-grid-column gb-grid-column-340a889e\"><div class=\"gb-container gb-container-340a889e contaier-box-with-shadow\"><div class=\"gb-inside-container\">\n<div class=\"gb-container gb-container-665d604d\"><div class=\"gb-inside-container\">\n\n<figure class=\"wp-block-image size-full container-image-with-shadow\"><img loading=\"lazy\" decoding=\"async\" width=\"600\" height=\"900\" src=\"https:\/\/clinicavictoria.ro\/ramnicu-valcea\/wp-content\/uploads\/2022\/08\/Dr.-Mihai-Stanciu-Chirurgie-stomatologica\u0306-s\u0326i-maxilofaciala\u0306.webp\" alt=\"Dr. Mihai Stanciu Chirurgie stomatologica\u0306 s\u0326i maxilofaciala\u0306\" class=\"wp-image-1848\" srcset=\"https:\/\/clinicavictoria.ro\/ramnicu-valcea\/wp-content\/uploads\/2022\/08\/Dr.-Mihai-Stanciu-Chirurgie-stomatologica\u0306-s\u0326i-maxilofaciala\u0306.webp 600w, https:\/\/clinicavictoria.ro\/ramnicu-valcea\/wp-content\/uploads\/2022\/08\/Dr.-Mihai-Stanciu-Chirurgie-stomatologica\u0306-s\u0326i-maxilofaciala\u0306-200x300.webp 200w\" sizes=\"auto, (max-width: 600px) 100vw, 600px\" \/><\/figure>\n\n<\/div><\/div>\n\n\n<div style=\"height:12px\" aria-hidden=\"true\" class=\"wp-block-spacer\"><\/div>\n\n<\/div><\/div><\/div>\n\n<div class=\"gb-grid-column gb-grid-column-8648c16b\"><div class=\"gb-container gb-container-8648c16b\"><div class=\"gb-inside-container\">\n\n<h3 class=\"gb-headline gb-headline-b7fcf07a gb-headline-text\"><strong><strong>Formare profesional\u0103&nbsp;<\/strong><\/strong><\/h3>\n\n\n\n<ul class=\"wp-block-list list-elements\">\n<li><strong>Absolvent al Facult\u0103\u021bii de Medicin\u0103 Dentar\u0103 \u201eCarol Davila\u201d Bucure\u0219ti<\/strong> (2004-2010)<\/li>\n\n\n\n<li><strong>Absolvent al Facult\u0103\u021bii de Medicin\u0103 General\u0103 \u201eCarol Davila\u201d Bucure\u0219ti<\/strong> (2010-2013)<\/li>\n\n\n\n<li><strong>Medic rezident \u00een Chirurgie Oro-Maxilo-Facial\u0103<\/strong> la Spitalul de Chirurgie OMF Prof. Dr. Dan Theodorescu, Bucure\u0219ti (2010-2015)<\/li>\n<\/ul>\n\n\n\n<h3 class=\"gb-headline gb-headline-41fac9b7 gb-headline-text\"><strong>Cursuri \u0219i congrese:<\/strong><\/h3>\n\n\n\n<p>Dr. Mihai Andrei Stanciu a urmat numeroase cursuri interna\u021bionale de perfec\u021bionare \u00een <strong>chirurgie oro-maxilo-facial\u0103, reconstruc\u021bii osoase \u0219i implantologie<\/strong>, acumul\u00e2nd experien\u021b\u0103 \u00een tehnici avansate de reconstruc\u021bie \u0219i tratamente complexe:<\/p>\n\n\n\n<ul class=\"wp-block-list list-elements\">\n<li><strong>Master Techniques in Implantology<\/strong> \u2013 Londra, UK (2011)<\/li>\n\n\n\n<li><strong>Surgical Techniques in Maxillo-Facial Surgery<\/strong> \u2013 Viena, Austria (2011)<\/li>\n\n\n\n<li><strong>Oro-Maxillo-Facial Reconstruction<\/strong> \u2013 Milano, Italia (2012)<\/li>\n\n\n\n<li><strong>Fibula Flap in Mandibular Reconstruction<\/strong> \u2013 Davos, Elve\u021bia (2012)<\/li>\n\n\n\n<li><strong>Microvascular Flap Inset for Bone Reconstruction<\/strong> \u2013 Viena, Austria (2012)<\/li>\n\n\n\n<li><strong>Osteosinteza mandibulei cu material resorbabil<\/strong> \u2013 Bucure\u0219ti (2013)<\/li>\n\n\n\n<li><strong>3D Reconstruction of Mandibular Defects<\/strong> \u2013 Budapesta, Ungaria (2013)<\/li>\n\n\n\n<li><strong>Bone Harvest Techniques in Implantology<\/strong> \u2013 Berna, Elve\u021bia (2014)<\/li>\n\n\n\n<li><strong>Flap Raising Techniques for Microvascular Anastomosis<\/strong> \u2013 Lille, Fran\u021ba (2015)<\/li>\n<\/ul>\n\n\n\n<h3 class=\"gb-headline gb-headline-63aa7ea6 gb-headline-text\"><strong><strong>Descriere \u0219i Abordare profesional\u0103<\/strong><\/strong><\/h3>\n\n\n\n<p>Dr. Mihai Andrei Stanciu este un <strong>specialist \u00een chirurgie oro-maxilo-facial\u0103 \u0219i implantologie<\/strong>, cu o experien\u021b\u0103 vast\u0103 \u00een tratamente complexe de reconstruc\u021bie osoas\u0103, implanturi dentare \u0219i chirurgie maxilo-facial\u0103 avansat\u0103. Prin formarea sa interna\u021bional\u0103 \u0219i expertiza dob\u00e2ndit\u0103, ofer\u0103 pacien\u021bilor solu\u021bii moderne \u0219i eficiente pentru problemele dento-faciale.<\/p>\n\n\n\n<p>\u00cen cadrul <strong>Clinicii Dentare Victoria<\/strong>, Dr. Stanciu se axeaz\u0103 pe tratamente minim invazive, utiliz\u00e2nd <strong>tehnici avansate de reconstruc\u021bie osoas\u0103, implanturi personalizate \u0219i metode moderne de regenerare tisular\u0103<\/strong>. Este un sus\u021bin\u0103tor al educa\u021biei continue \u0219i al inova\u021biei \u00een chirurgie, pun\u00e2nd accent pe <strong>precizie, siguran\u021b\u0103 \u0219i confortul pacientului<\/strong>.<\/p>\n\n\n\n<p>Este membru activ \u00een:<br>\u2714 <strong>Societatea de Chirurgie OMF din Rom\u00e2nia<\/strong><br>\u2714 <strong>Societatea de Chirurgie OMF din Europa<\/strong><br>\u2714 <strong>Association of Osteosynthesis, Davos, Elve\u021bia<\/strong><\/p>\n\n\n\n<blockquote class=\"wp-block-quote is-layout-flow wp-block-quote-is-layout-flow\">\n<p><strong>\u201eChirurgia nu \u00eenseamn\u0103 doar tehnic\u0103, ci \u0219i pasiunea de a reda pacien\u021bilor s\u0103n\u0103tatea \u0219i \u00eencrederea \u00een sine.\u201d<\/strong> -Dr. Mihai Andrei Stanciu<\/p>\n<\/blockquote>\n\n\n\n<p>La <strong>Clinica Dentar\u0103 Victoria<\/strong>, Dr. Mihai Andrei Stanciu \u00ee\u0219i propune s\u0103 ofere pacien\u021bilor nu doar tratamente de specialitate, ci \u0219i siguran\u021ba unui mediu profesionist, unde fiecare pacient beneficiaz\u0103 de un plan de tratament personalizat \u0219i adaptat nevoilor sale specifice.<\/p>\n\n<\/div><\/div><\/div>\n<\/div>\n<\/div><\/div>\n\n\n<div style=\"height:32px\" aria-hidden=\"true\" class=\"wp-block-spacer\"><\/div>\n","protected":false},"excerpt":{"rendered":"<p>Dr. Mihai Andrei Stanciu Medic Specialist Chirurgie Oro-Maxilo-Facial\u0103 \u0219i Implantologie Clinic\u0103 Dentar\u0103 Victoria R\u00e2mnicu V\u00e2lcea<\/p>\n","protected":false},"author":3,"featured_media":1848,"parent":0,"menu_order":0,"comment_status":"closed","ping_status":"closed","template":"","meta":{"inline_featured_image":false,"footnotes":""},"class_list":["post-2426","page","type-page","status-publish","has-post-thumbnail"],"yoast_head":"<!-- This site is optimized with the Yoast SEO plugin v27.4 - https:\/\/yoast.com\/product\/yoast-seo-wordpress\/ -->\n<title>Dr. Mihai Stanciu | Chirurgie Oro-Maxilo-Facial\u0103 \u0219i Implantologie<\/title>\n<meta name=\"description\" content=\"Dr. Mihai Stanciu, specialist \u00een chirurgie oro-maxilo-facial\u0103 \u0219i implantologie, ofer\u0103 tratamente avansate de reconstruc\u021bie osoas\u0103 \u0219i implanturi dentare.\" \/>\n<meta name=\"robots\" content=\"index, follow, max-snippet:-1, max-image-preview:large, max-video-preview:-1\" \/>\n<link rel=\"canonical\" href=\"https:\/\/clinicavictoria.ro\/ramnicu-valcea\/dr-mihai-andrei-stanciu\/\" \/>\n<meta property=\"og:locale\" content=\"en_US\" \/>\n<meta property=\"og:type\" content=\"article\" \/>\n<meta property=\"og:title\" content=\"Dr. Mihai Stanciu | Chirurgie Oro-Maxilo-Facial\u0103 \u0219i Implantologie\" \/>\n<meta property=\"og:description\" content=\"Dr. Mihai Stanciu, specialist \u00een chirurgie oro-maxilo-facial\u0103 \u0219i implantologie, ofer\u0103 tratamente avansate de reconstruc\u021bie osoas\u0103 \u0219i implanturi dentare.\" \/>\n<meta property=\"og:url\" content=\"https:\/\/clinicavictoria.ro\/ramnicu-valcea\/dr-mihai-andrei-stanciu\/\" \/>\n<meta property=\"og:site_name\" content=\"Clinica dentar\u0103 Victoria - R\u00e2mnicu V\u00e2lcea\" \/>\n<meta property=\"article:modified_time\" content=\"2025-01-31T11:36:58+00:00\" \/>\n<meta property=\"og:image\" content=\"https:\/\/clinicavictoria.ro\/ramnicu-valcea\/wp-content\/uploads\/2022\/08\/Dr.-Mihai-Stanciu-Chirurgie-stomatologica\u0306-s\u0326i-maxilofaciala\u0306.webp\" \/>\n\t<meta property=\"og:image:width\" content=\"600\" \/>\n\t<meta property=\"og:image:height\" content=\"900\" \/>\n\t<meta property=\"og:image:type\" content=\"image\/webp\" \/>\n<meta name=\"twitter:card\" content=\"summary_large_image\" \/>\n<meta name=\"twitter:label1\" content=\"Est. reading time\" \/>\n\t<meta name=\"twitter:data1\" content=\"2 minutes\" \/>\n<script type=\"application\/ld+json\" class=\"yoast-schema-graph\">{\"@context\":\"https:\\\/\\\/schema.org\",\"@graph\":[{\"@type\":\"WebPage\",\"@id\":\"https:\\\/\\\/clinicavictoria.ro\\\/ramnicu-valcea\\\/dr-mihai-andrei-stanciu\\\/\",\"url\":\"https:\\\/\\\/clinicavictoria.ro\\\/ramnicu-valcea\\\/dr-mihai-andrei-stanciu\\\/\",\"name\":\"Dr. Mihai Stanciu | Chirurgie Oro-Maxilo-Facial\u0103 \u0219i Implantologie\",\"isPartOf\":{\"@id\":\"https:\\\/\\\/clinicavictoria.ro\\\/ramnicu-valcea\\\/#website\"},\"primaryImageOfPage\":{\"@id\":\"https:\\\/\\\/clinicavictoria.ro\\\/ramnicu-valcea\\\/dr-mihai-andrei-stanciu\\\/#primaryimage\"},\"image\":{\"@id\":\"https:\\\/\\\/clinicavictoria.ro\\\/ramnicu-valcea\\\/dr-mihai-andrei-stanciu\\\/#primaryimage\"},\"thumbnailUrl\":\"https:\\\/\\\/clinicavictoria.ro\\\/ramnicu-valcea\\\/wp-content\\\/uploads\\\/2022\\\/08\\\/Dr.-Mihai-Stanciu-Chirurgie-stomatologica\u0306-s\u0326i-maxilofaciala\u0306.webp\",\"datePublished\":\"2025-01-31T11:36:09+00:00\",\"dateModified\":\"2025-01-31T11:36:58+00:00\",\"description\":\"Dr. Mihai Stanciu, specialist \u00een chirurgie oro-maxilo-facial\u0103 \u0219i implantologie, ofer\u0103 tratamente avansate de reconstruc\u021bie osoas\u0103 \u0219i implanturi dentare.\",\"breadcrumb\":{\"@id\":\"https:\\\/\\\/clinicavictoria.ro\\\/ramnicu-valcea\\\/dr-mihai-andrei-stanciu\\\/#breadcrumb\"},\"inLanguage\":\"en-US\",\"potentialAction\":[{\"@type\":\"ReadAction\",\"target\":[\"https:\\\/\\\/clinicavictoria.ro\\\/ramnicu-valcea\\\/dr-mihai-andrei-stanciu\\\/\"]}]},{\"@type\":\"ImageObject\",\"inLanguage\":\"en-US\",\"@id\":\"https:\\\/\\\/clinicavictoria.ro\\\/ramnicu-valcea\\\/dr-mihai-andrei-stanciu\\\/#primaryimage\",\"url\":\"https:\\\/\\\/clinicavictoria.ro\\\/ramnicu-valcea\\\/wp-content\\\/uploads\\\/2022\\\/08\\\/Dr.-Mihai-Stanciu-Chirurgie-stomatologica\u0306-s\u0326i-maxilofaciala\u0306.webp\",\"contentUrl\":\"https:\\\/\\\/clinicavictoria.ro\\\/ramnicu-valcea\\\/wp-content\\\/uploads\\\/2022\\\/08\\\/Dr.-Mihai-Stanciu-Chirurgie-stomatologica\u0306-s\u0326i-maxilofaciala\u0306.webp\",\"width\":600,\"height\":900,\"caption\":\"Dr. Mihai Stanciu Chirurgie stomatologica\u0306 s\u0326i maxilofaciala\u0306\"},{\"@type\":\"BreadcrumbList\",\"@id\":\"https:\\\/\\\/clinicavictoria.ro\\\/ramnicu-valcea\\\/dr-mihai-andrei-stanciu\\\/#breadcrumb\",\"itemListElement\":[{\"@type\":\"ListItem\",\"position\":1,\"name\":\"Home\",\"item\":\"https:\\\/\\\/clinicavictoria.ro\\\/ramnicu-valcea\\\/\"},{\"@type\":\"ListItem\",\"position\":2,\"name\":\"Dr. Mihai Andrei Stanciu\"}]},{\"@type\":\"WebSite\",\"@id\":\"https:\\\/\\\/clinicavictoria.ro\\\/ramnicu-valcea\\\/#website\",\"url\":\"https:\\\/\\\/clinicavictoria.ro\\\/ramnicu-valcea\\\/\",\"name\":\"Clinica dentar\u0103 Victoria - R\u00e2mnicu V\u00e2lcea\",\"description\":\"\",\"publisher\":{\"@id\":\"https:\\\/\\\/clinicavictoria.ro\\\/ramnicu-valcea\\\/#organization\"},\"potentialAction\":[{\"@type\":\"SearchAction\",\"target\":{\"@type\":\"EntryPoint\",\"urlTemplate\":\"https:\\\/\\\/clinicavictoria.ro\\\/ramnicu-valcea\\\/?s={search_term_string}\"},\"query-input\":{\"@type\":\"PropertyValueSpecification\",\"valueRequired\":true,\"valueName\":\"search_term_string\"}}],\"inLanguage\":\"en-US\"},{\"@type\":\"Organization\",\"@id\":\"https:\\\/\\\/clinicavictoria.ro\\\/ramnicu-valcea\\\/#organization\",\"name\":\"Clinica dentar\u0103 Victoria - R\u00e2mnicu V\u00e2lcea\",\"url\":\"https:\\\/\\\/clinicavictoria.ro\\\/ramnicu-valcea\\\/\",\"logo\":{\"@type\":\"ImageObject\",\"inLanguage\":\"en-US\",\"@id\":\"https:\\\/\\\/clinicavictoria.ro\\\/ramnicu-valcea\\\/#\\\/schema\\\/logo\\\/image\\\/\",\"url\":\"https:\\\/\\\/clinicavictoria.ro\\\/ramnicu-valcea\\\/wp-content\\\/uploads\\\/2022\\\/08\\\/logo_clinicavictoria_rv.png\",\"contentUrl\":\"https:\\\/\\\/clinicavictoria.ro\\\/ramnicu-valcea\\\/wp-content\\\/uploads\\\/2022\\\/08\\\/logo_clinicavictoria_rv.png\",\"width\":700,\"height\":190,\"caption\":\"Clinica dentar\u0103 Victoria - R\u00e2mnicu V\u00e2lcea\"},\"image\":{\"@id\":\"https:\\\/\\\/clinicavictoria.ro\\\/ramnicu-valcea\\\/#\\\/schema\\\/logo\\\/image\\\/\"}}]}<\/script>\n<!-- \/ Yoast SEO plugin. -->","yoast_head_json":{"title":"Dr. Mihai Stanciu | Chirurgie Oro-Maxilo-Facial\u0103 \u0219i Implantologie","description":"Dr. Mihai Stanciu, specialist \u00een chirurgie oro-maxilo-facial\u0103 \u0219i implantologie, ofer\u0103 tratamente avansate de reconstruc\u021bie osoas\u0103 \u0219i implanturi dentare.","robots":{"index":"index","follow":"follow","max-snippet":"max-snippet:-1","max-image-preview":"max-image-preview:large","max-video-preview":"max-video-preview:-1"},"canonical":"https:\/\/clinicavictoria.ro\/ramnicu-valcea\/dr-mihai-andrei-stanciu\/","og_locale":"en_US","og_type":"article","og_title":"Dr. Mihai Stanciu | Chirurgie Oro-Maxilo-Facial\u0103 \u0219i Implantologie","og_description":"Dr. Mihai Stanciu, specialist \u00een chirurgie oro-maxilo-facial\u0103 \u0219i implantologie, ofer\u0103 tratamente avansate de reconstruc\u021bie osoas\u0103 \u0219i implanturi dentare.","og_url":"https:\/\/clinicavictoria.ro\/ramnicu-valcea\/dr-mihai-andrei-stanciu\/","og_site_name":"Clinica dentar\u0103 Victoria - R\u00e2mnicu V\u00e2lcea","article_modified_time":"2025-01-31T11:36:58+00:00","og_image":[{"width":600,"height":900,"url":"https:\/\/clinicavictoria.ro\/ramnicu-valcea\/wp-content\/uploads\/2022\/08\/Dr.-Mihai-Stanciu-Chirurgie-stomatologica\u0306-s\u0326i-maxilofaciala\u0306.webp","type":"image\/webp"}],"twitter_card":"summary_large_image","twitter_misc":{"Est. reading time":"2 minutes"},"schema":{"@context":"https:\/\/schema.org","@graph":[{"@type":"WebPage","@id":"https:\/\/clinicavictoria.ro\/ramnicu-valcea\/dr-mihai-andrei-stanciu\/","url":"https:\/\/clinicavictoria.ro\/ramnicu-valcea\/dr-mihai-andrei-stanciu\/","name":"Dr. Mihai Stanciu | Chirurgie Oro-Maxilo-Facial\u0103 \u0219i Implantologie","isPartOf":{"@id":"https:\/\/clinicavictoria.ro\/ramnicu-valcea\/#website"},"primaryImageOfPage":{"@id":"https:\/\/clinicavictoria.ro\/ramnicu-valcea\/dr-mihai-andrei-stanciu\/#primaryimage"},"image":{"@id":"https:\/\/clinicavictoria.ro\/ramnicu-valcea\/dr-mihai-andrei-stanciu\/#primaryimage"},"thumbnailUrl":"https:\/\/clinicavictoria.ro\/ramnicu-valcea\/wp-content\/uploads\/2022\/08\/Dr.-Mihai-Stanciu-Chirurgie-stomatologica\u0306-s\u0326i-maxilofaciala\u0306.webp","datePublished":"2025-01-31T11:36:09+00:00","dateModified":"2025-01-31T11:36:58+00:00","description":"Dr. Mihai Stanciu, specialist \u00een chirurgie oro-maxilo-facial\u0103 \u0219i implantologie, ofer\u0103 tratamente avansate de reconstruc\u021bie osoas\u0103 \u0219i implanturi dentare.","breadcrumb":{"@id":"https:\/\/clinicavictoria.ro\/ramnicu-valcea\/dr-mihai-andrei-stanciu\/#breadcrumb"},"inLanguage":"en-US","potentialAction":[{"@type":"ReadAction","target":["https:\/\/clinicavictoria.ro\/ramnicu-valcea\/dr-mihai-andrei-stanciu\/"]}]},{"@type":"ImageObject","inLanguage":"en-US","@id":"https:\/\/clinicavictoria.ro\/ramnicu-valcea\/dr-mihai-andrei-stanciu\/#primaryimage","url":"https:\/\/clinicavictoria.ro\/ramnicu-valcea\/wp-content\/uploads\/2022\/08\/Dr.-Mihai-Stanciu-Chirurgie-stomatologica\u0306-s\u0326i-maxilofaciala\u0306.webp","contentUrl":"https:\/\/clinicavictoria.ro\/ramnicu-valcea\/wp-content\/uploads\/2022\/08\/Dr.-Mihai-Stanciu-Chirurgie-stomatologica\u0306-s\u0326i-maxilofaciala\u0306.webp","width":600,"height":900,"caption":"Dr. Mihai Stanciu Chirurgie stomatologica\u0306 s\u0326i maxilofaciala\u0306"},{"@type":"BreadcrumbList","@id":"https:\/\/clinicavictoria.ro\/ramnicu-valcea\/dr-mihai-andrei-stanciu\/#breadcrumb","itemListElement":[{"@type":"ListItem","position":1,"name":"Home","item":"https:\/\/clinicavictoria.ro\/ramnicu-valcea\/"},{"@type":"ListItem","position":2,"name":"Dr. Mihai Andrei Stanciu"}]},{"@type":"WebSite","@id":"https:\/\/clinicavictoria.ro\/ramnicu-valcea\/#website","url":"https:\/\/clinicavictoria.ro\/ramnicu-valcea\/","name":"Clinica dentar\u0103 Victoria - R\u00e2mnicu V\u00e2lcea","description":"","publisher":{"@id":"https:\/\/clinicavictoria.ro\/ramnicu-valcea\/#organization"},"potentialAction":[{"@type":"SearchAction","target":{"@type":"EntryPoint","urlTemplate":"https:\/\/clinicavictoria.ro\/ramnicu-valcea\/?s={search_term_string}"},"query-input":{"@type":"PropertyValueSpecification","valueRequired":true,"valueName":"search_term_string"}}],"inLanguage":"en-US"},{"@type":"Organization","@id":"https:\/\/clinicavictoria.ro\/ramnicu-valcea\/#organization","name":"Clinica dentar\u0103 Victoria - R\u00e2mnicu V\u00e2lcea","url":"https:\/\/clinicavictoria.ro\/ramnicu-valcea\/","logo":{"@type":"ImageObject","inLanguage":"en-US","@id":"https:\/\/clinicavictoria.ro\/ramnicu-valcea\/#\/schema\/logo\/image\/","url":"https:\/\/clinicavictoria.ro\/ramnicu-valcea\/wp-content\/uploads\/2022\/08\/logo_clinicavictoria_rv.png","contentUrl":"https:\/\/clinicavictoria.ro\/ramnicu-valcea\/wp-content\/uploads\/2022\/08\/logo_clinicavictoria_rv.png","width":700,"height":190,"caption":"Clinica dentar\u0103 Victoria - R\u00e2mnicu V\u00e2lcea"},"image":{"@id":"https:\/\/clinicavictoria.ro\/ramnicu-valcea\/#\/schema\/logo\/image\/"}}]}},"_links":{"self":[{"href":"https:\/\/clinicavictoria.ro\/ramnicu-valcea\/wp-json\/wp\/v2\/pages\/2426","targetHints":{"allow":["GET"]}}],"collection":[{"href":"https:\/\/clinicavictoria.ro\/ramnicu-valcea\/wp-json\/wp\/v2\/pages"}],"about":[{"href":"https:\/\/clinicavictoria.ro\/ramnicu-valcea\/wp-json\/wp\/v2\/types\/page"}],"author":[{"embeddable":true,"href":"https:\/\/clinicavictoria.ro\/ramnicu-valcea\/wp-json\/wp\/v2\/users\/3"}],"replies":[{"embeddable":true,"href":"https:\/\/clinicavictoria.ro\/ramnicu-valcea\/wp-json\/wp\/v2\/comments?post=2426"}],"version-history":[{"count":2,"href":"https:\/\/clinicavictoria.ro\/ramnicu-valcea\/wp-json\/wp\/v2\/pages\/2426\/revisions"}],"predecessor-version":[{"id":2428,"href":"https:\/\/clinicavictoria.ro\/ramnicu-valcea\/wp-json\/wp\/v2\/pages\/2426\/revisions\/2428"}],"wp:featuredmedia":[{"embeddable":true,"href":"https:\/\/clinicavictoria.ro\/ramnicu-valcea\/wp-json\/wp\/v2\/media\/1848"}],"wp:attachment":[{"href":"https:\/\/clinicavictoria.ro\/ramnicu-valcea\/wp-json\/wp\/v2\/media?parent=2426"}],"curies":[{"name":"wp","href":"https:\/\/api.w.org\/{rel}","templated":true}]}}