{"id":2540,"date":"2024-07-26T12:14:45","date_gmt":"2024-07-26T09:14:45","guid":{"rendered":"https:\/\/clinicavictoria.ro\/pitesti\/?page_id=2540"},"modified":"2024-07-26T12:14:46","modified_gmt":"2024-07-26T09:14:46","slug":"dr-florin-comanescu","status":"publish","type":"page","link":"https:\/\/clinicavictoria.ro\/pitesti\/dr-florin-comanescu\/","title":{"rendered":"Dr. Florin Comanescu"},"content":{"rendered":"<div class=\"gb-container gb-container-9092b670\"><div class=\"gb-inside-container\">\n\n<h1 class=\"gb-headline gb-headline-a3365616 gb-headline-text\">Dr. Florin Com\u0103nescu<\/h1>\n\n\n\n<h2 class=\"gb-headline gb-headline-c5999d27 gb-headline-text\"><strong><strong>Medic Stomatolog &#8211; Specializare Chirurgie Dentoalveolar\u0103<\/strong><\/strong><\/h2>\n\n\n\n<div class=\"line-separator\"><\/div>\n\n\n\n<h2 class=\"gb-headline gb-headline-986fa71f gb-headline-text\"><strong><strong>Clinic\u0103 Dentar\u0103 Victoria Pite\u0219ti<\/strong><\/strong><\/h2>\n\n<\/div><\/div>\n\n\n<div style=\"height:32px\" aria-hidden=\"true\" class=\"wp-block-spacer\"><\/div>\n\n\n<div class=\"gb-container gb-container-0a10d290\"><div class=\"gb-inside-container\">\n<div class=\"gb-grid-wrapper gb-grid-wrapper-cae0effe\">\n<div class=\"gb-grid-column gb-grid-column-340a889e\"><div class=\"gb-container gb-container-340a889e contaier-box-with-shadow\"><div class=\"gb-inside-container\">\n<div class=\"gb-container gb-container-665d604d\"><div class=\"gb-inside-container\">\n\n<figure class=\"wp-block-image size-full container-image-with-shadow\"><img loading=\"lazy\" decoding=\"async\" width=\"600\" height=\"900\" src=\"https:\/\/clinicavictoria.ro\/pitesti\/wp-content\/uploads\/2024\/07\/Dr.-Florin-Comanescu-Chirurgie-dento-alveolara.webp\" alt=\"Dr. Florin Coma\u0306nescu Chirurgie dento-alveolara\u0306\" class=\"wp-image-2541\" srcset=\"https:\/\/clinicavictoria.ro\/pitesti\/wp-content\/uploads\/2024\/07\/Dr.-Florin-Comanescu-Chirurgie-dento-alveolara.webp 600w, https:\/\/clinicavictoria.ro\/pitesti\/wp-content\/uploads\/2024\/07\/Dr.-Florin-Comanescu-Chirurgie-dento-alveolara-200x300.webp 200w\" sizes=\"(max-width: 600px) 100vw, 600px\" \/><\/figure>\n\n<\/div><\/div>\n\n\n<div style=\"height:12px\" aria-hidden=\"true\" class=\"wp-block-spacer\"><\/div>\n\n<\/div><\/div><\/div>\n\n<div class=\"gb-grid-column gb-grid-column-8648c16b\"><div class=\"gb-container gb-container-8648c16b\"><div class=\"gb-inside-container\">\n\n<h3 class=\"gb-headline gb-headline-b7fcf07a gb-headline-text\"><strong><strong>Formare profesional\u0103&nbsp;<\/strong><\/strong><\/h3>\n\n\n\n<p>Am absolvit Facultatea de Medicina Dentara din cadrul UMF Carol Davila Bucuresti in 2011 si rezidentiatul de chirurgie dento-alveolara in cadrul Spitalului Clinic de Chirurgie OMF Dan Theodorescu Bucuresti in 2014.<\/p>\n\n\n\n<h3 class=\"gb-headline gb-headline-41fac9b7 gb-headline-text\"><strong>Cursuri \u0219i congrese:<\/strong><\/h3>\n\n\n\n<ul class=\"list-elements\">\n<li>reconstructia tesuturilor dure folosind folosind osul autolog si tehnicile GBR (guided bone regeneration);<\/li>\n\n\n\n<li>reconstructia verticala a osului din zona posterioara maxilara-tehnici de elevare sinusala (sinus lift);<\/li>\n\n\n\n<li>managementul tesuturilor moi in implantologie (FGG, CTG);<\/li>\n\n\n\n<li>abordari chirurgicale si protetice in zona estetica;<\/li>\n\n\n\n<li>concepte noi in diagnosticarea si tratamentul periimplantitei;<\/li>\n\n\n\n<li>protocoale si tehnici in chirurgia minim invaziva, piezochirurgie si implantologie\u00a0ghidata.<\/li>\n<\/ul>\n\n\n\n<h3 class=\"gb-headline gb-headline-63aa7ea6 gb-headline-text\"><strong><strong>Descriere \u0219i Abordare profesional\u0103<\/strong><\/strong><\/h3>\n\n\n\n<p>Pentru mine componenta umana este cea mai importanta, lucrul cu oamenii fiind foarte delicat, dar si foarte frumos; pun accent foarte mult pe comunicare; imi place sa vorbesc cu pacientii, sa aflu punctul lor de vedere, asteptarile lor, sa ii implic cat mai mult in planul de tratament si sa imprumutam emotiile si experienta reciproc astfel incat sa avem un parcurs comun si nu unul unilateral sau chiar dictatorial; imi place sa le ascult povestile si sa le risipesc emotiile prin tonul relaxat din timpul interventiilor.<\/p>\n\n\n\n<p>A lucra pentru oameni, pentru a face bine si a vorbi din inima, punandu-te in locul fiecaruia este cheia succesului in meseria noastra, unde componenta emotionala este foarte importanta.<\/p>\n\n\n\n<p>Principala preocupare in afara serviciului este familia, care imi umple inima cu bucurie &nbsp;in fiecare zi, nemairamanand timp si loc pentru altceva astfel ca micile pasiuni: plimbarile in parc, in natura, joaca cu copii, calatoriile si sportul le facem impreuna.<\/p>\n\n\n\n<p>Motto: ce doriti sa va faca voua oamenii, aceea sa le faceti&nbsp;si&nbsp;voi&nbsp;lor.<\/p>\n\n<\/div><\/div><\/div>\n<\/div>\n<\/div><\/div>\n\n\n<div style=\"height:32px\" aria-hidden=\"true\" class=\"wp-block-spacer\"><\/div>\n\n\n\n<h4 class=\"gb-headline gb-headline-2904b656 gb-headline-text\"><strong>Adi\u021biile osoase dentare | Dr. Florin Com\u0103nescu<\/strong><\/h4>\n\n\n\n<figure class=\"wp-block-embed is-type-video is-provider-youtube wp-block-embed-youtube wp-embed-aspect-16-9 wp-has-aspect-ratio\"><div class=\"wp-block-embed__wrapper\">\n<div class=\"epyt-video-wrapper\"><div  id=\"_ytid_67002\"  width=\"1200\" height=\"675\"  data-origwidth=\"1200\" data-origheight=\"675\" data-facadesrc=\"https:\/\/www.youtube.com\/embed\/eckJa8W2jBE?enablejsapi=1&#038;autoplay=0&#038;cc_load_policy=0&#038;cc_lang_pref=&#038;iv_load_policy=1&#038;loop=0&#038;rel=0&#038;fs=1&#038;playsinline=0&#038;autohide=2&#038;theme=dark&#038;color=red&#038;controls=1&#038;disablekb=0&#038;\" class=\"__youtube_prefs__ epyt-facade epyt-is-override  no-lazyload\" data-epautoplay=\"1\" ><img decoding=\"async\" data-spai-excluded=\"true\" class=\"epyt-facade-poster skip-lazy\" loading=\"lazy\"  alt=\"YouTube player\"  src=\"https:\/\/i.ytimg.com\/vi\/eckJa8W2jBE\/maxresdefault.jpg\"  \/><button class=\"epyt-facade-play\" aria-label=\"Play\"><svg data-no-lazy=\"1\" height=\"100%\" version=\"1.1\" viewBox=\"0 0 68 48\" width=\"100%\"><path class=\"ytp-large-play-button-bg\" d=\"M66.52,7.74c-0.78-2.93-2.49-5.41-5.42-6.19C55.79,.13,34,0,34,0S12.21,.13,6.9,1.55 C3.97,2.33,2.27,4.81,1.48,7.74C0.06,13.05,0,24,0,24s0.06,10.95,1.48,16.26c0.78,2.93,2.49,5.41,5.42,6.19 C12.21,47.87,34,48,34,48s21.79-0.13,27.1-1.55c2.93-0.78,4.64-3.26,5.42-6.19C67.94,34.95,68,24,68,24S67.94,13.05,66.52,7.74z\" fill=\"#f00\"><\/path><path d=\"M 45,24 27,14 27,34\" fill=\"#fff\"><\/path><\/svg><\/button><\/div><\/div>\n<\/div><\/figure>\n","protected":false},"excerpt":{"rendered":"<p>Dr. Florin Com\u0103nescu Medic Stomatolog &#8211; Specializare Chirurgie Dentoalveolar\u0103 Clinic\u0103 Dentar\u0103 Victoria Pite\u0219ti Adi\u021biile osoase dentare | Dr. Florin Com\u0103nescu<\/p>\n","protected":false},"author":3,"featured_media":2541,"parent":0,"menu_order":0,"comment_status":"closed","ping_status":"closed","template":"","meta":{"inline_featured_image":false,"footnotes":""},"yoast_head":"<!-- This site is optimized with the Yoast SEO plugin v23.5 - https:\/\/yoast.com\/wordpress\/plugins\/seo\/ -->\n<title>Dr. Florin Comanescu<\/title>\n<meta name=\"description\" content=\"Dr. Florin Com\u0103nescu | Medic Stomatolog - Specializare Chirurgie Dentoalveolar\u0103 | Clinica Dentar\u0103 Victoria Pite\u0219ti\" \/>\n<meta name=\"robots\" content=\"index, follow, max-snippet:-1, max-image-preview:large, max-video-preview:-1\" \/>\n<link rel=\"canonical\" href=\"https:\/\/clinicavictoria.ro\/pitesti\/dr-florin-comanescu\/\" \/>\n<meta property=\"og:locale\" content=\"en_US\" \/>\n<meta property=\"og:type\" content=\"article\" \/>\n<meta property=\"og:title\" content=\"Dr. Florin Comanescu\" \/>\n<meta property=\"og:description\" content=\"Dr. Florin Com\u0103nescu | Medic Stomatolog - Specializare Chirurgie Dentoalveolar\u0103 | Clinica Dentar\u0103 Victoria Pite\u0219ti\" \/>\n<meta property=\"og:url\" content=\"https:\/\/clinicavictoria.ro\/pitesti\/dr-florin-comanescu\/\" \/>\n<meta property=\"og:site_name\" content=\"Clinica dentar\u0103 Victoria - Pite\u0219ti\" \/>\n<meta property=\"article:modified_time\" content=\"2024-07-26T09:14:46+00:00\" \/>\n<meta property=\"og:image\" content=\"https:\/\/clinicavictoria.ro\/pitesti\/wp-content\/uploads\/2024\/07\/Dr.-Florin-Comanescu-Chirurgie-dento-alveolara.webp\" \/>\n\t<meta property=\"og:image:width\" content=\"600\" \/>\n\t<meta property=\"og:image:height\" content=\"900\" \/>\n\t<meta property=\"og:image:type\" content=\"image\/webp\" \/>\n<meta name=\"twitter:card\" content=\"summary_large_image\" \/>\n<meta name=\"twitter:label1\" content=\"Est. reading time\" \/>\n\t<meta name=\"twitter:data1\" content=\"2 minutes\" \/>\n<script type=\"application\/ld+json\" class=\"yoast-schema-graph\">{\"@context\":\"https:\/\/schema.org\",\"@graph\":[{\"@type\":\"WebPage\",\"@id\":\"https:\/\/clinicavictoria.ro\/pitesti\/dr-florin-comanescu\/\",\"url\":\"https:\/\/clinicavictoria.ro\/pitesti\/dr-florin-comanescu\/\",\"name\":\"Dr. Florin Comanescu\",\"isPartOf\":{\"@id\":\"https:\/\/clinicavictoria.ro\/pitesti\/#website\"},\"primaryImageOfPage\":{\"@id\":\"https:\/\/clinicavictoria.ro\/pitesti\/dr-florin-comanescu\/#primaryimage\"},\"image\":{\"@id\":\"https:\/\/clinicavictoria.ro\/pitesti\/dr-florin-comanescu\/#primaryimage\"},\"thumbnailUrl\":\"https:\/\/clinicavictoria.ro\/pitesti\/wp-content\/uploads\/2024\/07\/Dr.-Florin-Comanescu-Chirurgie-dento-alveolara.webp\",\"datePublished\":\"2024-07-26T09:14:45+00:00\",\"dateModified\":\"2024-07-26T09:14:46+00:00\",\"description\":\"Dr. Florin Com\u0103nescu | Medic Stomatolog - Specializare Chirurgie Dentoalveolar\u0103 | Clinica Dentar\u0103 Victoria Pite\u0219ti\",\"breadcrumb\":{\"@id\":\"https:\/\/clinicavictoria.ro\/pitesti\/dr-florin-comanescu\/#breadcrumb\"},\"inLanguage\":\"en-US\",\"potentialAction\":[{\"@type\":\"ReadAction\",\"target\":[\"https:\/\/clinicavictoria.ro\/pitesti\/dr-florin-comanescu\/\"]}]},{\"@type\":\"ImageObject\",\"inLanguage\":\"en-US\",\"@id\":\"https:\/\/clinicavictoria.ro\/pitesti\/dr-florin-comanescu\/#primaryimage\",\"url\":\"https:\/\/clinicavictoria.ro\/pitesti\/wp-content\/uploads\/2024\/07\/Dr.-Florin-Comanescu-Chirurgie-dento-alveolara.webp\",\"contentUrl\":\"https:\/\/clinicavictoria.ro\/pitesti\/wp-content\/uploads\/2024\/07\/Dr.-Florin-Comanescu-Chirurgie-dento-alveolara.webp\",\"width\":600,\"height\":900,\"caption\":\"Dr. Florin Coma\u0306nescu Chirurgie dento-alveolara\u0306\"},{\"@type\":\"BreadcrumbList\",\"@id\":\"https:\/\/clinicavictoria.ro\/pitesti\/dr-florin-comanescu\/#breadcrumb\",\"itemListElement\":[{\"@type\":\"ListItem\",\"position\":1,\"name\":\"Home\",\"item\":\"https:\/\/clinicavictoria.ro\/pitesti\/\"},{\"@type\":\"ListItem\",\"position\":2,\"name\":\"Dr. Florin Comanescu\"}]},{\"@type\":\"WebSite\",\"@id\":\"https:\/\/clinicavictoria.ro\/pitesti\/#website\",\"url\":\"https:\/\/clinicavictoria.ro\/pitesti\/\",\"name\":\"Clinica dentar\u0103 Victoria - Pite\u0219ti\",\"description\":\"\",\"publisher\":{\"@id\":\"https:\/\/clinicavictoria.ro\/pitesti\/#organization\"},\"potentialAction\":[{\"@type\":\"SearchAction\",\"target\":{\"@type\":\"EntryPoint\",\"urlTemplate\":\"https:\/\/clinicavictoria.ro\/pitesti\/?s={search_term_string}\"},\"query-input\":{\"@type\":\"PropertyValueSpecification\",\"valueRequired\":true,\"valueName\":\"search_term_string\"}}],\"inLanguage\":\"en-US\"},{\"@type\":\"Organization\",\"@id\":\"https:\/\/clinicavictoria.ro\/pitesti\/#organization\",\"name\":\"Clinica dentar\u0103 Victoria - Pite\u0219ti\",\"url\":\"https:\/\/clinicavictoria.ro\/pitesti\/\",\"logo\":{\"@type\":\"ImageObject\",\"inLanguage\":\"en-US\",\"@id\":\"https:\/\/clinicavictoria.ro\/pitesti\/#\/schema\/logo\/image\/\",\"url\":\"https:\/\/clinicavictoria.ro\/pitesti\/wp-content\/uploads\/2022\/08\/logo_clinicavictoria_pitesti.webp\",\"contentUrl\":\"https:\/\/clinicavictoria.ro\/pitesti\/wp-content\/uploads\/2022\/08\/logo_clinicavictoria_pitesti.webp\",\"width\":700,\"height\":190,\"caption\":\"Clinica dentar\u0103 Victoria - Pite\u0219ti\"},\"image\":{\"@id\":\"https:\/\/clinicavictoria.ro\/pitesti\/#\/schema\/logo\/image\/\"}}]}<\/script>\n<!-- \/ Yoast SEO plugin. -->","yoast_head_json":{"title":"Dr. Florin Comanescu","description":"Dr. Florin Com\u0103nescu | Medic Stomatolog - Specializare Chirurgie Dentoalveolar\u0103 | Clinica Dentar\u0103 Victoria Pite\u0219ti","robots":{"index":"index","follow":"follow","max-snippet":"max-snippet:-1","max-image-preview":"max-image-preview:large","max-video-preview":"max-video-preview:-1"},"canonical":"https:\/\/clinicavictoria.ro\/pitesti\/dr-florin-comanescu\/","og_locale":"en_US","og_type":"article","og_title":"Dr. Florin Comanescu","og_description":"Dr. Florin Com\u0103nescu | Medic Stomatolog - Specializare Chirurgie Dentoalveolar\u0103 | Clinica Dentar\u0103 Victoria Pite\u0219ti","og_url":"https:\/\/clinicavictoria.ro\/pitesti\/dr-florin-comanescu\/","og_site_name":"Clinica dentar\u0103 Victoria - Pite\u0219ti","article_modified_time":"2024-07-26T09:14:46+00:00","og_image":[{"width":600,"height":900,"url":"https:\/\/clinicavictoria.ro\/pitesti\/wp-content\/uploads\/2024\/07\/Dr.-Florin-Comanescu-Chirurgie-dento-alveolara.webp","type":"image\/webp"}],"twitter_card":"summary_large_image","twitter_misc":{"Est. reading time":"2 minutes"},"schema":{"@context":"https:\/\/schema.org","@graph":[{"@type":"WebPage","@id":"https:\/\/clinicavictoria.ro\/pitesti\/dr-florin-comanescu\/","url":"https:\/\/clinicavictoria.ro\/pitesti\/dr-florin-comanescu\/","name":"Dr. Florin Comanescu","isPartOf":{"@id":"https:\/\/clinicavictoria.ro\/pitesti\/#website"},"primaryImageOfPage":{"@id":"https:\/\/clinicavictoria.ro\/pitesti\/dr-florin-comanescu\/#primaryimage"},"image":{"@id":"https:\/\/clinicavictoria.ro\/pitesti\/dr-florin-comanescu\/#primaryimage"},"thumbnailUrl":"https:\/\/clinicavictoria.ro\/pitesti\/wp-content\/uploads\/2024\/07\/Dr.-Florin-Comanescu-Chirurgie-dento-alveolara.webp","datePublished":"2024-07-26T09:14:45+00:00","dateModified":"2024-07-26T09:14:46+00:00","description":"Dr. Florin Com\u0103nescu | Medic Stomatolog - Specializare Chirurgie Dentoalveolar\u0103 | Clinica Dentar\u0103 Victoria Pite\u0219ti","breadcrumb":{"@id":"https:\/\/clinicavictoria.ro\/pitesti\/dr-florin-comanescu\/#breadcrumb"},"inLanguage":"en-US","potentialAction":[{"@type":"ReadAction","target":["https:\/\/clinicavictoria.ro\/pitesti\/dr-florin-comanescu\/"]}]},{"@type":"ImageObject","inLanguage":"en-US","@id":"https:\/\/clinicavictoria.ro\/pitesti\/dr-florin-comanescu\/#primaryimage","url":"https:\/\/clinicavictoria.ro\/pitesti\/wp-content\/uploads\/2024\/07\/Dr.-Florin-Comanescu-Chirurgie-dento-alveolara.webp","contentUrl":"https:\/\/clinicavictoria.ro\/pitesti\/wp-content\/uploads\/2024\/07\/Dr.-Florin-Comanescu-Chirurgie-dento-alveolara.webp","width":600,"height":900,"caption":"Dr. Florin Coma\u0306nescu Chirurgie dento-alveolara\u0306"},{"@type":"BreadcrumbList","@id":"https:\/\/clinicavictoria.ro\/pitesti\/dr-florin-comanescu\/#breadcrumb","itemListElement":[{"@type":"ListItem","position":1,"name":"Home","item":"https:\/\/clinicavictoria.ro\/pitesti\/"},{"@type":"ListItem","position":2,"name":"Dr. Florin Comanescu"}]},{"@type":"WebSite","@id":"https:\/\/clinicavictoria.ro\/pitesti\/#website","url":"https:\/\/clinicavictoria.ro\/pitesti\/","name":"Clinica dentar\u0103 Victoria - Pite\u0219ti","description":"","publisher":{"@id":"https:\/\/clinicavictoria.ro\/pitesti\/#organization"},"potentialAction":[{"@type":"SearchAction","target":{"@type":"EntryPoint","urlTemplate":"https:\/\/clinicavictoria.ro\/pitesti\/?s={search_term_string}"},"query-input":{"@type":"PropertyValueSpecification","valueRequired":true,"valueName":"search_term_string"}}],"inLanguage":"en-US"},{"@type":"Organization","@id":"https:\/\/clinicavictoria.ro\/pitesti\/#organization","name":"Clinica dentar\u0103 Victoria - Pite\u0219ti","url":"https:\/\/clinicavictoria.ro\/pitesti\/","logo":{"@type":"ImageObject","inLanguage":"en-US","@id":"https:\/\/clinicavictoria.ro\/pitesti\/#\/schema\/logo\/image\/","url":"https:\/\/clinicavictoria.ro\/pitesti\/wp-content\/uploads\/2022\/08\/logo_clinicavictoria_pitesti.webp","contentUrl":"https:\/\/clinicavictoria.ro\/pitesti\/wp-content\/uploads\/2022\/08\/logo_clinicavictoria_pitesti.webp","width":700,"height":190,"caption":"Clinica dentar\u0103 Victoria - Pite\u0219ti"},"image":{"@id":"https:\/\/clinicavictoria.ro\/pitesti\/#\/schema\/logo\/image\/"}}]}},"_links":{"self":[{"href":"https:\/\/clinicavictoria.ro\/pitesti\/wp-json\/wp\/v2\/pages\/2540"}],"collection":[{"href":"https:\/\/clinicavictoria.ro\/pitesti\/wp-json\/wp\/v2\/pages"}],"about":[{"href":"https:\/\/clinicavictoria.ro\/pitesti\/wp-json\/wp\/v2\/types\/page"}],"author":[{"embeddable":true,"href":"https:\/\/clinicavictoria.ro\/pitesti\/wp-json\/wp\/v2\/users\/3"}],"replies":[{"embeddable":true,"href":"https:\/\/clinicavictoria.ro\/pitesti\/wp-json\/wp\/v2\/comments?post=2540"}],"version-history":[{"count":1,"href":"https:\/\/clinicavictoria.ro\/pitesti\/wp-json\/wp\/v2\/pages\/2540\/revisions"}],"predecessor-version":[{"id":2542,"href":"https:\/\/clinicavictoria.ro\/pitesti\/wp-json\/wp\/v2\/pages\/2540\/revisions\/2542"}],"wp:featuredmedia":[{"embeddable":true,"href":"https:\/\/clinicavictoria.ro\/pitesti\/wp-json\/wp\/v2\/media\/2541"}],"wp:attachment":[{"href":"https:\/\/clinicavictoria.ro\/pitesti\/wp-json\/wp\/v2\/media?parent=2540"}],"curies":[{"name":"wp","href":"https:\/\/api.w.org\/{rel}","templated":true}]}}