{"id":82,"date":"2021-11-11T15:55:48","date_gmt":"2021-11-11T12:55:48","guid":{"rendered":"https:\/\/clinicavictoria.ro\/craiova\/?page_id=82"},"modified":"2023-05-30T11:40:15","modified_gmt":"2023-05-30T08:40:15","slug":"echipa-medicala","status":"publish","type":"page","link":"https:\/\/clinicavictoria.ro\/craiova\/echipa-medicala\/","title":{"rendered":"Echipa Medical\u0103"},"content":{"rendered":"<div class=\"gb-container gb-container-50c32d58\"><div class=\"gb-inside-container\">\n\n<h2 class=\"gb-headline gb-headline-ac2f2844 gb-headline-text\">Echipa medical\u0103<\/h2>\n\n\n\n<div class=\"line-separator\"><\/div>\n\n\n\n<h6 class=\"gb-headline gb-headline-a8590673 gb-headline-text\"><strong><strong>Clinica Dentar\u0103 Victoria Craiova<\/strong><\/strong><\/h6>\n\n\n\n<p>Ast\u0103zi ne m\u00e2ndrim cu o echip\u0103 de medici stomatologi cu experien\u021b\u0103 \u0219i rezultate care se asigur\u0103 \u00een fiecare zi de confortul pacien\u021bilor no\u0219tri.<\/p>\n\n\n\n<h5 class=\"gb-headline gb-headline-cf0f6df1 gb-headline-text\"><strong>Ca pacient al nostru, \u00ee\u021bi garant\u0103m c\u0103:<\/strong><\/h5>\n\n\n\n<ul>\n<li>Vom fi mereu aten\u021bi la p\u0103rerea \u0219i opiniile tale; <\/li>\n\n\n\n<li>Vei fi implicat \u00een alegerile de \u00eengrijire \u0219i tratament;<\/li>\n\n\n\n<li>E\u0219ti tot timpul binevenit \u0219i te vei sim\u021bi relaxat \u0219i \u00eengrijit \u00een clinica noastr\u0103;<\/li>\n\n\n\n<li>Vei \u00eent\u00e2lni o echip\u0103 de medici cu experien\u021b\u0103, supra-specializa\u021bi,&nbsp;cu&nbsp;dorin\u021ba de a-\u0219i dovedi calit\u0103\u021bile oferind servicii stomatologice de excep\u021bie.<\/li>\n<\/ul>\n\n<\/div><\/div>\n\n\n<div style=\"height:32px\" aria-hidden=\"true\" class=\"wp-block-spacer\"><\/div>\n\n\n<div class=\"gb-container gb-container-f9cbe27a\"><div class=\"gb-inside-container\">\n<div class=\"gb-grid-wrapper gb-grid-wrapper-b44d3459\">\n<div class=\"gb-grid-column gb-grid-column-2b827038\"><div class=\"gb-container gb-container-2b827038\"><div class=\"gb-inside-container\">\n\n<h5 class=\"gb-headline gb-headline-ede0d2eb gb-headline-text\"><strong>Diagnosticare \u0219i Plan de Tratament<\/strong><\/h5>\n\n\n\n<ul>\n<li><a href=\"https:\/\/clinicavictoria.ro\/craiova\/medic-dr-liana-maris\/\">Dr. Liana Mari\u0219<\/a><\/li>\n\n\n\n<li>Dr. Iancu Simona<\/li>\n\n\n\n<li>Dr. Iordache Ana Maria<\/li>\n<\/ul>\n\n\n\n<div style=\"height:12px\" aria-hidden=\"true\" class=\"wp-block-spacer\"><\/div>\n\n<\/div><\/div><\/div>\n\n<div class=\"gb-grid-column gb-grid-column-cb48357d\"><div class=\"gb-container gb-container-cb48357d\"><div class=\"gb-inside-container\">\n\n<h5 class=\"gb-headline gb-headline-6043c0ca gb-headline-text\"><strong>Ortodon\u021bie<meta charset=\"utf-8\"><\/strong><\/h5>\n\n\n\n<ul>\n<li>Dr. Staicu Elisa<\/li>\n<\/ul>\n\n\n\n<div style=\"height:12px\" aria-hidden=\"true\" class=\"wp-block-spacer\"><\/div>\n\n<\/div><\/div><\/div>\n\n<div class=\"gb-grid-column gb-grid-column-e58973e8\"><div class=\"gb-container gb-container-e58973e8\"><div class=\"gb-inside-container\">\n\n<h5 class=\"gb-headline gb-headline-538a7773 gb-headline-text\"><strong>Endodon\u021bie<\/strong><\/h5>\n\n\n\n<ul>\n<li>Dr. Istrate Andreea<\/li>\n<\/ul>\n\n\n\n<div style=\"height:12px\" aria-hidden=\"true\" class=\"wp-block-spacer\"><\/div>\n\n<\/div><\/div><\/div>\n<\/div>\n\n<div class=\"gb-grid-wrapper gb-grid-wrapper-dd812f18\">\n<div class=\"gb-grid-column gb-grid-column-e73bd833\"><div class=\"gb-container gb-container-e73bd833\"><div class=\"gb-inside-container\">\n\n<h5 class=\"gb-headline gb-headline-59229db4 gb-headline-text\"><strong>Pedodon\u021bie<\/strong><\/h5>\n\n\n\n<ul>\n<li>Dr. Istrate Andreea<\/li>\n<\/ul>\n\n\n\n<div style=\"height:12px\" aria-hidden=\"true\" class=\"wp-block-spacer\"><\/div>\n\n<\/div><\/div><\/div>\n\n<div class=\"gb-grid-column gb-grid-column-dbec0d5b\"><div class=\"gb-container gb-container-dbec0d5b\"><div class=\"gb-inside-container\">\n\n<h5 class=\"gb-headline gb-headline-92332d0c gb-headline-text\"><strong>Odontoterapie<meta charset=\"utf-8\"><\/strong><\/h5>\n\n\n\n<ul>\n<li>Dr. Fojic\u0103 Radu<\/li>\n\n\n\n<li>Dr. C\u0103linescu Adrian<\/li>\n<\/ul>\n\n\n\n<div style=\"height:12px\" aria-hidden=\"true\" class=\"wp-block-spacer\"><\/div>\n\n<\/div><\/div><\/div>\n\n<div class=\"gb-grid-column gb-grid-column-2ea497ec\"><div class=\"gb-container gb-container-2ea497ec\"><div class=\"gb-inside-container\">\n\n<h5 class=\"gb-headline gb-headline-ebff4958 gb-headline-text\"><strong>Chirurgie<\/strong><\/h5>\n\n\n\n<ul>\n<li>Dr. Sandu Ana Maria<\/li>\n<\/ul>\n\n\n\n<div style=\"height:12px\" aria-hidden=\"true\" class=\"wp-block-spacer\"><\/div>\n\n<\/div><\/div><\/div>\n<\/div>\n\n<div class=\"gb-grid-wrapper gb-grid-wrapper-3aaceb88\">\n<div class=\"gb-grid-column gb-grid-column-85184037\"><div class=\"gb-container gb-container-85184037\"><div class=\"gb-inside-container\">\n\n<h5 class=\"gb-headline gb-headline-96eb9b0a gb-headline-text\"><strong>Profilaxie<\/strong><\/h5>\n\n\n\n<ul>\n<li>Dr. Fojic\u0103 Radu<\/li>\n\n\n\n<li>Dr. C\u0103linescu Adrian<\/li>\n<\/ul>\n\n\n\n<div style=\"height:12px\" aria-hidden=\"true\" class=\"wp-block-spacer\"><\/div>\n\n<\/div><\/div><\/div>\n\n<div class=\"gb-grid-column gb-grid-column-b6b2235d\"><div class=\"gb-container gb-container-b6b2235d\"><div class=\"gb-inside-container\">\n\n<h5 class=\"gb-headline gb-headline-dcf20e40 gb-headline-text\"><strong>Protetic\u0103<\/strong><meta charset=\"utf-8\"><\/h5>\n\n\n\n<ul>\n<li>Dr. Iordache Anamaria<\/li>\n<\/ul>\n\n<\/div><\/div><\/div>\n\n<div class=\"gb-grid-column gb-grid-column-48194c08\"><div class=\"gb-container gb-container-48194c08\"><div class=\"gb-inside-container\">\n\n<div style=\"height:12px\" aria-hidden=\"true\" class=\"wp-block-spacer\"><\/div>\n\n<\/div><\/div><\/div>\n<\/div>\n<\/div><\/div>\n\n\n<div style=\"height:32px\" aria-hidden=\"true\" class=\"wp-block-spacer\"><\/div>\n\n\n<div class=\"gb-container gb-container-ba740789\"><div class=\"gb-inside-container\">\n\n<h4 class=\"gb-headline gb-headline-1e2b83c8 gb-headline-text\"><strong><strong>Scurta prezentare video a clinicii noastre:<\/strong><\/strong><\/h4>\n\n\n\n<figure class=\"wp-block-embed is-type-video is-provider-youtube wp-block-embed-youtube wp-embed-aspect-16-9 wp-has-aspect-ratio\"><div class=\"wp-block-embed__wrapper\">\n<div class=\"epyt-video-wrapper\"><div  id=\"_ytid_98295\"  width=\"1200\" height=\"675\"  data-origwidth=\"1200\" data-origheight=\"675\" data-facadesrc=\"https:\/\/www.youtube.com\/embed\/k1sCnNPCNfc?enablejsapi=1&#038;autoplay=0&#038;cc_load_policy=0&#038;cc_lang_pref=&#038;iv_load_policy=1&#038;loop=0&#038;rel=0&#038;fs=1&#038;playsinline=0&#038;autohide=2&#038;theme=dark&#038;color=red&#038;controls=1&#038;disablekb=0&#038;\" class=\"__youtube_prefs__ epyt-facade epyt-is-override  no-lazyload\" data-epautoplay=\"1\" ><img decoding=\"async\" data-spai-excluded=\"true\" class=\"epyt-facade-poster skip-lazy\" loading=\"lazy\"  alt=\"YouTube player\"  src=\"https:\/\/i.ytimg.com\/vi\/k1sCnNPCNfc\/maxresdefault.jpg\"  \/><button class=\"epyt-facade-play\" aria-label=\"Play\"><svg data-no-lazy=\"1\" height=\"100%\" version=\"1.1\" viewBox=\"0 0 68 48\" width=\"100%\"><path class=\"ytp-large-play-button-bg\" d=\"M66.52,7.74c-0.78-2.93-2.49-5.41-5.42-6.19C55.79,.13,34,0,34,0S12.21,.13,6.9,1.55 C3.97,2.33,2.27,4.81,1.48,7.74C0.06,13.05,0,24,0,24s0.06,10.95,1.48,16.26c0.78,2.93,2.49,5.41,5.42,6.19 C12.21,47.87,34,48,34,48s21.79-0.13,27.1-1.55c2.93-0.78,4.64-3.26,5.42-6.19C67.94,34.95,68,24,68,24S67.94,13.05,66.52,7.74z\" fill=\"#f00\"><\/path><path d=\"M 45,24 27,14 27,34\" fill=\"#fff\"><\/path><\/svg><\/button><\/div><\/div>\n<\/div><\/figure>\n\n\n\n<p class=\"has-text-align-center\">\u0218tim c\u0103 v\u0103 dori\u021bi s\u0103 g\u0103si\u021bi cea mai bun\u0103 cale de rezolvare a problemelor dumneavoastr\u0103 medicale, de aceea echipa noastr\u0103 de speciali\u0219ti este gata s\u0103 v\u0103 ajute. \u00cen clinicile Victoria trat\u0103m fiecare pacient cu profesionalism, discre\u021bie \u0219i compasiune.<\/p>\n\n\n<div class=\"gb-container gb-container-c7356c12\"><div class=\"gb-inside-container\">\n\n<div class=\"wp-block-buttons is-horizontal is-content-justification-center is-layout-flex wp-container-1 wp-block-buttons-is-layout-flex\">\n<div class=\"wp-block-button is-style-outline main-button sg-popup-id-1058\"><a class=\"wp-block-button__link has-accent-color has-base-3-background-color has-text-color has-background wp-element-button\" style=\"border-radius:20px\"><meta charset=\"utf-8\">PROGRAMEAZ\u0102-TE<\/a><\/div>\n<\/div>\n\n<\/div><\/div>\n<\/div><\/div>","protected":false},"excerpt":{"rendered":"<p>Echipa medical\u0103 Clinica Dentar\u0103 Victoria Craiova Ast\u0103zi ne m\u00e2ndrim cu o echip\u0103 de medici stomatologi cu experien\u021b\u0103 \u0219i rezultate care se asigur\u0103 \u00een fiecare zi de confortul pacien\u021bilor no\u0219tri. Ca pacient al nostru, \u00ee\u021bi garant\u0103m c\u0103: Scurta prezentare video a clinicii noastre: \u0218tim c\u0103 v\u0103 dori\u021bi s\u0103 g\u0103si\u021bi cea mai bun\u0103 cale de rezolvare a &#8230; <a title=\"Echipa Medical\u0103\" class=\"read-more\" href=\"https:\/\/clinicavictoria.ro\/craiova\/echipa-medicala\/\" aria-label=\"More on Echipa Medical\u0103\">Read more<\/a><\/p>\n","protected":false},"author":2,"featured_media":2225,"parent":0,"menu_order":0,"comment_status":"closed","ping_status":"closed","template":"","meta":{"inline_featured_image":false,"footnotes":""},"yoast_head":"<!-- This site is optimized with the Yoast SEO plugin v22.6 - https:\/\/yoast.com\/wordpress\/plugins\/seo\/ -->\n<title>Echipa Medical\u0103 | Clinica Dentar\u0103 Victoria Craiova<\/title>\n<meta name=\"description\" content=\"Ast\u0103zi ne m\u00e2ndrim cu o echip\u0103 de medici stomatologi cu experien\u021b\u0103 \u0219i rezultate care se asigur\u0103 \u00een fiecare zi de confortul pacien\u021bilor no\u0219tri.\" \/>\n<meta name=\"robots\" content=\"index, follow, max-snippet:-1, max-image-preview:large, max-video-preview:-1\" \/>\n<link rel=\"canonical\" href=\"https:\/\/clinicavictoria.ro\/craiova\/echipa-medicala\/\" \/>\n<meta property=\"og:locale\" content=\"en_US\" \/>\n<meta property=\"og:type\" content=\"article\" \/>\n<meta property=\"og:title\" content=\"Echipa Medical\u0103 | Clinica Dentar\u0103 Victoria Craiova\" \/>\n<meta property=\"og:description\" content=\"Ast\u0103zi ne m\u00e2ndrim cu o echip\u0103 de medici stomatologi cu experien\u021b\u0103 \u0219i rezultate care se asigur\u0103 \u00een fiecare zi de confortul pacien\u021bilor no\u0219tri.\" \/>\n<meta property=\"og:url\" content=\"https:\/\/clinicavictoria.ro\/craiova\/echipa-medicala\/\" \/>\n<meta property=\"og:site_name\" content=\"Clinica dentar\u0103 Victoria - Craiova\" \/>\n<meta property=\"article:modified_time\" content=\"2023-05-30T08:40:15+00:00\" \/>\n<meta property=\"og:image\" content=\"https:\/\/clinicavictoria.ro\/craiova\/wp-content\/uploads\/2022\/08\/featured-image-chirurgie-dentara-copy-copy-20.jpg\" \/>\n\t<meta property=\"og:image:width\" content=\"1080\" \/>\n\t<meta property=\"og:image:height\" content=\"1080\" \/>\n\t<meta property=\"og:image:type\" content=\"image\/jpeg\" \/>\n<meta name=\"twitter:card\" content=\"summary_large_image\" \/>\n<script type=\"application\/ld+json\" class=\"yoast-schema-graph\">{\"@context\":\"https:\/\/schema.org\",\"@graph\":[{\"@type\":\"WebPage\",\"@id\":\"https:\/\/clinicavictoria.ro\/craiova\/echipa-medicala\/\",\"url\":\"https:\/\/clinicavictoria.ro\/craiova\/echipa-medicala\/\",\"name\":\"Echipa Medical\u0103 | Clinica Dentar\u0103 Victoria Craiova\",\"isPartOf\":{\"@id\":\"https:\/\/clinicavictoria.ro\/craiova\/#website\"},\"primaryImageOfPage\":{\"@id\":\"https:\/\/clinicavictoria.ro\/craiova\/echipa-medicala\/#primaryimage\"},\"image\":{\"@id\":\"https:\/\/clinicavictoria.ro\/craiova\/echipa-medicala\/#primaryimage\"},\"thumbnailUrl\":\"https:\/\/clinicavictoria.ro\/craiova\/wp-content\/uploads\/2022\/08\/featured-image-chirurgie-dentara-copy-copy-20.jpg\",\"datePublished\":\"2021-11-11T12:55:48+00:00\",\"dateModified\":\"2023-05-30T08:40:15+00:00\",\"description\":\"Ast\u0103zi ne m\u00e2ndrim cu o echip\u0103 de medici stomatologi cu experien\u021b\u0103 \u0219i rezultate care se asigur\u0103 \u00een fiecare zi de confortul pacien\u021bilor no\u0219tri.\",\"breadcrumb\":{\"@id\":\"https:\/\/clinicavictoria.ro\/craiova\/echipa-medicala\/#breadcrumb\"},\"inLanguage\":\"en-US\",\"potentialAction\":[{\"@type\":\"ReadAction\",\"target\":[\"https:\/\/clinicavictoria.ro\/craiova\/echipa-medicala\/\"]}]},{\"@type\":\"ImageObject\",\"inLanguage\":\"en-US\",\"@id\":\"https:\/\/clinicavictoria.ro\/craiova\/echipa-medicala\/#primaryimage\",\"url\":\"https:\/\/clinicavictoria.ro\/craiova\/wp-content\/uploads\/2022\/08\/featured-image-chirurgie-dentara-copy-copy-20.jpg\",\"contentUrl\":\"https:\/\/clinicavictoria.ro\/craiova\/wp-content\/uploads\/2022\/08\/featured-image-chirurgie-dentara-copy-copy-20.jpg\",\"width\":1080,\"height\":1080,\"caption\":\"echipa medicala clinica dentara victoria craiova\"},{\"@type\":\"BreadcrumbList\",\"@id\":\"https:\/\/clinicavictoria.ro\/craiova\/echipa-medicala\/#breadcrumb\",\"itemListElement\":[{\"@type\":\"ListItem\",\"position\":1,\"name\":\"Home\",\"item\":\"https:\/\/clinicavictoria.ro\/craiova\/\"},{\"@type\":\"ListItem\",\"position\":2,\"name\":\"Echipa Medical\u0103\"}]},{\"@type\":\"WebSite\",\"@id\":\"https:\/\/clinicavictoria.ro\/craiova\/#website\",\"url\":\"https:\/\/clinicavictoria.ro\/craiova\/\",\"name\":\"Clinica dentar\u0103 Victoria - Craiova\",\"description\":\"\",\"publisher\":{\"@id\":\"https:\/\/clinicavictoria.ro\/craiova\/#organization\"},\"potentialAction\":[{\"@type\":\"SearchAction\",\"target\":{\"@type\":\"EntryPoint\",\"urlTemplate\":\"https:\/\/clinicavictoria.ro\/craiova\/?s={search_term_string}\"},\"query-input\":\"required name=search_term_string\"}],\"inLanguage\":\"en-US\"},{\"@type\":\"Organization\",\"@id\":\"https:\/\/clinicavictoria.ro\/craiova\/#organization\",\"name\":\"Clinica dentar\u0103 Victoria - Craiova\",\"url\":\"https:\/\/clinicavictoria.ro\/craiova\/\",\"logo\":{\"@type\":\"ImageObject\",\"inLanguage\":\"en-US\",\"@id\":\"https:\/\/clinicavictoria.ro\/craiova\/#\/schema\/logo\/image\/\",\"url\":\"https:\/\/clinicavictoria.ro\/craiova\/wp-content\/uploads\/2022\/08\/logo_clinicavictoria_cv.png\",\"contentUrl\":\"https:\/\/clinicavictoria.ro\/craiova\/wp-content\/uploads\/2022\/08\/logo_clinicavictoria_cv.png\",\"width\":700,\"height\":190,\"caption\":\"Clinica dentar\u0103 Victoria - Craiova\"},\"image\":{\"@id\":\"https:\/\/clinicavictoria.ro\/craiova\/#\/schema\/logo\/image\/\"}}]}<\/script>\n<!-- \/ Yoast SEO plugin. -->","yoast_head_json":{"title":"Echipa Medical\u0103 | Clinica Dentar\u0103 Victoria Craiova","description":"Ast\u0103zi ne m\u00e2ndrim cu o echip\u0103 de medici stomatologi cu experien\u021b\u0103 \u0219i rezultate care se asigur\u0103 \u00een fiecare zi de confortul pacien\u021bilor no\u0219tri.","robots":{"index":"index","follow":"follow","max-snippet":"max-snippet:-1","max-image-preview":"max-image-preview:large","max-video-preview":"max-video-preview:-1"},"canonical":"https:\/\/clinicavictoria.ro\/craiova\/echipa-medicala\/","og_locale":"en_US","og_type":"article","og_title":"Echipa Medical\u0103 | Clinica Dentar\u0103 Victoria Craiova","og_description":"Ast\u0103zi ne m\u00e2ndrim cu o echip\u0103 de medici stomatologi cu experien\u021b\u0103 \u0219i rezultate care se asigur\u0103 \u00een fiecare zi de confortul pacien\u021bilor no\u0219tri.","og_url":"https:\/\/clinicavictoria.ro\/craiova\/echipa-medicala\/","og_site_name":"Clinica dentar\u0103 Victoria - Craiova","article_modified_time":"2023-05-30T08:40:15+00:00","og_image":[{"width":1080,"height":1080,"url":"https:\/\/clinicavictoria.ro\/craiova\/wp-content\/uploads\/2022\/08\/featured-image-chirurgie-dentara-copy-copy-20.jpg","type":"image\/jpeg"}],"twitter_card":"summary_large_image","schema":{"@context":"https:\/\/schema.org","@graph":[{"@type":"WebPage","@id":"https:\/\/clinicavictoria.ro\/craiova\/echipa-medicala\/","url":"https:\/\/clinicavictoria.ro\/craiova\/echipa-medicala\/","name":"Echipa Medical\u0103 | Clinica Dentar\u0103 Victoria Craiova","isPartOf":{"@id":"https:\/\/clinicavictoria.ro\/craiova\/#website"},"primaryImageOfPage":{"@id":"https:\/\/clinicavictoria.ro\/craiova\/echipa-medicala\/#primaryimage"},"image":{"@id":"https:\/\/clinicavictoria.ro\/craiova\/echipa-medicala\/#primaryimage"},"thumbnailUrl":"https:\/\/clinicavictoria.ro\/craiova\/wp-content\/uploads\/2022\/08\/featured-image-chirurgie-dentara-copy-copy-20.jpg","datePublished":"2021-11-11T12:55:48+00:00","dateModified":"2023-05-30T08:40:15+00:00","description":"Ast\u0103zi ne m\u00e2ndrim cu o echip\u0103 de medici stomatologi cu experien\u021b\u0103 \u0219i rezultate care se asigur\u0103 \u00een fiecare zi de confortul pacien\u021bilor no\u0219tri.","breadcrumb":{"@id":"https:\/\/clinicavictoria.ro\/craiova\/echipa-medicala\/#breadcrumb"},"inLanguage":"en-US","potentialAction":[{"@type":"ReadAction","target":["https:\/\/clinicavictoria.ro\/craiova\/echipa-medicala\/"]}]},{"@type":"ImageObject","inLanguage":"en-US","@id":"https:\/\/clinicavictoria.ro\/craiova\/echipa-medicala\/#primaryimage","url":"https:\/\/clinicavictoria.ro\/craiova\/wp-content\/uploads\/2022\/08\/featured-image-chirurgie-dentara-copy-copy-20.jpg","contentUrl":"https:\/\/clinicavictoria.ro\/craiova\/wp-content\/uploads\/2022\/08\/featured-image-chirurgie-dentara-copy-copy-20.jpg","width":1080,"height":1080,"caption":"echipa medicala clinica dentara victoria craiova"},{"@type":"BreadcrumbList","@id":"https:\/\/clinicavictoria.ro\/craiova\/echipa-medicala\/#breadcrumb","itemListElement":[{"@type":"ListItem","position":1,"name":"Home","item":"https:\/\/clinicavictoria.ro\/craiova\/"},{"@type":"ListItem","position":2,"name":"Echipa Medical\u0103"}]},{"@type":"WebSite","@id":"https:\/\/clinicavictoria.ro\/craiova\/#website","url":"https:\/\/clinicavictoria.ro\/craiova\/","name":"Clinica dentar\u0103 Victoria - Craiova","description":"","publisher":{"@id":"https:\/\/clinicavictoria.ro\/craiova\/#organization"},"potentialAction":[{"@type":"SearchAction","target":{"@type":"EntryPoint","urlTemplate":"https:\/\/clinicavictoria.ro\/craiova\/?s={search_term_string}"},"query-input":"required name=search_term_string"}],"inLanguage":"en-US"},{"@type":"Organization","@id":"https:\/\/clinicavictoria.ro\/craiova\/#organization","name":"Clinica dentar\u0103 Victoria - Craiova","url":"https:\/\/clinicavictoria.ro\/craiova\/","logo":{"@type":"ImageObject","inLanguage":"en-US","@id":"https:\/\/clinicavictoria.ro\/craiova\/#\/schema\/logo\/image\/","url":"https:\/\/clinicavictoria.ro\/craiova\/wp-content\/uploads\/2022\/08\/logo_clinicavictoria_cv.png","contentUrl":"https:\/\/clinicavictoria.ro\/craiova\/wp-content\/uploads\/2022\/08\/logo_clinicavictoria_cv.png","width":700,"height":190,"caption":"Clinica dentar\u0103 Victoria - Craiova"},"image":{"@id":"https:\/\/clinicavictoria.ro\/craiova\/#\/schema\/logo\/image\/"}}]}},"_links":{"self":[{"href":"https:\/\/clinicavictoria.ro\/craiova\/wp-json\/wp\/v2\/pages\/82"}],"collection":[{"href":"https:\/\/clinicavictoria.ro\/craiova\/wp-json\/wp\/v2\/pages"}],"about":[{"href":"https:\/\/clinicavictoria.ro\/craiova\/wp-json\/wp\/v2\/types\/page"}],"author":[{"embeddable":true,"href":"https:\/\/clinicavictoria.ro\/craiova\/wp-json\/wp\/v2\/users\/2"}],"replies":[{"embeddable":true,"href":"https:\/\/clinicavictoria.ro\/craiova\/wp-json\/wp\/v2\/comments?post=82"}],"version-history":[{"count":34,"href":"https:\/\/clinicavictoria.ro\/craiova\/wp-json\/wp\/v2\/pages\/82\/revisions"}],"predecessor-version":[{"id":2352,"href":"https:\/\/clinicavictoria.ro\/craiova\/wp-json\/wp\/v2\/pages\/82\/revisions\/2352"}],"wp:featuredmedia":[{"embeddable":true,"href":"https:\/\/clinicavictoria.ro\/craiova\/wp-json\/wp\/v2\/media\/2225"}],"wp:attachment":[{"href":"https:\/\/clinicavictoria.ro\/craiova\/wp-json\/wp\/v2\/media?parent=82"}],"curies":[{"name":"wp","href":"https:\/\/api.w.org\/{rel}","templated":true}]}}