{"id":79,"date":"2021-11-11T15:54:55","date_gmt":"2021-11-11T12:54:55","guid":{"rendered":"https:\/\/clinicavictoria.ro\/bucuresti-doinacornea\/?page_id=79"},"modified":"2025-04-14T15:07:13","modified_gmt":"2025-04-14T12:07:13","slug":"viziune-si-valori","status":"publish","type":"page","link":"https:\/\/clinicavictoria.ro\/bucuresti-doinacornea\/viziune-si-valori\/","title":{"rendered":"Viziune \u0219i valori"},"content":{"rendered":"<div class=\"gb-container gb-container-d946bbc6\"><div class=\"gb-inside-container\">\n\n<h1 class=\"gb-headline gb-headline-3199ad2d gb-headline-text\">Viziune \u0219i valori<\/h1>\n\n\n\n<div class=\"line-separator\"><\/div>\n\n\n\n<h6 class=\"gb-headline gb-headline-34044221 gb-headline-text\"><strong><strong>Pacien\u021bii \u0219i s\u0103n\u0103tatea lor dentar<strong><strong>\u0103<\/strong><\/strong>, \u00eentotdeauna \u00een centrul aten\u021biei noastre<\/strong><\/strong><\/h6>\n\n\n\n<p>O gur\u0103 de s\u0103n\u0103tate \u00eenseamn\u0103 tot ce-\u0219i poate dori un pacient c\u00e2nd vine vorba de \u00eengrijire oral\u0103: servicii stomatologice de calitate superioar\u0103 &#8211; bazate pe o echip\u0103 de profesioni\u0219ti \u0219i pe tehnologie &#8211; \u0219i posibilitatea de a rezolva orice problem\u0103 dentar\u0103 \u00eentr-un singur loc.<\/p>\n\n\n\n<p>La Clinica Dentar\u0103 Victoria, am \u00eenceput \u0219i continu\u0103m s\u0103 construim stomatologia viitorului prin folosirea tehnologiei medicale de precizie care ofer\u0103 control, garanteaz\u0103 calitatea actului medical \u0219i \u00eembun\u0103t\u0103\u021be\u0219te experien\u021ba pacien\u021bilor \u00een clinica noastr\u0103.<\/p>\n\n\n\n<p>Planul de tratament este verificat \u0219i aprobat de c\u0103tre un consiliu medical, astfel, \u00een orice clinic\u0103 te afli, beneficiezi de aceea\u0219i calitate a stabilirii planului de tratament.<\/p>\n\n\n\n<p>Evolu\u021bia tehnologic\u0103 aduce beneficii incontestabile de la an la an. Procedurile realizate cu ajutorul tehnologiei u\u0219ureaz\u0103 stabilirea diagnosticului \u0219i aplicarea tratamentului \u0219i optimizeaz\u0103 considerabil timpul, at\u00e2t pentru medicii denti\u0219ti, c\u00e2t \u0219i pentru pacien\u021bi.<\/p>\n\n\n\n<p>Integr\u0103m \u0219i actualiz\u0103m continuu dot\u0103rile tehnologice ale clinicilor noastre, oferind un sistem stomatologic complet \u00een toate loca\u021biile din re\u021bea.<\/p>\n\n\n\n<p>Astfel, reu\u0219im s\u0103 solu\u021bion\u0103m orice problem\u0103 dentar\u0103 la un nivel \u00eenalt de performan\u021b\u0103, \u00een acela\u0219i loc:<\/p>\n\n\n\n<ul class=\"wp-block-list\">\n<li>Radiologie (radiologie digital\u0103, computer tomograf);<\/li>\n\n\n\n<li>Cabinete stomatologice specializate pe fiecare ramur\u0103 a stomatologiei: Ortodon\u021bie, Parodontologie, Endodon\u021bie, Odontoterapie, Pedodon\u021bie, Estetic\u0103 dentar\u0103, Protetic\u0103, Scanare intraoral\u0103 3Shape;<\/li>\n\n\n\n<li>Microscop endodontic;<\/li>\n\n\n\n<li>S\u0103li de chirurgie dentar\u0103;<\/li>\n\n\n\n<li>Laborator de tehnic\u0103 dentar\u0103;<\/li>\n\n\n\n<li>Consiliere \u0219i materiale pentru preven\u021bie \u0219i informare.<\/li>\n<\/ul>\n\n\n\n<p>Stomatologia modern\u0103 este accesibil\u0103 oric\u0103rui pacient care \u00een\u021belege c\u0103 un sistem este mai eficient, mai performant \u0219i mai pu\u021bin costisitor dec\u00e2t fiecare component\u0103 \u00een parte. Clinica Dentar\u0103 VICTORIA se adreseaz\u0103 celor care \u00ee\u0219i doresc tratamente dentare corecte \u0219i complete \u0219i o &nbsp;calitate \u00eenalt\u0103 a actului medical.<\/p>\n\n\n\n<p>Clinica ofer\u0103 tratamente stomatologice at\u00e2t pentru adul\u021bi c\u00e2t \u0219i pentru copii.<\/p>\n\n\n\n<div style=\"height:16px\" aria-hidden=\"true\" class=\"wp-block-spacer\"><\/div>\n\n<\/div><\/div>\n\n<div class=\"gb-container gb-container-b5315a12\"><div class=\"gb-inside-container\">\n<div class=\"gb-grid-wrapper gb-grid-wrapper-bbefdd53\">\n<div class=\"gb-grid-column gb-grid-column-79ec7d7a\"><div class=\"gb-container gb-container-79ec7d7a\"><div class=\"gb-inside-container\">\n\n<h5 class=\"gb-headline gb-headline-ef2486b8 gb-headline-text\"><strong>Clinica noastr\u0103 din Bucure\u0219ti (Blvd Doina Cornea)<\/strong><\/h5>\n\n\n\n<p class=\"has-text-align-center\">Clinica noastr\u0103 este un centru stomatologic de ultim\u0103 genera\u021bie dotat cu cea mai nou\u0103 tehnologie, capabil s\u0103 r\u0103spund\u0103 tuturor nevoilor dumneavoastr\u0103.<\/p>\n\n<\/div><\/div><\/div>\n\n<div class=\"gb-grid-column gb-grid-column-33b57dff\"><div class=\"gb-container gb-container-33b57dff\"><div class=\"gb-inside-container\">\n\n<figure class=\"wp-block-embed is-type-video is-provider-youtube wp-block-embed-youtube wp-embed-aspect-16-9 wp-has-aspect-ratio\"><div class=\"wp-block-embed__wrapper\">\n<div class=\"epyt-video-wrapper\"><div  id=\"_ytid_26203\"  width=\"1200\" height=\"675\"  data-origwidth=\"1200\" data-origheight=\"675\" data-facadesrc=\"https:\/\/www.youtube.com\/embed\/Pj8NxzldniY?enablejsapi=1&#038;autoplay=0&#038;cc_load_policy=0&#038;cc_lang_pref=&#038;iv_load_policy=1&#038;loop=0&#038;rel=0&#038;fs=1&#038;playsinline=0&#038;autohide=2&#038;theme=dark&#038;color=red&#038;controls=1&#038;disablekb=0&#038;\" class=\"__youtube_prefs__ epyt-facade epyt-is-override  no-lazyload\" data-epautoplay=\"1\" ><img decoding=\"async\" data-spai-excluded=\"true\" class=\"epyt-facade-poster skip-lazy\" loading=\"lazy\"  alt=\"YouTube player\"  src=\"https:\/\/i.ytimg.com\/vi\/Pj8NxzldniY\/maxresdefault.jpg\"  \/><button class=\"epyt-facade-play\" aria-label=\"Play\"><svg data-no-lazy=\"1\" height=\"100%\" version=\"1.1\" viewBox=\"0 0 68 48\" width=\"100%\"><path class=\"ytp-large-play-button-bg\" d=\"M66.52,7.74c-0.78-2.93-2.49-5.41-5.42-6.19C55.79,.13,34,0,34,0S12.21,.13,6.9,1.55 C3.97,2.33,2.27,4.81,1.48,7.74C0.06,13.05,0,24,0,24s0.06,10.95,1.48,16.26c0.78,2.93,2.49,5.41,5.42,6.19 C12.21,47.87,34,48,34,48s21.79-0.13,27.1-1.55c2.93-0.78,4.64-3.26,5.42-6.19C67.94,34.95,68,24,68,24S67.94,13.05,66.52,7.74z\" fill=\"#f00\"><\/path><path d=\"M 45,24 27,14 27,34\" fill=\"#fff\"><\/path><\/svg><\/button><\/div><\/div>\n<\/div><\/figure>\n\n<\/div><\/div><\/div>\n<\/div>\n<\/div><\/div>\n\n\n<div style=\"height:32px\" aria-hidden=\"true\" class=\"wp-block-spacer\"><\/div>\n\n\n<div class=\"gb-container gb-container-ed0e9394\"><div class=\"gb-inside-container\">\n<div class=\"gb-grid-wrapper gb-grid-wrapper-7a2807ee\">\n<div class=\"gb-grid-column gb-grid-column-535d39eb\"><div class=\"gb-container gb-container-535d39eb\"><div class=\"gb-inside-container\">\n\n<h5 class=\"gb-headline gb-headline-c4a19f38 gb-headline-text\"><strong>Avantajele noastre<\/strong><\/h5>\n\n\n\n<ul class=\"list-elements wp-block-list\">\n<li>Atitudinea fa\u021b\u0103 de pacien\u021bi<\/li>\n\n\n\n<li>Planuri de tratamente dentare complete \u0219i corecte<\/li>\n\n\n\n<li>Echip\u0103 numeroas\u0103 de medici cu experien\u021b\u0103<\/li>\n\n\n\n<li>Echipamente medicale de ultim\u0103 genera\u021bie<\/li>\n\n\n\n<li>Toate serviciile stomatologice \u00eentr-o singur\u0103 loca\u021bie<\/li>\n\n\n\n<li>Efectuarea diagnosticului de c\u0103tre un consiliu medical<\/li>\n\n\n\n<li>Accesul pacien\u021bilor la poze \u00eenainte\/dup\u0103, pentru fiecare interven\u021bie<\/li>\n<\/ul>\n\n<\/div><\/div><\/div>\n\n<div class=\"gb-grid-column gb-grid-column-3b72c893\"><div class=\"gb-container gb-container-3b72c893\"><div class=\"gb-inside-container\">\n\n<figure class=\"wp-block-image size-full\"><img loading=\"lazy\" decoding=\"async\" width=\"1024\" height=\"406\" src=\"https:\/\/clinicavictoria.ro\/bucuresti-doinacornea\/wp-content\/uploads\/2022\/08\/poze-clinica-victoria-pitesti.webp\" alt=\"poze clinica victoria pitesti\" class=\"wp-image-1980\" srcset=\"https:\/\/clinicavictoria.ro\/bucuresti-doinacornea\/wp-content\/uploads\/2022\/08\/poze-clinica-victoria-pitesti.webp 1024w, https:\/\/clinicavictoria.ro\/bucuresti-doinacornea\/wp-content\/uploads\/2022\/08\/poze-clinica-victoria-pitesti-300x119.webp 300w, https:\/\/clinicavictoria.ro\/bucuresti-doinacornea\/wp-content\/uploads\/2022\/08\/poze-clinica-victoria-pitesti-768x305.webp 768w\" sizes=\"auto, (max-width: 1024px) 100vw, 1024px\" \/><\/figure>\n\n<\/div><\/div><\/div>\n<\/div>\n<\/div><\/div>\n\n\n<div style=\"height:32px\" aria-hidden=\"true\" class=\"wp-block-spacer\"><\/div>\n\n\n<div class=\"gb-container gb-container-4026150c\"><div class=\"gb-inside-container\">\n<div class=\"gb-grid-wrapper gb-grid-wrapper-8c6f9912\">\n<div class=\"gb-grid-column gb-grid-column-4ec09ce5\"><div class=\"gb-container gb-container-4ec09ce5\"><div class=\"gb-inside-container\">\n\n<h5 class=\"gb-headline gb-headline-8d0f22bf\"><span class=\"gb-icon\"><svg aria-hidden=\"true\" role=\"img\" height=\"1em\" width=\"1em\" viewBox=\"0 0 384 512\" xmlns=\"http:\/\/www.w3.org\/2000\/svg\"><path fill=\"currentColor\" d=\"M97.12 362.63c-8.69-8.69-4.16-6.24-25.12-11.85-9.51-2.55-17.87-7.45-25.43-13.32L1.2 448.7c-4.39 10.77 3.81 22.47 15.43 22.03l52.69-2.01L105.56 507c8 8.44 22.04 5.81 26.43-4.96l52.05-127.62c-10.84 6.04-22.87 9.58-35.31 9.58-19.5 0-37.82-7.59-51.61-21.37zM382.8 448.7l-45.37-111.24c-7.56 5.88-15.92 10.77-25.43 13.32-21.07 5.64-16.45 3.18-25.12 11.85-13.79 13.78-32.12 21.37-51.62 21.37-12.44 0-24.47-3.55-35.31-9.58L252 502.04c4.39 10.77 18.44 13.4 26.43 4.96l36.25-38.28 52.69 2.01c11.62.44 19.82-11.27 15.43-22.03zM263 340c15.28-15.55 17.03-14.21 38.79-20.14 13.89-3.79 24.75-14.84 28.47-28.98 7.48-28.4 5.54-24.97 25.95-45.75 10.17-10.35 14.14-25.44 10.42-39.58-7.47-28.38-7.48-24.42 0-52.83 3.72-14.14-.25-29.23-10.42-39.58-20.41-20.78-18.47-17.36-25.95-45.75-3.72-14.14-14.58-25.19-28.47-28.98-27.88-7.61-24.52-5.62-44.95-26.41-10.17-10.35-25-14.4-38.89-10.61-27.87 7.6-23.98 7.61-51.9 0-13.89-3.79-28.72.25-38.89 10.61-20.41 20.78-17.05 18.8-44.94 26.41-13.89 3.79-24.75 14.84-28.47 28.98-7.47 28.39-5.54 24.97-25.95 45.75-10.17 10.35-14.15 25.44-10.42 39.58 7.47 28.36 7.48 24.4 0 52.82-3.72 14.14.25 29.23 10.42 39.59 20.41 20.78 18.47 17.35 25.95 45.75 3.72 14.14 14.58 25.19 28.47 28.98C104.6 325.96 106.27 325 121 340c13.23 13.47 33.84 15.88 49.74 5.82a39.676 39.676 0 0 1 42.53 0c15.89 10.06 36.5 7.65 49.73-5.82zM97.66 175.96c0-53.03 42.24-96.02 94.34-96.02s94.34 42.99 94.34 96.02-42.24 96.02-94.34 96.02-94.34-42.99-94.34-96.02z\"><\/path><\/svg><\/span><span class=\"gb-headline-text\"><strong>Incredere<\/strong><\/span><\/h5>\n\n\n\n<p class=\"has-text-align-center has-medium-font-size\">Credem \u00een seriozitate \u0219i \u00een lucrul bine f\u0103cut. De aceea sus\u021binem specializarea continu\u0103 \u0219i integrarea tehnologiei de ultim\u0103 or\u0103.<\/p>\n\n<\/div><\/div><\/div>\n\n<div class=\"gb-grid-column gb-grid-column-aeda7d07\"><div class=\"gb-container gb-container-aeda7d07\"><div class=\"gb-inside-container\">\n\n<h5 class=\"gb-headline gb-headline-65d83d1a\"><span class=\"gb-icon\"><svg aria-hidden=\"true\" role=\"img\" height=\"1em\" width=\"1em\" viewBox=\"0 0 512 512\" xmlns=\"http:\/\/www.w3.org\/2000\/svg\"><path fill=\"currentColor\" d=\"M462.3 62.6C407.5 15.9 326 24.3 275.7 76.2L256 96.5l-19.7-20.3C186.1 24.3 104.5 15.9 49.7 62.6c-62.8 53.6-66.1 149.8-9.9 207.9l193.5 199.8c12.5 12.9 32.8 12.9 45.3 0l193.5-199.8c56.3-58.1 53-154.3-9.8-207.9z\"><\/path><\/svg><\/span><span class=\"gb-headline-text\"><strong>Grij<strong>\u0103<\/strong> pentru pacient<\/strong><\/span><\/h5>\n\n\n\n<p class=\"has-text-align-center has-medium-font-size\">\u00cen\u021belegem nevoile \u0219i limit\u0103rile pacien\u021bilor. Le ascult\u0103m problemele, le explic\u0103m solu\u021biile \u0219i ne adapt\u0103m pentru a le oferi confortul necesar pentru rezolvare.<\/p>\n\n<\/div><\/div><\/div>\n\n<div class=\"gb-grid-column gb-grid-column-f5485200\"><div class=\"gb-container gb-container-f5485200\"><div class=\"gb-inside-container\">\n\n<h5 class=\"gb-headline gb-headline-e2fd3a03\"><span class=\"gb-icon\"><svg aria-hidden=\"true\" role=\"img\" height=\"1em\" width=\"1em\" viewBox=\"0 0 576 512\" xmlns=\"http:\/\/www.w3.org\/2000\/svg\"><path fill=\"currentColor\" d=\"M259.3 17.8L194 150.2 47.9 171.5c-26.2 3.8-36.7 36.1-17.7 54.6l105.7 103-25 145.5c-4.5 26.3 23.2 46 46.4 33.7L288 439.6l130.7 68.7c23.2 12.2 50.9-7.4 46.4-33.7l-25-145.5 105.7-103c19-18.5 8.5-50.8-17.7-54.6L382 150.2 316.7 17.8c-11.7-23.6-45.6-23.9-57.4 0z\"><\/path><\/svg><\/span><span class=\"gb-headline-text\"><strong>Excelen\u021b\u0103<\/strong><\/span><\/h5>\n\n\n\n<p class=\"has-text-align-center has-medium-font-size\">Sus\u021binem specializarea continu\u0103 a echipei de profesioni\u0219ti \u0219i integrarea celor mai noi tehnologii medicale pentru a trata orice problem\u0103 dentar\u0103 la cel mai \u00eenalt nivel de performan\u021b\u0103.<\/p>\n\n<\/div><\/div><\/div>\n<\/div>\n<\/div><\/div>","protected":false},"excerpt":{"rendered":"<p>Viziune \u0219i valori Pacien\u021bii \u0219i s\u0103n\u0103tatea lor dentar\u0103, \u00eentotdeauna \u00een centrul aten\u021biei noastre O gur\u0103 de s\u0103n\u0103tate \u00eenseamn\u0103 tot ce-\u0219i poate dori un pacient c\u00e2nd vine vorba de \u00eengrijire oral\u0103: servicii stomatologice de calitate superioar\u0103 &#8211; bazate pe o echip\u0103 de profesioni\u0219ti \u0219i pe tehnologie &#8211; \u0219i posibilitatea de a rezolva orice problem\u0103 dentar\u0103 \u00eentr-un &#8230; <a title=\"Viziune \u0219i valori\" class=\"read-more\" href=\"https:\/\/clinicavictoria.ro\/bucuresti-doinacornea\/viziune-si-valori\/\" aria-label=\"Read more about Viziune \u0219i valori\">Read more<\/a><\/p>\n","protected":false},"author":3,"featured_media":1981,"parent":0,"menu_order":0,"comment_status":"closed","ping_status":"closed","template":"","meta":{"inline_featured_image":false,"footnotes":""},"class_list":["post-79","page","type-page","status-publish","has-post-thumbnail"],"yoast_head":"<!-- This site is optimized with the Yoast SEO plugin v27.4 - https:\/\/yoast.com\/product\/yoast-seo-wordpress\/ -->\n<title>Viziune \u0219i Valori | Clinica Dentar\u0103 Victoria Bucure\u0219ti Doina Cornea<\/title>\n<meta name=\"description\" content=\"Am \u00eenceput \u0219i continu\u0103m s\u0103 construim stomatologia viitorului. Programeaz\u0103-te \u00een clinica noastr\u0103 \u0219i noi \u00ee\u021bi garant\u0103m succesul tratamentului.\" \/>\n<meta name=\"robots\" content=\"index, follow, max-snippet:-1, max-image-preview:large, max-video-preview:-1\" \/>\n<link rel=\"canonical\" href=\"https:\/\/clinicavictoria.ro\/bucuresti-doinacornea\/viziune-si-valori\/\" \/>\n<meta property=\"og:locale\" content=\"en_US\" \/>\n<meta property=\"og:type\" content=\"article\" \/>\n<meta property=\"og:title\" content=\"Viziune \u0219i Valori | Clinica Dentar\u0103 Victoria Bucure\u0219ti Doina Cornea\" \/>\n<meta property=\"og:description\" content=\"Am \u00eenceput \u0219i continu\u0103m s\u0103 construim stomatologia viitorului. Programeaz\u0103-te \u00een clinica noastr\u0103 \u0219i noi \u00ee\u021bi garant\u0103m succesul tratamentului.\" \/>\n<meta property=\"og:url\" content=\"https:\/\/clinicavictoria.ro\/bucuresti-doinacornea\/viziune-si-valori\/\" \/>\n<meta property=\"og:site_name\" content=\"Clinica dentar\u0103 Victoria - Bucure\u0219ti\" \/>\n<meta property=\"article:modified_time\" content=\"2025-04-14T12:07:13+00:00\" \/>\n<meta property=\"og:image\" content=\"https:\/\/clinicavictoria.ro\/bucuresti-doinacornea\/wp-content\/uploads\/2022\/08\/featured-image-chirurgie-dentara-copy-6.jpg\" \/>\n\t<meta property=\"og:image:width\" content=\"1080\" \/>\n\t<meta property=\"og:image:height\" content=\"1080\" \/>\n\t<meta property=\"og:image:type\" content=\"image\/jpeg\" \/>\n<meta name=\"twitter:card\" content=\"summary_large_image\" \/>\n<meta name=\"twitter:label1\" content=\"Est. reading time\" \/>\n\t<meta name=\"twitter:data1\" content=\"3 minutes\" \/>\n<script type=\"application\/ld+json\" class=\"yoast-schema-graph\">{\"@context\":\"https:\\\/\\\/schema.org\",\"@graph\":[{\"@type\":\"WebPage\",\"@id\":\"https:\\\/\\\/clinicavictoria.ro\\\/bucuresti-doinacornea\\\/viziune-si-valori\\\/\",\"url\":\"https:\\\/\\\/clinicavictoria.ro\\\/bucuresti-doinacornea\\\/viziune-si-valori\\\/\",\"name\":\"Viziune \u0219i Valori | Clinica Dentar\u0103 Victoria Bucure\u0219ti Doina Cornea\",\"isPartOf\":{\"@id\":\"https:\\\/\\\/clinicavictoria.ro\\\/bucuresti-doinacornea\\\/#website\"},\"primaryImageOfPage\":{\"@id\":\"https:\\\/\\\/clinicavictoria.ro\\\/bucuresti-doinacornea\\\/viziune-si-valori\\\/#primaryimage\"},\"image\":{\"@id\":\"https:\\\/\\\/clinicavictoria.ro\\\/bucuresti-doinacornea\\\/viziune-si-valori\\\/#primaryimage\"},\"thumbnailUrl\":\"https:\\\/\\\/clinicavictoria.ro\\\/bucuresti-doinacornea\\\/wp-content\\\/uploads\\\/2022\\\/08\\\/featured-image-chirurgie-dentara-copy-6.jpg\",\"datePublished\":\"2021-11-11T12:54:55+00:00\",\"dateModified\":\"2025-04-14T12:07:13+00:00\",\"description\":\"Am \u00eenceput \u0219i continu\u0103m s\u0103 construim stomatologia viitorului. Programeaz\u0103-te \u00een clinica noastr\u0103 \u0219i noi \u00ee\u021bi garant\u0103m succesul tratamentului.\",\"breadcrumb\":{\"@id\":\"https:\\\/\\\/clinicavictoria.ro\\\/bucuresti-doinacornea\\\/viziune-si-valori\\\/#breadcrumb\"},\"inLanguage\":\"en-US\",\"potentialAction\":[{\"@type\":\"ReadAction\",\"target\":[\"https:\\\/\\\/clinicavictoria.ro\\\/bucuresti-doinacornea\\\/viziune-si-valori\\\/\"]}]},{\"@type\":\"ImageObject\",\"inLanguage\":\"en-US\",\"@id\":\"https:\\\/\\\/clinicavictoria.ro\\\/bucuresti-doinacornea\\\/viziune-si-valori\\\/#primaryimage\",\"url\":\"https:\\\/\\\/clinicavictoria.ro\\\/bucuresti-doinacornea\\\/wp-content\\\/uploads\\\/2022\\\/08\\\/featured-image-chirurgie-dentara-copy-6.jpg\",\"contentUrl\":\"https:\\\/\\\/clinicavictoria.ro\\\/bucuresti-doinacornea\\\/wp-content\\\/uploads\\\/2022\\\/08\\\/featured-image-chirurgie-dentara-copy-6.jpg\",\"width\":1080,\"height\":1080,\"caption\":\"valori si viziune clinica dentara victoria pitesti\"},{\"@type\":\"BreadcrumbList\",\"@id\":\"https:\\\/\\\/clinicavictoria.ro\\\/bucuresti-doinacornea\\\/viziune-si-valori\\\/#breadcrumb\",\"itemListElement\":[{\"@type\":\"ListItem\",\"position\":1,\"name\":\"Home\",\"item\":\"https:\\\/\\\/clinicavictoria.ro\\\/bucuresti-doinacornea\\\/\"},{\"@type\":\"ListItem\",\"position\":2,\"name\":\"Viziune \u0219i valori\"}]},{\"@type\":\"WebSite\",\"@id\":\"https:\\\/\\\/clinicavictoria.ro\\\/bucuresti-doinacornea\\\/#website\",\"url\":\"https:\\\/\\\/clinicavictoria.ro\\\/bucuresti-doinacornea\\\/\",\"name\":\"Clinica dentar\u0103 Victoria - Bucure\u0219ti\",\"description\":\"\",\"publisher\":{\"@id\":\"https:\\\/\\\/clinicavictoria.ro\\\/bucuresti-doinacornea\\\/#organization\"},\"potentialAction\":[{\"@type\":\"SearchAction\",\"target\":{\"@type\":\"EntryPoint\",\"urlTemplate\":\"https:\\\/\\\/clinicavictoria.ro\\\/bucuresti-doinacornea\\\/?s={search_term_string}\"},\"query-input\":{\"@type\":\"PropertyValueSpecification\",\"valueRequired\":true,\"valueName\":\"search_term_string\"}}],\"inLanguage\":\"en-US\"},{\"@type\":\"Organization\",\"@id\":\"https:\\\/\\\/clinicavictoria.ro\\\/bucuresti-doinacornea\\\/#organization\",\"name\":\"Clinica dentar\u0103 Victoria - Bucure\u0219ti\",\"url\":\"https:\\\/\\\/clinicavictoria.ro\\\/bucuresti-doinacornea\\\/\",\"logo\":{\"@type\":\"ImageObject\",\"inLanguage\":\"en-US\",\"@id\":\"https:\\\/\\\/clinicavictoria.ro\\\/bucuresti-doinacornea\\\/#\\\/schema\\\/logo\\\/image\\\/\",\"url\":\"https:\\\/\\\/clinicavictoria.ro\\\/bucuresti-doinacornea\\\/wp-content\\\/uploads\\\/2025\\\/04\\\/logo-clinica-dentara-victoria-bucuresti-doina-cornea-V2.png\",\"contentUrl\":\"https:\\\/\\\/clinicavictoria.ro\\\/bucuresti-doinacornea\\\/wp-content\\\/uploads\\\/2025\\\/04\\\/logo-clinica-dentara-victoria-bucuresti-doina-cornea-V2.png\",\"width\":700,\"height\":190,\"caption\":\"Clinica dentar\u0103 Victoria - Bucure\u0219ti\"},\"image\":{\"@id\":\"https:\\\/\\\/clinicavictoria.ro\\\/bucuresti-doinacornea\\\/#\\\/schema\\\/logo\\\/image\\\/\"}}]}<\/script>\n<!-- \/ Yoast SEO plugin. -->","yoast_head_json":{"title":"Viziune \u0219i Valori | Clinica Dentar\u0103 Victoria Bucure\u0219ti Doina Cornea","description":"Am \u00eenceput \u0219i continu\u0103m s\u0103 construim stomatologia viitorului. Programeaz\u0103-te \u00een clinica noastr\u0103 \u0219i noi \u00ee\u021bi garant\u0103m succesul tratamentului.","robots":{"index":"index","follow":"follow","max-snippet":"max-snippet:-1","max-image-preview":"max-image-preview:large","max-video-preview":"max-video-preview:-1"},"canonical":"https:\/\/clinicavictoria.ro\/bucuresti-doinacornea\/viziune-si-valori\/","og_locale":"en_US","og_type":"article","og_title":"Viziune \u0219i Valori | Clinica Dentar\u0103 Victoria Bucure\u0219ti Doina Cornea","og_description":"Am \u00eenceput \u0219i continu\u0103m s\u0103 construim stomatologia viitorului. Programeaz\u0103-te \u00een clinica noastr\u0103 \u0219i noi \u00ee\u021bi garant\u0103m succesul tratamentului.","og_url":"https:\/\/clinicavictoria.ro\/bucuresti-doinacornea\/viziune-si-valori\/","og_site_name":"Clinica dentar\u0103 Victoria - Bucure\u0219ti","article_modified_time":"2025-04-14T12:07:13+00:00","og_image":[{"width":1080,"height":1080,"url":"https:\/\/clinicavictoria.ro\/bucuresti-doinacornea\/wp-content\/uploads\/2022\/08\/featured-image-chirurgie-dentara-copy-6.jpg","type":"image\/jpeg"}],"twitter_card":"summary_large_image","twitter_misc":{"Est. reading time":"3 minutes"},"schema":{"@context":"https:\/\/schema.org","@graph":[{"@type":"WebPage","@id":"https:\/\/clinicavictoria.ro\/bucuresti-doinacornea\/viziune-si-valori\/","url":"https:\/\/clinicavictoria.ro\/bucuresti-doinacornea\/viziune-si-valori\/","name":"Viziune \u0219i Valori | Clinica Dentar\u0103 Victoria Bucure\u0219ti Doina Cornea","isPartOf":{"@id":"https:\/\/clinicavictoria.ro\/bucuresti-doinacornea\/#website"},"primaryImageOfPage":{"@id":"https:\/\/clinicavictoria.ro\/bucuresti-doinacornea\/viziune-si-valori\/#primaryimage"},"image":{"@id":"https:\/\/clinicavictoria.ro\/bucuresti-doinacornea\/viziune-si-valori\/#primaryimage"},"thumbnailUrl":"https:\/\/clinicavictoria.ro\/bucuresti-doinacornea\/wp-content\/uploads\/2022\/08\/featured-image-chirurgie-dentara-copy-6.jpg","datePublished":"2021-11-11T12:54:55+00:00","dateModified":"2025-04-14T12:07:13+00:00","description":"Am \u00eenceput \u0219i continu\u0103m s\u0103 construim stomatologia viitorului. Programeaz\u0103-te \u00een clinica noastr\u0103 \u0219i noi \u00ee\u021bi garant\u0103m succesul tratamentului.","breadcrumb":{"@id":"https:\/\/clinicavictoria.ro\/bucuresti-doinacornea\/viziune-si-valori\/#breadcrumb"},"inLanguage":"en-US","potentialAction":[{"@type":"ReadAction","target":["https:\/\/clinicavictoria.ro\/bucuresti-doinacornea\/viziune-si-valori\/"]}]},{"@type":"ImageObject","inLanguage":"en-US","@id":"https:\/\/clinicavictoria.ro\/bucuresti-doinacornea\/viziune-si-valori\/#primaryimage","url":"https:\/\/clinicavictoria.ro\/bucuresti-doinacornea\/wp-content\/uploads\/2022\/08\/featured-image-chirurgie-dentara-copy-6.jpg","contentUrl":"https:\/\/clinicavictoria.ro\/bucuresti-doinacornea\/wp-content\/uploads\/2022\/08\/featured-image-chirurgie-dentara-copy-6.jpg","width":1080,"height":1080,"caption":"valori si viziune clinica dentara victoria pitesti"},{"@type":"BreadcrumbList","@id":"https:\/\/clinicavictoria.ro\/bucuresti-doinacornea\/viziune-si-valori\/#breadcrumb","itemListElement":[{"@type":"ListItem","position":1,"name":"Home","item":"https:\/\/clinicavictoria.ro\/bucuresti-doinacornea\/"},{"@type":"ListItem","position":2,"name":"Viziune \u0219i valori"}]},{"@type":"WebSite","@id":"https:\/\/clinicavictoria.ro\/bucuresti-doinacornea\/#website","url":"https:\/\/clinicavictoria.ro\/bucuresti-doinacornea\/","name":"Clinica dentar\u0103 Victoria - Bucure\u0219ti","description":"","publisher":{"@id":"https:\/\/clinicavictoria.ro\/bucuresti-doinacornea\/#organization"},"potentialAction":[{"@type":"SearchAction","target":{"@type":"EntryPoint","urlTemplate":"https:\/\/clinicavictoria.ro\/bucuresti-doinacornea\/?s={search_term_string}"},"query-input":{"@type":"PropertyValueSpecification","valueRequired":true,"valueName":"search_term_string"}}],"inLanguage":"en-US"},{"@type":"Organization","@id":"https:\/\/clinicavictoria.ro\/bucuresti-doinacornea\/#organization","name":"Clinica dentar\u0103 Victoria - Bucure\u0219ti","url":"https:\/\/clinicavictoria.ro\/bucuresti-doinacornea\/","logo":{"@type":"ImageObject","inLanguage":"en-US","@id":"https:\/\/clinicavictoria.ro\/bucuresti-doinacornea\/#\/schema\/logo\/image\/","url":"https:\/\/clinicavictoria.ro\/bucuresti-doinacornea\/wp-content\/uploads\/2025\/04\/logo-clinica-dentara-victoria-bucuresti-doina-cornea-V2.png","contentUrl":"https:\/\/clinicavictoria.ro\/bucuresti-doinacornea\/wp-content\/uploads\/2025\/04\/logo-clinica-dentara-victoria-bucuresti-doina-cornea-V2.png","width":700,"height":190,"caption":"Clinica dentar\u0103 Victoria - Bucure\u0219ti"},"image":{"@id":"https:\/\/clinicavictoria.ro\/bucuresti-doinacornea\/#\/schema\/logo\/image\/"}}]}},"_links":{"self":[{"href":"https:\/\/clinicavictoria.ro\/bucuresti-doinacornea\/wp-json\/wp\/v2\/pages\/79","targetHints":{"allow":["GET"]}}],"collection":[{"href":"https:\/\/clinicavictoria.ro\/bucuresti-doinacornea\/wp-json\/wp\/v2\/pages"}],"about":[{"href":"https:\/\/clinicavictoria.ro\/bucuresti-doinacornea\/wp-json\/wp\/v2\/types\/page"}],"author":[{"embeddable":true,"href":"https:\/\/clinicavictoria.ro\/bucuresti-doinacornea\/wp-json\/wp\/v2\/users\/3"}],"replies":[{"embeddable":true,"href":"https:\/\/clinicavictoria.ro\/bucuresti-doinacornea\/wp-json\/wp\/v2\/comments?post=79"}],"version-history":[{"count":34,"href":"https:\/\/clinicavictoria.ro\/bucuresti-doinacornea\/wp-json\/wp\/v2\/pages\/79\/revisions"}],"predecessor-version":[{"id":2638,"href":"https:\/\/clinicavictoria.ro\/bucuresti-doinacornea\/wp-json\/wp\/v2\/pages\/79\/revisions\/2638"}],"wp:featuredmedia":[{"embeddable":true,"href":"https:\/\/clinicavictoria.ro\/bucuresti-doinacornea\/wp-json\/wp\/v2\/media\/1981"}],"wp:attachment":[{"href":"https:\/\/clinicavictoria.ro\/bucuresti-doinacornea\/wp-json\/wp\/v2\/media?parent=79"}],"curies":[{"name":"wp","href":"https:\/\/api.w.org\/{rel}","templated":true}]}}