{"id":271,"date":"2021-11-29T17:33:14","date_gmt":"2021-11-29T14:33:14","guid":{"rendered":"https:\/\/clinicavictoria.ro\/bucuresti-doinacornea\/?page_id=271"},"modified":"2022-08-04T14:00:13","modified_gmt":"2022-08-04T11:00:13","slug":"termeni-si-conditii-de-utilizare","status":"publish","type":"page","link":"https:\/\/clinicavictoria.ro\/bucuresti-doinacornea\/termeni-si-conditii-de-utilizare\/","title":{"rendered":"Termenii \u0219i condi\u021bii de utilizare"},"content":{"rendered":"<div class=\"gb-container gb-container-1892766e\"><div class=\"gb-inside-container\">\n\n<h2 class=\"gb-headline gb-headline-2cd0d320 gb-headline-text\">Termenii \u0219i condi\u021biile de utilizare ale site-ului clinicavictoria.ro (Site)<\/h2>\n\n\n<div class=\"gb-container gb-container-ce3212c7\"><div class=\"gb-inside-container\">\n\n<ol class=\"has-global-color-8-color has-text-color wp-block-list\"><li><strong>Prin utilizarea acestui Site, sunte\u021bi de acord cu aceste condi\u021bii de utilizare<\/strong>.<\/li><\/ol>\n\n\n\n<p>Accesul \u0219i utilizarea acestui Site sunt supuse urm\u0103toarelor condi\u021bii de utilizare \u0219i tuturor legilor \u0219i regulamentelor aplicabile. Acces\u00e2nd \u0219i utiliz\u00e2nd Site-ul, accepta\u021bi, f\u0103r\u0103 limit\u0103ri sau calific\u0103ri, aceste condi\u021bii \u0219i lua\u021bi la cuno\u0219tin\u021b\u0103 c\u0103 orice alte acorduri \u00eentre Dumneavoastr\u0103 \u0219i VICTORIA DENTAL OFFICES SRL sunt \u00eenlocuite prin prevederile prezentelor Condi\u021bii de Utilizare. Dac\u0103 nu sunte\u021bi de acord sau nu accepta\u021bi, f\u0103r\u0103 limit\u0103ri sau calific\u0103ri, Condi\u021biile de Utilizare ale acestui Site, nu trebuie s\u0103 utiliza\u021bi website-ul, con\u021binutul sau serviciile sale.<\/p>\n\n\n\n<ol start=\"2\" class=\"has-global-color-8-color has-text-color wp-block-list\"><li><strong><\/strong><strong>Proprietatea Con\u021binutului<\/strong><\/li><\/ol>\n\n\n\n<p>Site-ul si tot ceea ce cuprinde acesta, incluz\u00e2nd f\u0103r\u0103 limitare toate textele \u0219i imaginile (&#8220;Con\u021binut&#8221;) sunt \u00een proprietatea \u0219i sub dreptul de autor (copyright) al VICTORIA DENTAL OFFICES SRL, din Pite\u0219ti, \u00eenregistrat\u0103 la Autoritatea Na\u021bional\u0103 de Supraveghere a prelucr\u0103rii datelor cu caracter personal, \u00een baza notific\u0103rii 18514 din 25 august 2014, sau al altora cu toate drepturile rezervate cu excep\u021bia cazului \u00een care nu este altfel specificat. Orice Con\u021binut care const\u0103 \u00eentr-o marc\u0103, logo, sau marc\u0103 de serviciu reprezint\u0103 marc\u0103 \u00eenregistrata \u0219i ne\u00eenregistrat\u0103 a VICTORIA DENTAL OFFICES SRL.&nbsp;<\/p>\n\n\n\n<ol start=\"3\" class=\"has-global-color-8-color has-text-color wp-block-list\"><li><strong><\/strong><strong>Utilizarea Site-ului<\/strong><\/li><\/ol>\n\n\n\n<p>Prin utilizarea website-ului\u00a0https:\/\/clinicavictoria.ro\/, utilizatorul poate vizualiza detalii despre servicii stomatologice.<\/p>\n\n\n\n<ol start=\"4\" class=\"has-global-color-8-color has-text-color wp-block-list\"><li><strong><\/strong><strong>Modificarea Termenilor \u0219i Condi\u021biilor<\/strong><\/li><\/ol>\n\n\n\n<p>VICTORIA DENTAL OFFICES SRL are dreptul de a modifica oric\u00e2nd \u0219i \u00een orice mod oricare dintre prevederile din Termeni \u0219i Condi\u021bii sau Termenii \u0219i Condi\u021biile \u00een \u00eentregime, f\u0103r\u0103 nicio notificare prealabil\u0103 \u0219i f\u0103r\u0103 a fi obligat\u0103 s\u0103 \u00eendeplineasc\u0103 vreo alt\u0103 formalitate fa\u021b\u0103 de Utilizatori. Orice modificare este acceptat\u0103 deplin \u0219i necondi\u021bionat de c\u0103tre Utilizatorii Site-ului prin simpla utilizare sau accesare a oric\u0103rei facilita\u021bi oferite de Site.<\/p>\n\n\n\n<ol start=\"5\" class=\"has-global-color-8-color has-text-color wp-block-list\"><li><strong><\/strong><strong>Limitarea r\u0103spunderii<\/strong><\/li><\/ol>\n\n\n\n<p>VICTORIA DENTAL OFFICES SRL \u0219i societ\u0103\u021bile sale afiliate, func\u021bionarii, directorii, angaja\u021bii, agen\u021bii sau orice alt\u0103 parte implicat\u0103 \u00een conceperea, producerea sau oferirea site-ului nu sunt r\u0103spunz\u0103toare pentru daune directe sau indirecte, de orice natur\u0103, ce ar rezulta din sau \u00een leg\u0103tur\u0103 cu utilizarea acestui site sau a con\u021binutului s\u0103u. VICTORIA DENTAL OFFICES SRL nu \u00ee\u0219i asum\u0103 nicio responsabilitate \u0219i nu va fi r\u0103spunz\u0103toare pentru nicio daun\u0103 sau viru\u0219i care ar putea sa v\u0103 infecteze computerul sau alte bunuri \u00een urma acces\u0103rii sau utiliz\u0103rii acestui site, sau desc\u0103rc\u0103rii oric\u0103rui material, informa\u021bii, text, imagini video sau audio de pe acest site.<\/p>\n\n\n\n<ol start=\"6\" class=\"has-global-color-8-color has-text-color wp-block-list\"><li><strong>Legisla\u021bie aplicabil\u0103 \u0219i Jurisdic\u021bie<\/strong><\/li><\/ol>\n\n\n\n<p>Aceste Condi\u021bii de Utilizare \u0219i utilizarea acestui site sunt guvernate de legile din Rom\u00e2nia. Instan\u021bele competente din Rom\u00e2nia vor avea jurisdic\u021bie exclusiv\u0103 asupra oric\u0103ror \u0219i tuturor disputelor ce vor ap\u0103rea din sau se vor referi la sau vor fi \u00een leg\u0103tur\u0103 cu prevederile Condi\u021biilor de Utilizare \u0219i\/sau Con\u021binutul site-ului sau \u00een cazul disputelor \u00een care aceste Condi\u021bii de Utilizare \u0219i\/sau acest site vor fi considerate fapte relevante pentru astfel de dispute.<\/p>\n\n<\/div><\/div>\n<\/div><\/div>","protected":false},"excerpt":{"rendered":"<p>Termenii \u0219i condi\u021biile de utilizare ale site-ului clinicavictoria.ro (Site) Prin utilizarea acestui Site, sunte\u021bi de acord cu aceste condi\u021bii de utilizare. Accesul \u0219i utilizarea acestui Site sunt supuse urm\u0103toarelor condi\u021bii de utilizare \u0219i tuturor legilor \u0219i regulamentelor aplicabile. Acces\u00e2nd \u0219i utiliz\u00e2nd Site-ul, accepta\u021bi, f\u0103r\u0103 limit\u0103ri sau calific\u0103ri, aceste condi\u021bii \u0219i lua\u021bi la cuno\u0219tin\u021b\u0103 c\u0103 orice &#8230; <a title=\"Termenii \u0219i condi\u021bii de utilizare\" class=\"read-more\" href=\"https:\/\/clinicavictoria.ro\/bucuresti-doinacornea\/termeni-si-conditii-de-utilizare\/\" aria-label=\"Read more about Termenii \u0219i condi\u021bii de utilizare\">Read more<\/a><\/p>\n","protected":false},"author":3,"featured_media":1936,"parent":0,"menu_order":0,"comment_status":"closed","ping_status":"closed","template":"","meta":{"inline_featured_image":false,"footnotes":""},"class_list":["post-271","page","type-page","status-publish","has-post-thumbnail"],"yoast_head":"<!-- This site is optimized with the Yoast SEO plugin v27.4 - https:\/\/yoast.com\/product\/yoast-seo-wordpress\/ -->\n<title>Termenii \u0219i Condi\u021bii de Utilizare | Clinica Dentar\u0103 Victoria<\/title>\n<meta name=\"description\" content=\"Accesul \u0219i utilizarea acestui Site sunt supuse urm\u0103toarelor condi\u021bii de utilizare \u0219i tuturor legilor \u0219i regulamentelor aplicabile.\" \/>\n<meta name=\"robots\" content=\"index, follow, max-snippet:-1, max-image-preview:large, max-video-preview:-1\" \/>\n<link rel=\"canonical\" href=\"https:\/\/clinicavictoria.ro\/bucuresti-doinacornea\/termeni-si-conditii-de-utilizare\/\" \/>\n<meta property=\"og:locale\" content=\"en_US\" \/>\n<meta property=\"og:type\" content=\"article\" \/>\n<meta property=\"og:title\" content=\"Termenii \u0219i Condi\u021bii de Utilizare | Clinica Dentar\u0103 Victoria\" \/>\n<meta property=\"og:description\" content=\"Accesul \u0219i utilizarea acestui Site sunt supuse urm\u0103toarelor condi\u021bii de utilizare \u0219i tuturor legilor \u0219i regulamentelor aplicabile.\" \/>\n<meta property=\"og:url\" content=\"https:\/\/clinicavictoria.ro\/bucuresti-doinacornea\/termeni-si-conditii-de-utilizare\/\" \/>\n<meta property=\"og:site_name\" content=\"Clinica dentar\u0103 Victoria - Bucure\u0219ti\" \/>\n<meta property=\"article:modified_time\" content=\"2022-08-04T11:00:13+00:00\" \/>\n<meta property=\"og:image\" content=\"https:\/\/clinicavictoria.ro\/bucuresti-doinacornea\/wp-content\/uploads\/2022\/08\/featured-image-chirurgie-dentara-copy.jpg\" \/>\n\t<meta property=\"og:image:width\" content=\"1080\" \/>\n\t<meta property=\"og:image:height\" content=\"1080\" \/>\n\t<meta property=\"og:image:type\" content=\"image\/jpeg\" \/>\n<meta name=\"twitter:card\" content=\"summary_large_image\" \/>\n<meta name=\"twitter:label1\" content=\"Est. reading time\" \/>\n\t<meta name=\"twitter:data1\" content=\"2 minutes\" \/>\n<script type=\"application\/ld+json\" class=\"yoast-schema-graph\">{\"@context\":\"https:\\\/\\\/schema.org\",\"@graph\":[{\"@type\":\"WebPage\",\"@id\":\"https:\\\/\\\/clinicavictoria.ro\\\/bucuresti-doinacornea\\\/termeni-si-conditii-de-utilizare\\\/\",\"url\":\"https:\\\/\\\/clinicavictoria.ro\\\/bucuresti-doinacornea\\\/termeni-si-conditii-de-utilizare\\\/\",\"name\":\"Termenii \u0219i Condi\u021bii de Utilizare | Clinica Dentar\u0103 Victoria\",\"isPartOf\":{\"@id\":\"https:\\\/\\\/clinicavictoria.ro\\\/bucuresti-doinacornea\\\/#website\"},\"primaryImageOfPage\":{\"@id\":\"https:\\\/\\\/clinicavictoria.ro\\\/bucuresti-doinacornea\\\/termeni-si-conditii-de-utilizare\\\/#primaryimage\"},\"image\":{\"@id\":\"https:\\\/\\\/clinicavictoria.ro\\\/bucuresti-doinacornea\\\/termeni-si-conditii-de-utilizare\\\/#primaryimage\"},\"thumbnailUrl\":\"https:\\\/\\\/clinicavictoria.ro\\\/bucuresti-doinacornea\\\/wp-content\\\/uploads\\\/2022\\\/08\\\/featured-image-chirurgie-dentara-copy.jpg\",\"datePublished\":\"2021-11-29T14:33:14+00:00\",\"dateModified\":\"2022-08-04T11:00:13+00:00\",\"description\":\"Accesul \u0219i utilizarea acestui Site sunt supuse urm\u0103toarelor condi\u021bii de utilizare \u0219i tuturor legilor \u0219i regulamentelor aplicabile.\",\"breadcrumb\":{\"@id\":\"https:\\\/\\\/clinicavictoria.ro\\\/bucuresti-doinacornea\\\/termeni-si-conditii-de-utilizare\\\/#breadcrumb\"},\"inLanguage\":\"en-US\",\"potentialAction\":[{\"@type\":\"ReadAction\",\"target\":[\"https:\\\/\\\/clinicavictoria.ro\\\/bucuresti-doinacornea\\\/termeni-si-conditii-de-utilizare\\\/\"]}]},{\"@type\":\"ImageObject\",\"inLanguage\":\"en-US\",\"@id\":\"https:\\\/\\\/clinicavictoria.ro\\\/bucuresti-doinacornea\\\/termeni-si-conditii-de-utilizare\\\/#primaryimage\",\"url\":\"https:\\\/\\\/clinicavictoria.ro\\\/bucuresti-doinacornea\\\/wp-content\\\/uploads\\\/2022\\\/08\\\/featured-image-chirurgie-dentara-copy.jpg\",\"contentUrl\":\"https:\\\/\\\/clinicavictoria.ro\\\/bucuresti-doinacornea\\\/wp-content\\\/uploads\\\/2022\\\/08\\\/featured-image-chirurgie-dentara-copy.jpg\",\"width\":1080,\"height\":1080,\"caption\":\"termeni si conditii de utilizare site - clinica dentara victoria\"},{\"@type\":\"BreadcrumbList\",\"@id\":\"https:\\\/\\\/clinicavictoria.ro\\\/bucuresti-doinacornea\\\/termeni-si-conditii-de-utilizare\\\/#breadcrumb\",\"itemListElement\":[{\"@type\":\"ListItem\",\"position\":1,\"name\":\"Home\",\"item\":\"https:\\\/\\\/clinicavictoria.ro\\\/bucuresti-doinacornea\\\/\"},{\"@type\":\"ListItem\",\"position\":2,\"name\":\"Termenii \u0219i condi\u021bii de utilizare\"}]},{\"@type\":\"WebSite\",\"@id\":\"https:\\\/\\\/clinicavictoria.ro\\\/bucuresti-doinacornea\\\/#website\",\"url\":\"https:\\\/\\\/clinicavictoria.ro\\\/bucuresti-doinacornea\\\/\",\"name\":\"Clinica dentar\u0103 Victoria - Bucure\u0219ti\",\"description\":\"\",\"publisher\":{\"@id\":\"https:\\\/\\\/clinicavictoria.ro\\\/bucuresti-doinacornea\\\/#organization\"},\"potentialAction\":[{\"@type\":\"SearchAction\",\"target\":{\"@type\":\"EntryPoint\",\"urlTemplate\":\"https:\\\/\\\/clinicavictoria.ro\\\/bucuresti-doinacornea\\\/?s={search_term_string}\"},\"query-input\":{\"@type\":\"PropertyValueSpecification\",\"valueRequired\":true,\"valueName\":\"search_term_string\"}}],\"inLanguage\":\"en-US\"},{\"@type\":\"Organization\",\"@id\":\"https:\\\/\\\/clinicavictoria.ro\\\/bucuresti-doinacornea\\\/#organization\",\"name\":\"Clinica dentar\u0103 Victoria - Bucure\u0219ti\",\"url\":\"https:\\\/\\\/clinicavictoria.ro\\\/bucuresti-doinacornea\\\/\",\"logo\":{\"@type\":\"ImageObject\",\"inLanguage\":\"en-US\",\"@id\":\"https:\\\/\\\/clinicavictoria.ro\\\/bucuresti-doinacornea\\\/#\\\/schema\\\/logo\\\/image\\\/\",\"url\":\"https:\\\/\\\/clinicavictoria.ro\\\/bucuresti-doinacornea\\\/wp-content\\\/uploads\\\/2025\\\/04\\\/logo-clinica-dentara-victoria-bucuresti-doina-cornea-V2.png\",\"contentUrl\":\"https:\\\/\\\/clinicavictoria.ro\\\/bucuresti-doinacornea\\\/wp-content\\\/uploads\\\/2025\\\/04\\\/logo-clinica-dentara-victoria-bucuresti-doina-cornea-V2.png\",\"width\":700,\"height\":190,\"caption\":\"Clinica dentar\u0103 Victoria - Bucure\u0219ti\"},\"image\":{\"@id\":\"https:\\\/\\\/clinicavictoria.ro\\\/bucuresti-doinacornea\\\/#\\\/schema\\\/logo\\\/image\\\/\"}}]}<\/script>\n<!-- \/ Yoast SEO plugin. -->","yoast_head_json":{"title":"Termenii \u0219i Condi\u021bii de Utilizare | Clinica Dentar\u0103 Victoria","description":"Accesul \u0219i utilizarea acestui Site sunt supuse urm\u0103toarelor condi\u021bii de utilizare \u0219i tuturor legilor \u0219i regulamentelor aplicabile.","robots":{"index":"index","follow":"follow","max-snippet":"max-snippet:-1","max-image-preview":"max-image-preview:large","max-video-preview":"max-video-preview:-1"},"canonical":"https:\/\/clinicavictoria.ro\/bucuresti-doinacornea\/termeni-si-conditii-de-utilizare\/","og_locale":"en_US","og_type":"article","og_title":"Termenii \u0219i Condi\u021bii de Utilizare | Clinica Dentar\u0103 Victoria","og_description":"Accesul \u0219i utilizarea acestui Site sunt supuse urm\u0103toarelor condi\u021bii de utilizare \u0219i tuturor legilor \u0219i regulamentelor aplicabile.","og_url":"https:\/\/clinicavictoria.ro\/bucuresti-doinacornea\/termeni-si-conditii-de-utilizare\/","og_site_name":"Clinica dentar\u0103 Victoria - Bucure\u0219ti","article_modified_time":"2022-08-04T11:00:13+00:00","og_image":[{"width":1080,"height":1080,"url":"https:\/\/clinicavictoria.ro\/bucuresti-doinacornea\/wp-content\/uploads\/2022\/08\/featured-image-chirurgie-dentara-copy.jpg","type":"image\/jpeg"}],"twitter_card":"summary_large_image","twitter_misc":{"Est. reading time":"2 minutes"},"schema":{"@context":"https:\/\/schema.org","@graph":[{"@type":"WebPage","@id":"https:\/\/clinicavictoria.ro\/bucuresti-doinacornea\/termeni-si-conditii-de-utilizare\/","url":"https:\/\/clinicavictoria.ro\/bucuresti-doinacornea\/termeni-si-conditii-de-utilizare\/","name":"Termenii \u0219i Condi\u021bii de Utilizare | Clinica Dentar\u0103 Victoria","isPartOf":{"@id":"https:\/\/clinicavictoria.ro\/bucuresti-doinacornea\/#website"},"primaryImageOfPage":{"@id":"https:\/\/clinicavictoria.ro\/bucuresti-doinacornea\/termeni-si-conditii-de-utilizare\/#primaryimage"},"image":{"@id":"https:\/\/clinicavictoria.ro\/bucuresti-doinacornea\/termeni-si-conditii-de-utilizare\/#primaryimage"},"thumbnailUrl":"https:\/\/clinicavictoria.ro\/bucuresti-doinacornea\/wp-content\/uploads\/2022\/08\/featured-image-chirurgie-dentara-copy.jpg","datePublished":"2021-11-29T14:33:14+00:00","dateModified":"2022-08-04T11:00:13+00:00","description":"Accesul \u0219i utilizarea acestui Site sunt supuse urm\u0103toarelor condi\u021bii de utilizare \u0219i tuturor legilor \u0219i regulamentelor aplicabile.","breadcrumb":{"@id":"https:\/\/clinicavictoria.ro\/bucuresti-doinacornea\/termeni-si-conditii-de-utilizare\/#breadcrumb"},"inLanguage":"en-US","potentialAction":[{"@type":"ReadAction","target":["https:\/\/clinicavictoria.ro\/bucuresti-doinacornea\/termeni-si-conditii-de-utilizare\/"]}]},{"@type":"ImageObject","inLanguage":"en-US","@id":"https:\/\/clinicavictoria.ro\/bucuresti-doinacornea\/termeni-si-conditii-de-utilizare\/#primaryimage","url":"https:\/\/clinicavictoria.ro\/bucuresti-doinacornea\/wp-content\/uploads\/2022\/08\/featured-image-chirurgie-dentara-copy.jpg","contentUrl":"https:\/\/clinicavictoria.ro\/bucuresti-doinacornea\/wp-content\/uploads\/2022\/08\/featured-image-chirurgie-dentara-copy.jpg","width":1080,"height":1080,"caption":"termeni si conditii de utilizare site - clinica dentara victoria"},{"@type":"BreadcrumbList","@id":"https:\/\/clinicavictoria.ro\/bucuresti-doinacornea\/termeni-si-conditii-de-utilizare\/#breadcrumb","itemListElement":[{"@type":"ListItem","position":1,"name":"Home","item":"https:\/\/clinicavictoria.ro\/bucuresti-doinacornea\/"},{"@type":"ListItem","position":2,"name":"Termenii \u0219i condi\u021bii de utilizare"}]},{"@type":"WebSite","@id":"https:\/\/clinicavictoria.ro\/bucuresti-doinacornea\/#website","url":"https:\/\/clinicavictoria.ro\/bucuresti-doinacornea\/","name":"Clinica dentar\u0103 Victoria - Bucure\u0219ti","description":"","publisher":{"@id":"https:\/\/clinicavictoria.ro\/bucuresti-doinacornea\/#organization"},"potentialAction":[{"@type":"SearchAction","target":{"@type":"EntryPoint","urlTemplate":"https:\/\/clinicavictoria.ro\/bucuresti-doinacornea\/?s={search_term_string}"},"query-input":{"@type":"PropertyValueSpecification","valueRequired":true,"valueName":"search_term_string"}}],"inLanguage":"en-US"},{"@type":"Organization","@id":"https:\/\/clinicavictoria.ro\/bucuresti-doinacornea\/#organization","name":"Clinica dentar\u0103 Victoria - Bucure\u0219ti","url":"https:\/\/clinicavictoria.ro\/bucuresti-doinacornea\/","logo":{"@type":"ImageObject","inLanguage":"en-US","@id":"https:\/\/clinicavictoria.ro\/bucuresti-doinacornea\/#\/schema\/logo\/image\/","url":"https:\/\/clinicavictoria.ro\/bucuresti-doinacornea\/wp-content\/uploads\/2025\/04\/logo-clinica-dentara-victoria-bucuresti-doina-cornea-V2.png","contentUrl":"https:\/\/clinicavictoria.ro\/bucuresti-doinacornea\/wp-content\/uploads\/2025\/04\/logo-clinica-dentara-victoria-bucuresti-doina-cornea-V2.png","width":700,"height":190,"caption":"Clinica dentar\u0103 Victoria - Bucure\u0219ti"},"image":{"@id":"https:\/\/clinicavictoria.ro\/bucuresti-doinacornea\/#\/schema\/logo\/image\/"}}]}},"_links":{"self":[{"href":"https:\/\/clinicavictoria.ro\/bucuresti-doinacornea\/wp-json\/wp\/v2\/pages\/271","targetHints":{"allow":["GET"]}}],"collection":[{"href":"https:\/\/clinicavictoria.ro\/bucuresti-doinacornea\/wp-json\/wp\/v2\/pages"}],"about":[{"href":"https:\/\/clinicavictoria.ro\/bucuresti-doinacornea\/wp-json\/wp\/v2\/types\/page"}],"author":[{"embeddable":true,"href":"https:\/\/clinicavictoria.ro\/bucuresti-doinacornea\/wp-json\/wp\/v2\/users\/3"}],"replies":[{"embeddable":true,"href":"https:\/\/clinicavictoria.ro\/bucuresti-doinacornea\/wp-json\/wp\/v2\/comments?post=271"}],"version-history":[{"count":9,"href":"https:\/\/clinicavictoria.ro\/bucuresti-doinacornea\/wp-json\/wp\/v2\/pages\/271\/revisions"}],"predecessor-version":[{"id":2745,"href":"https:\/\/clinicavictoria.ro\/bucuresti-doinacornea\/wp-json\/wp\/v2\/pages\/271\/revisions\/2745"}],"wp:featuredmedia":[{"embeddable":true,"href":"https:\/\/clinicavictoria.ro\/bucuresti-doinacornea\/wp-json\/wp\/v2\/media\/1936"}],"wp:attachment":[{"href":"https:\/\/clinicavictoria.ro\/bucuresti-doinacornea\/wp-json\/wp\/v2\/media?parent=271"}],"curies":[{"name":"wp","href":"https:\/\/api.w.org\/{rel}","templated":true}]}}