{"id":2706,"date":"2024-08-16T19:23:39","date_gmt":"2024-08-16T16:23:39","guid":{"rendered":"https:\/\/clinicavictoria.ro\/bucuresti-doinacornea\/?page_id=2706"},"modified":"2026-03-11T13:05:38","modified_gmt":"2026-03-11T10:05:38","slug":"parodontologie","status":"publish","type":"page","link":"https:\/\/clinicavictoria.ro\/bucuresti-doinacornea\/parodontologie\/","title":{"rendered":"Parodontologie"},"content":{"rendered":"<div class=\"gb-container gb-container-faede559\"><div class=\"gb-inside-container\">\n\n<h1 class=\"gb-headline gb-headline-1f5c767b gb-headline-text\">Parodontologie<\/h1>\n\n\n\n<div class=\"line-separator\"><\/div>\n\n\n\n<h6 class=\"gb-headline gb-headline-d4b56e91 gb-headline-text\"><strong><strong><strong><strong>Clinica Dentar\u0103 Victoria Bucure\u0219ti (Blvd. Doina Cornea)<\/strong><\/strong><\/strong><\/strong><\/h6>\n\n\n\n<p class=\"has-text-align-center\">La Clinica Victoria din Bucure\u0219ti, speciali\u0219tii \u00een Parodontologie se concentreaz\u0103 pe s\u0103n\u0103tatea gingiilor \u0219i a structurii de sus\u021binere a din\u021bilor, oferind tratamente eficiente pentru prevenirea \u0219i gestionarea bolilor parodontale, asigur\u00e2nd un z\u00e2mbet s\u0103n\u0103tos \u0219i durabil.<\/p>\n\n\n<div class=\"wp-block-image\">\n<figure class=\"aligncenter size-full\"><img loading=\"lazy\" decoding=\"async\" width=\"1200\" height=\"600\" src=\"https:\/\/clinicavictoria.ro\/bucuresti-doinacornea\/wp-content\/uploads\/2024\/08\/parodontologie-bucuresti.jpg\" alt=\"\" class=\"wp-image-2709\" srcset=\"https:\/\/clinicavictoria.ro\/bucuresti-doinacornea\/wp-content\/uploads\/2024\/08\/parodontologie-bucuresti.jpg 1200w, https:\/\/clinicavictoria.ro\/bucuresti-doinacornea\/wp-content\/uploads\/2024\/08\/parodontologie-bucuresti-300x150.jpg 300w, https:\/\/clinicavictoria.ro\/bucuresti-doinacornea\/wp-content\/uploads\/2024\/08\/parodontologie-bucuresti-1024x512.jpg 1024w, https:\/\/clinicavictoria.ro\/bucuresti-doinacornea\/wp-content\/uploads\/2024\/08\/parodontologie-bucuresti-768x384.jpg 768w\" sizes=\"auto, (max-width: 1200px) 100vw, 1200px\" \/><\/figure>\n<\/div>\n\n\n<div style=\"height:10px\" aria-hidden=\"true\" class=\"wp-block-spacer\"><\/div>\n\n\n\n<h5 class=\"gb-headline gb-headline-3dba0a8b gb-headline-text\"><strong>Ce este parodontologia?<\/strong><\/h5>\n\n\n\n<p>Parodontologia se ocup\u0103 cu prevenirea, diagnosticarea \u0219i tratamentul bolilor gingivale \u0219i ale \u021besuturilor de sus\u021binere a din\u021bilor. Aceste afec\u021biuni pot ap\u0103rea la orice v\u00e2rst\u0103, dar sunt mai frecvente la adul\u021bi. Este esen\u021bial ca pacien\u021bii s\u0103 acorde o aten\u021bie deosebit\u0103 igienei orale pentru a preveni problemele parodontale, care, netratate, pot duce la pierderea din\u021bilor. Educa\u021bia corect\u0103 \u0219i \u00eengrijirea adecvat\u0103 a gingiilor de la o v\u00e2rst\u0103 fraged\u0103 pot preveni necesitatea unor proceduri stomatologice mai invazive, cum ar fi tratamentele chirurgicale sau implanturile dentare.<\/p>\n\n\n\n<h5 class=\"gb-headline gb-headline-347b8bde gb-headline-text\"><strong>Care este scopul tratamentelor parodontale?<\/strong><\/h5>\n\n\n\n<p>Bolile parodontale, cunoscute \u0219i sub denumirea de &#8220;boala gingiilor&#8221;, afecteaz\u0103 \u021besuturile de sus\u021binere a din\u021bilor, pun\u00e2nd \u00een pericol s\u0103n\u0103tatea \u00eentregii cavit\u0103\u021bi bucale. Inflama\u021biile gingivale netratate pot duce la pierderea din\u021bilor \u0219i la deteriorarea oaselor maxilare. Tratamentul parodontal vizeaz\u0103 prevenirea \u0219i combaterea acestor afec\u021biuni prin interven\u021bii specializate \u0219i \u00eengrijiri preventive.<\/p>\n\n\n\n<p>Progresele moderne \u00een parodontologie permit tratamente minim invazive, ajut\u00e2nd la restabilirea s\u0103n\u0103t\u0103\u021bii gingivale \u0219i la men\u021binerea z\u00e2mbetului natural al pacien\u021bilor. Prin diagnosticare timpurie \u0219i \u00eengrijire corespunz\u0103toare, se pot evita proceduri mai complicate, cum ar fi interven\u021biile chirurgicale sau implanturile dentare.<\/p>\n\n\n\n<p class=\"has-text-align-center\">Dot\u0103rile tehnologice de ultim\u0103 genera\u021bie \u0219i personalul medical cu experien\u021b\u0103 v\u0103 vor asigura planuri de tratament ortodontice cu maxim de confort, siguran\u021b\u0103 \u0219i eficien\u021b\u0103.<\/p>\n\n<\/div><\/div>\n\n\n<div style=\"height:32px\" aria-hidden=\"true\" class=\"wp-block-spacer\"><\/div>\n\n\n<div class=\"gb-container gb-container-fce2726a\"><div class=\"gb-inside-container\">\n\n<h5 class=\"gb-headline gb-headline-e1e6abc4 gb-headline-text\"><strong>Medici speciali\u0219ti parodontologie<\/strong><\/h5>\n\n\n<div class=\"gb-grid-wrapper gb-grid-wrapper-9a10721a contaier-box-with-shadow\">\n<div class=\"gb-grid-column gb-grid-column-6cb4e280\"><div class=\"gb-container gb-container-6cb4e280\"><div class=\"gb-inside-container\">\n\n<figure class=\"wp-block-image size-full\"><img loading=\"lazy\" decoding=\"async\" width=\"600\" height=\"900\" src=\"https:\/\/clinicavictoria.ro\/bucuresti-doinacornea\/wp-content\/uploads\/2022\/08\/m-medic-stomatolog.jpg\" alt=\"m medic stomatolog\" class=\"wp-image-2194\" srcset=\"https:\/\/clinicavictoria.ro\/bucuresti-doinacornea\/wp-content\/uploads\/2022\/08\/m-medic-stomatolog.jpg 600w, https:\/\/clinicavictoria.ro\/bucuresti-doinacornea\/wp-content\/uploads\/2022\/08\/m-medic-stomatolog-200x300.jpg 200w\" sizes=\"auto, (max-width: 600px) 100vw, 600px\" \/><\/figure>\n\n\n\n<div style=\"height:16px\" aria-hidden=\"true\" class=\"wp-block-spacer\"><\/div>\n\n\n\n<h5 class=\"gb-headline gb-headline-b480e152 gb-headline-text\"><strong>Dr. Alexandru Popescu<\/strong><\/h5>\n\n\n\n<div class=\"line-separator\"><\/div>\n\n\n\n<p class=\"has-text-align-center\"><strong><strong><strong><strong><strong><strong><strong><strong><strong>Medic stomatolog<\/strong><\/strong><\/strong><\/strong><\/strong><\/strong><\/strong><\/strong><\/strong><\/p>\n\n<\/div><\/div><\/div>\n<\/div>\n<\/div><\/div>\n\n\n<div style=\"height:32px\" aria-hidden=\"true\" class=\"wp-block-spacer\"><\/div>\n\n\n<div class=\"gb-container gb-container-c87d64e3\"><div class=\"gb-inside-container\">\n\n<p class=\"has-text-align-center\">Programa\u021bi-v\u0103 pentru o consulta\u021bie ini\u021bial\u0103 \u00een clinica noastr\u0103 \u0219i noi v\u0103 garant\u0103m c\u0103 ve\u021bi beneficia de toat\u0103 aten\u021bia echipei noastre medicale.<\/p>\n\n\n\n<p class=\"has-text-align-center\">Pentru program\u0103ri, apela\u021bi:<\/p>\n\n\n\n<h3 class=\"gb-headline gb-headline-a8d8c91b gb-headline-text\"><strong><a href=\"tel:0314 254 376\">0314 254 376<\/a><\/strong><\/h3>\n\n<\/div><\/div>\n\n\n<p class=\"has-text-align-center\">sau ap\u0103sa\u021bi butonul de mai jos:<\/p>\n\n\n\n<div class=\"wp-block-buttons is-horizontal is-content-justification-center is-layout-flex wp-container-core-buttons-is-layout-499968f5 wp-block-buttons-is-layout-flex\">\n<div class=\"wp-block-button main-button is-style-outline sg-popup-id-1058 is-style-outline--1\"><a class=\"wp-block-button__link has-accent-color has-base-3-background-color has-text-color has-background wp-element-button\">PROGRAMEAZ\u0102-TE<\/a><\/div>\n<\/div>\n\n\n\n<div style=\"height:32px\" aria-hidden=\"true\" class=\"wp-block-spacer\"><\/div>\n\n\n\n<h5 class=\"gb-headline gb-headline-8c5bd03c gb-headline-text\"><strong><strong>Avantajele de a beneficia de toate serviciile dentare \u00eentr-o sigur\u0103 loca\u021bie.<\/strong><\/strong><\/h5>\n\n\n\n<p>Un sistem complet de servicii \u00een aceea\u0219i loca\u021bie acoper\u0103 toate nevoile \u0219i problemele posibile ale pacientului, f\u0103r\u0103 a-l pune pe drumuri. Pe de alt\u0103 parte, un singur aspect terapeutic poate fi privit \u00een ansamblu de mai mul\u021bi speciali\u0219ti, din mai multe unghiuri, astfel \u00eenc\u00e2t pacientul s\u0103 nu \u00ee\u0219i pun\u0103 problema dac\u0103 a primit cel mai bun sfat sau cel mai bun plan de tratament, \u00eentruc\u00e2t \u00een cadrul clinicilor Victoria poate beneficia si de opinia medicului chirurg, \u0219i de cea a medicului ortodont, endodont, sau de alte specialit\u0103\u021bi, pl\u0103tind doar pentru o singur\u0103 consulta\u021bie.<\/p>\n\n\n\n<div style=\"height:32px\" aria-hidden=\"true\" class=\"wp-block-spacer\"><\/div>\n\n\n<div class=\"gb-container gb-container-c72f458e\"><div class=\"gb-inside-container\">\n\n<h5 class=\"gb-headline gb-headline-95b090dd gb-headline-text\"><strong>Pre\u021buri<\/strong><\/h5>\n\n\n\n<figure class=\"wp-block-table is-style-stripes styled-table\"><table><thead><tr><th class=\"has-text-align-left\" data-align=\"left\"><strong>Nume Serviciu<\/strong><\/th><th class=\"has-text-align-center\" data-align=\"center\"><strong>Pre<strong>\u021b<\/strong> (Lei)<\/strong><\/th><\/tr><\/thead><tbody><tr><td class=\"has-text-align-left\" data-align=\"left\">Chiuretaj gingival\u00a0\u00een\u00a0c\u00e2mp\u00a0\u00eenchis-decontaminare\/cadran<\/td><td class=\"has-text-align-center\" data-align=\"center\">500<\/td><\/tr><tr><td class=\"has-text-align-left\" data-align=\"left\">Conten\u021bie din\u021bi mobili<\/td><td class=\"has-text-align-center\" data-align=\"center\">600<\/td><\/tr><tr><td class=\"has-text-align-left\" data-align=\"left\">Refacere bont cu pivot din fibr\u0103 de sticl\u0103 monoradicular<\/td><td class=\"has-text-align-center\" data-align=\"center\">100<\/td><\/tr><\/tbody><\/table><\/figure>\n\n<\/div><\/div>\n\n\n<p>Pentru alte servicii de parodontologie care nu se afl\u0103 \u00een aceast\u0103 list\u0103, v\u0103 rug\u0103m s\u0103 contacta\u021bi colegele noastre din clinic\u0103 la num\u0103rul de telefon <strong><a href=\"tel:0314 254 376\">0314 254 376<\/a><\/strong>.<\/p>\n\n\n\n<div style=\"height:32px\" aria-hidden=\"true\" class=\"wp-block-spacer\"><\/div>\n\n\n<div class=\"gb-container gb-container-ee1bd535\"><div class=\"gb-inside-container\">\n\n<h6 class=\"gb-headline gb-headline-e273090e gb-headline-text\"><strong>Scurta prezentare video a clinicii noastre:<\/strong><\/h6>\n\n\n\n<figure class=\"wp-block-embed is-type-video is-provider-youtube wp-block-embed-youtube wp-embed-aspect-16-9 wp-has-aspect-ratio\"><div class=\"wp-block-embed__wrapper\">\n<div class=\"epyt-video-wrapper\"><div  id=\"_ytid_43922\"  width=\"1200\" height=\"675\"  data-origwidth=\"1200\" data-origheight=\"675\" data-facadesrc=\"https:\/\/www.youtube.com\/embed\/Pj8NxzldniY?enablejsapi=1&#038;autoplay=0&#038;cc_load_policy=0&#038;cc_lang_pref=&#038;iv_load_policy=1&#038;loop=0&#038;rel=0&#038;fs=1&#038;playsinline=0&#038;autohide=2&#038;theme=dark&#038;color=red&#038;controls=1&#038;disablekb=0&#038;\" class=\"__youtube_prefs__ epyt-facade epyt-is-override  no-lazyload\" data-epautoplay=\"1\" ><img decoding=\"async\" data-spai-excluded=\"true\" class=\"epyt-facade-poster skip-lazy\" loading=\"lazy\"  alt=\"YouTube player\"  src=\"https:\/\/i.ytimg.com\/vi\/Pj8NxzldniY\/maxresdefault.jpg\"  \/><button class=\"epyt-facade-play\" aria-label=\"Play\"><svg data-no-lazy=\"1\" height=\"100%\" version=\"1.1\" viewBox=\"0 0 68 48\" width=\"100%\"><path class=\"ytp-large-play-button-bg\" d=\"M66.52,7.74c-0.78-2.93-2.49-5.41-5.42-6.19C55.79,.13,34,0,34,0S12.21,.13,6.9,1.55 C3.97,2.33,2.27,4.81,1.48,7.74C0.06,13.05,0,24,0,24s0.06,10.95,1.48,16.26c0.78,2.93,2.49,5.41,5.42,6.19 C12.21,47.87,34,48,34,48s21.79-0.13,27.1-1.55c2.93-0.78,4.64-3.26,5.42-6.19C67.94,34.95,68,24,68,24S67.94,13.05,66.52,7.74z\" fill=\"#f00\"><\/path><path d=\"M 45,24 27,14 27,34\" fill=\"#fff\"><\/path><\/svg><\/button><\/div><\/div>\n<\/div><\/figure>\n\n\n\n<p class=\"has-text-align-center\">\u0218tim c\u0103 v\u0103 dori\u021bi s\u0103 g\u0103si\u021bi cea mai bun\u0103 cale de rezolvare a problemelor dumneavoastr\u0103 dentare, de aceea echipa noastr\u0103 de speciali\u0219ti este gata s\u0103 v\u0103 ajute.<\/p>\n\n\n<div class=\"gb-container gb-container-9ce8eccf\"><div class=\"gb-inside-container\">\n\n<div class=\"wp-block-buttons is-horizontal is-content-justification-center is-layout-flex wp-container-core-buttons-is-layout-499968f5 wp-block-buttons-is-layout-flex\">\n<div class=\"wp-block-button is-style-outline main-button sg-popup-id-1058 is-style-outline--2\"><a class=\"wp-block-button__link has-accent-color has-base-3-background-color has-text-color has-background wp-element-button\" style=\"border-radius:20px\"><meta charset=\"utf-8\">PROGRAMEAZ\u0102-TE<\/a><\/div>\n<\/div>\n\n<\/div><\/div>\n<\/div><\/div>","protected":false},"excerpt":{"rendered":"<p>Parodontologie Clinica Dentar\u0103 Victoria Bucure\u0219ti (Blvd. Doina Cornea) La Clinica Victoria din Bucure\u0219ti, speciali\u0219tii \u00een Parodontologie se concentreaz\u0103 pe s\u0103n\u0103tatea gingiilor \u0219i a structurii de sus\u021binere a din\u021bilor, oferind tratamente eficiente pentru prevenirea \u0219i gestionarea bolilor parodontale, asigur\u00e2nd un z\u00e2mbet s\u0103n\u0103tos \u0219i durabil. Ce este parodontologia? Parodontologia se ocup\u0103 cu prevenirea, diagnosticarea \u0219i tratamentul bolilor &#8230; <a title=\"Parodontologie\" class=\"read-more\" href=\"https:\/\/clinicavictoria.ro\/bucuresti-doinacornea\/parodontologie\/\" aria-label=\"Read more about Parodontologie\">Read more<\/a><\/p>\n","protected":false},"author":3,"featured_media":2707,"parent":0,"menu_order":0,"comment_status":"closed","ping_status":"closed","template":"","meta":{"inline_featured_image":false,"footnotes":""},"class_list":["post-2706","page","type-page","status-publish","has-post-thumbnail"],"yoast_head":"<!-- This site is optimized with the Yoast SEO plugin v27.4 - https:\/\/yoast.com\/product\/yoast-seo-wordpress\/ -->\n<title>Parodontologie Bucure\u0219ti | Clinica Dentar\u0103 Victoria Doina Cornea<\/title>\n<meta name=\"description\" content=\"Oferim tratamente avansate de parodontologie pentru prevenirea \u0219i tratarea bolilor gingivale. Echipa noastr\u0103 de speciali\u0219ti \u00ee\u021bi poate reda s\u0103n\u0103tatea oral\u0103 \u0219i un z\u00e2mbet durabil. Programeaz\u0103-te acum!\" \/>\n<meta name=\"robots\" content=\"index, follow, max-snippet:-1, max-image-preview:large, max-video-preview:-1\" \/>\n<link rel=\"canonical\" href=\"https:\/\/clinicavictoria.ro\/bucuresti-doinacornea\/parodontologie\/\" \/>\n<meta property=\"og:locale\" content=\"en_US\" \/>\n<meta property=\"og:type\" content=\"article\" \/>\n<meta property=\"og:title\" content=\"Parodontologie Bucure\u0219ti | Clinica Dentar\u0103 Victoria Doina Cornea\" \/>\n<meta property=\"og:description\" content=\"Oferim tratamente avansate de parodontologie pentru prevenirea \u0219i tratarea bolilor gingivale. Echipa noastr\u0103 de speciali\u0219ti \u00ee\u021bi poate reda s\u0103n\u0103tatea oral\u0103 \u0219i un z\u00e2mbet durabil. Programeaz\u0103-te acum!\" \/>\n<meta property=\"og:url\" content=\"https:\/\/clinicavictoria.ro\/bucuresti-doinacornea\/parodontologie\/\" \/>\n<meta property=\"og:site_name\" content=\"Clinica dentar\u0103 Victoria - Bucure\u0219ti\" \/>\n<meta property=\"article:modified_time\" content=\"2026-03-11T10:05:38+00:00\" \/>\n<meta property=\"og:image\" content=\"https:\/\/clinicavictoria.ro\/bucuresti-doinacornea\/wp-content\/uploads\/2024\/08\/FEATURED-IMAGE-parodontolgie.jpg\" \/>\n\t<meta property=\"og:image:width\" content=\"1080\" \/>\n\t<meta property=\"og:image:height\" content=\"1080\" \/>\n\t<meta property=\"og:image:type\" content=\"image\/jpeg\" \/>\n<meta name=\"twitter:card\" content=\"summary_large_image\" \/>\n<meta name=\"twitter:label1\" content=\"Est. reading time\" \/>\n\t<meta name=\"twitter:data1\" content=\"3 minutes\" \/>\n<script type=\"application\/ld+json\" class=\"yoast-schema-graph\">{\"@context\":\"https:\\\/\\\/schema.org\",\"@graph\":[{\"@type\":\"WebPage\",\"@id\":\"https:\\\/\\\/clinicavictoria.ro\\\/bucuresti-doinacornea\\\/parodontologie\\\/\",\"url\":\"https:\\\/\\\/clinicavictoria.ro\\\/bucuresti-doinacornea\\\/parodontologie\\\/\",\"name\":\"Parodontologie Bucure\u0219ti | Clinica Dentar\u0103 Victoria Doina Cornea\",\"isPartOf\":{\"@id\":\"https:\\\/\\\/clinicavictoria.ro\\\/bucuresti-doinacornea\\\/#website\"},\"primaryImageOfPage\":{\"@id\":\"https:\\\/\\\/clinicavictoria.ro\\\/bucuresti-doinacornea\\\/parodontologie\\\/#primaryimage\"},\"image\":{\"@id\":\"https:\\\/\\\/clinicavictoria.ro\\\/bucuresti-doinacornea\\\/parodontologie\\\/#primaryimage\"},\"thumbnailUrl\":\"https:\\\/\\\/clinicavictoria.ro\\\/bucuresti-doinacornea\\\/wp-content\\\/uploads\\\/2024\\\/08\\\/FEATURED-IMAGE-parodontolgie.jpg\",\"datePublished\":\"2024-08-16T16:23:39+00:00\",\"dateModified\":\"2026-03-11T10:05:38+00:00\",\"description\":\"Oferim tratamente avansate de parodontologie pentru prevenirea \u0219i tratarea bolilor gingivale. Echipa noastr\u0103 de speciali\u0219ti \u00ee\u021bi poate reda s\u0103n\u0103tatea oral\u0103 \u0219i un z\u00e2mbet durabil. Programeaz\u0103-te acum!\",\"breadcrumb\":{\"@id\":\"https:\\\/\\\/clinicavictoria.ro\\\/bucuresti-doinacornea\\\/parodontologie\\\/#breadcrumb\"},\"inLanguage\":\"en-US\",\"potentialAction\":[{\"@type\":\"ReadAction\",\"target\":[\"https:\\\/\\\/clinicavictoria.ro\\\/bucuresti-doinacornea\\\/parodontologie\\\/\"]}]},{\"@type\":\"ImageObject\",\"inLanguage\":\"en-US\",\"@id\":\"https:\\\/\\\/clinicavictoria.ro\\\/bucuresti-doinacornea\\\/parodontologie\\\/#primaryimage\",\"url\":\"https:\\\/\\\/clinicavictoria.ro\\\/bucuresti-doinacornea\\\/wp-content\\\/uploads\\\/2024\\\/08\\\/FEATURED-IMAGE-parodontolgie.jpg\",\"contentUrl\":\"https:\\\/\\\/clinicavictoria.ro\\\/bucuresti-doinacornea\\\/wp-content\\\/uploads\\\/2024\\\/08\\\/FEATURED-IMAGE-parodontolgie.jpg\",\"width\":1080,\"height\":1080,\"caption\":\"parodontologie clinica victoria bucuresti\"},{\"@type\":\"BreadcrumbList\",\"@id\":\"https:\\\/\\\/clinicavictoria.ro\\\/bucuresti-doinacornea\\\/parodontologie\\\/#breadcrumb\",\"itemListElement\":[{\"@type\":\"ListItem\",\"position\":1,\"name\":\"Home\",\"item\":\"https:\\\/\\\/clinicavictoria.ro\\\/bucuresti-doinacornea\\\/\"},{\"@type\":\"ListItem\",\"position\":2,\"name\":\"Parodontologie\"}]},{\"@type\":\"WebSite\",\"@id\":\"https:\\\/\\\/clinicavictoria.ro\\\/bucuresti-doinacornea\\\/#website\",\"url\":\"https:\\\/\\\/clinicavictoria.ro\\\/bucuresti-doinacornea\\\/\",\"name\":\"Clinica dentar\u0103 Victoria - Bucure\u0219ti\",\"description\":\"\",\"publisher\":{\"@id\":\"https:\\\/\\\/clinicavictoria.ro\\\/bucuresti-doinacornea\\\/#organization\"},\"potentialAction\":[{\"@type\":\"SearchAction\",\"target\":{\"@type\":\"EntryPoint\",\"urlTemplate\":\"https:\\\/\\\/clinicavictoria.ro\\\/bucuresti-doinacornea\\\/?s={search_term_string}\"},\"query-input\":{\"@type\":\"PropertyValueSpecification\",\"valueRequired\":true,\"valueName\":\"search_term_string\"}}],\"inLanguage\":\"en-US\"},{\"@type\":\"Organization\",\"@id\":\"https:\\\/\\\/clinicavictoria.ro\\\/bucuresti-doinacornea\\\/#organization\",\"name\":\"Clinica dentar\u0103 Victoria - Bucure\u0219ti\",\"url\":\"https:\\\/\\\/clinicavictoria.ro\\\/bucuresti-doinacornea\\\/\",\"logo\":{\"@type\":\"ImageObject\",\"inLanguage\":\"en-US\",\"@id\":\"https:\\\/\\\/clinicavictoria.ro\\\/bucuresti-doinacornea\\\/#\\\/schema\\\/logo\\\/image\\\/\",\"url\":\"https:\\\/\\\/clinicavictoria.ro\\\/bucuresti-doinacornea\\\/wp-content\\\/uploads\\\/2025\\\/04\\\/logo-clinica-dentara-victoria-bucuresti-doina-cornea-V2.png\",\"contentUrl\":\"https:\\\/\\\/clinicavictoria.ro\\\/bucuresti-doinacornea\\\/wp-content\\\/uploads\\\/2025\\\/04\\\/logo-clinica-dentara-victoria-bucuresti-doina-cornea-V2.png\",\"width\":700,\"height\":190,\"caption\":\"Clinica dentar\u0103 Victoria - Bucure\u0219ti\"},\"image\":{\"@id\":\"https:\\\/\\\/clinicavictoria.ro\\\/bucuresti-doinacornea\\\/#\\\/schema\\\/logo\\\/image\\\/\"}}]}<\/script>\n<!-- \/ Yoast SEO plugin. -->","yoast_head_json":{"title":"Parodontologie Bucure\u0219ti | Clinica Dentar\u0103 Victoria Doina Cornea","description":"Oferim tratamente avansate de parodontologie pentru prevenirea \u0219i tratarea bolilor gingivale. Echipa noastr\u0103 de speciali\u0219ti \u00ee\u021bi poate reda s\u0103n\u0103tatea oral\u0103 \u0219i un z\u00e2mbet durabil. Programeaz\u0103-te acum!","robots":{"index":"index","follow":"follow","max-snippet":"max-snippet:-1","max-image-preview":"max-image-preview:large","max-video-preview":"max-video-preview:-1"},"canonical":"https:\/\/clinicavictoria.ro\/bucuresti-doinacornea\/parodontologie\/","og_locale":"en_US","og_type":"article","og_title":"Parodontologie Bucure\u0219ti | Clinica Dentar\u0103 Victoria Doina Cornea","og_description":"Oferim tratamente avansate de parodontologie pentru prevenirea \u0219i tratarea bolilor gingivale. Echipa noastr\u0103 de speciali\u0219ti \u00ee\u021bi poate reda s\u0103n\u0103tatea oral\u0103 \u0219i un z\u00e2mbet durabil. Programeaz\u0103-te acum!","og_url":"https:\/\/clinicavictoria.ro\/bucuresti-doinacornea\/parodontologie\/","og_site_name":"Clinica dentar\u0103 Victoria - Bucure\u0219ti","article_modified_time":"2026-03-11T10:05:38+00:00","og_image":[{"width":1080,"height":1080,"url":"https:\/\/clinicavictoria.ro\/bucuresti-doinacornea\/wp-content\/uploads\/2024\/08\/FEATURED-IMAGE-parodontolgie.jpg","type":"image\/jpeg"}],"twitter_card":"summary_large_image","twitter_misc":{"Est. reading time":"3 minutes"},"schema":{"@context":"https:\/\/schema.org","@graph":[{"@type":"WebPage","@id":"https:\/\/clinicavictoria.ro\/bucuresti-doinacornea\/parodontologie\/","url":"https:\/\/clinicavictoria.ro\/bucuresti-doinacornea\/parodontologie\/","name":"Parodontologie Bucure\u0219ti | Clinica Dentar\u0103 Victoria Doina Cornea","isPartOf":{"@id":"https:\/\/clinicavictoria.ro\/bucuresti-doinacornea\/#website"},"primaryImageOfPage":{"@id":"https:\/\/clinicavictoria.ro\/bucuresti-doinacornea\/parodontologie\/#primaryimage"},"image":{"@id":"https:\/\/clinicavictoria.ro\/bucuresti-doinacornea\/parodontologie\/#primaryimage"},"thumbnailUrl":"https:\/\/clinicavictoria.ro\/bucuresti-doinacornea\/wp-content\/uploads\/2024\/08\/FEATURED-IMAGE-parodontolgie.jpg","datePublished":"2024-08-16T16:23:39+00:00","dateModified":"2026-03-11T10:05:38+00:00","description":"Oferim tratamente avansate de parodontologie pentru prevenirea \u0219i tratarea bolilor gingivale. Echipa noastr\u0103 de speciali\u0219ti \u00ee\u021bi poate reda s\u0103n\u0103tatea oral\u0103 \u0219i un z\u00e2mbet durabil. Programeaz\u0103-te acum!","breadcrumb":{"@id":"https:\/\/clinicavictoria.ro\/bucuresti-doinacornea\/parodontologie\/#breadcrumb"},"inLanguage":"en-US","potentialAction":[{"@type":"ReadAction","target":["https:\/\/clinicavictoria.ro\/bucuresti-doinacornea\/parodontologie\/"]}]},{"@type":"ImageObject","inLanguage":"en-US","@id":"https:\/\/clinicavictoria.ro\/bucuresti-doinacornea\/parodontologie\/#primaryimage","url":"https:\/\/clinicavictoria.ro\/bucuresti-doinacornea\/wp-content\/uploads\/2024\/08\/FEATURED-IMAGE-parodontolgie.jpg","contentUrl":"https:\/\/clinicavictoria.ro\/bucuresti-doinacornea\/wp-content\/uploads\/2024\/08\/FEATURED-IMAGE-parodontolgie.jpg","width":1080,"height":1080,"caption":"parodontologie clinica victoria bucuresti"},{"@type":"BreadcrumbList","@id":"https:\/\/clinicavictoria.ro\/bucuresti-doinacornea\/parodontologie\/#breadcrumb","itemListElement":[{"@type":"ListItem","position":1,"name":"Home","item":"https:\/\/clinicavictoria.ro\/bucuresti-doinacornea\/"},{"@type":"ListItem","position":2,"name":"Parodontologie"}]},{"@type":"WebSite","@id":"https:\/\/clinicavictoria.ro\/bucuresti-doinacornea\/#website","url":"https:\/\/clinicavictoria.ro\/bucuresti-doinacornea\/","name":"Clinica dentar\u0103 Victoria - Bucure\u0219ti","description":"","publisher":{"@id":"https:\/\/clinicavictoria.ro\/bucuresti-doinacornea\/#organization"},"potentialAction":[{"@type":"SearchAction","target":{"@type":"EntryPoint","urlTemplate":"https:\/\/clinicavictoria.ro\/bucuresti-doinacornea\/?s={search_term_string}"},"query-input":{"@type":"PropertyValueSpecification","valueRequired":true,"valueName":"search_term_string"}}],"inLanguage":"en-US"},{"@type":"Organization","@id":"https:\/\/clinicavictoria.ro\/bucuresti-doinacornea\/#organization","name":"Clinica dentar\u0103 Victoria - Bucure\u0219ti","url":"https:\/\/clinicavictoria.ro\/bucuresti-doinacornea\/","logo":{"@type":"ImageObject","inLanguage":"en-US","@id":"https:\/\/clinicavictoria.ro\/bucuresti-doinacornea\/#\/schema\/logo\/image\/","url":"https:\/\/clinicavictoria.ro\/bucuresti-doinacornea\/wp-content\/uploads\/2025\/04\/logo-clinica-dentara-victoria-bucuresti-doina-cornea-V2.png","contentUrl":"https:\/\/clinicavictoria.ro\/bucuresti-doinacornea\/wp-content\/uploads\/2025\/04\/logo-clinica-dentara-victoria-bucuresti-doina-cornea-V2.png","width":700,"height":190,"caption":"Clinica dentar\u0103 Victoria - Bucure\u0219ti"},"image":{"@id":"https:\/\/clinicavictoria.ro\/bucuresti-doinacornea\/#\/schema\/logo\/image\/"}}]}},"_links":{"self":[{"href":"https:\/\/clinicavictoria.ro\/bucuresti-doinacornea\/wp-json\/wp\/v2\/pages\/2706","targetHints":{"allow":["GET"]}}],"collection":[{"href":"https:\/\/clinicavictoria.ro\/bucuresti-doinacornea\/wp-json\/wp\/v2\/pages"}],"about":[{"href":"https:\/\/clinicavictoria.ro\/bucuresti-doinacornea\/wp-json\/wp\/v2\/types\/page"}],"author":[{"embeddable":true,"href":"https:\/\/clinicavictoria.ro\/bucuresti-doinacornea\/wp-json\/wp\/v2\/users\/3"}],"replies":[{"embeddable":true,"href":"https:\/\/clinicavictoria.ro\/bucuresti-doinacornea\/wp-json\/wp\/v2\/comments?post=2706"}],"version-history":[{"count":7,"href":"https:\/\/clinicavictoria.ro\/bucuresti-doinacornea\/wp-json\/wp\/v2\/pages\/2706\/revisions"}],"predecessor-version":[{"id":2790,"href":"https:\/\/clinicavictoria.ro\/bucuresti-doinacornea\/wp-json\/wp\/v2\/pages\/2706\/revisions\/2790"}],"wp:featuredmedia":[{"embeddable":true,"href":"https:\/\/clinicavictoria.ro\/bucuresti-doinacornea\/wp-json\/wp\/v2\/media\/2707"}],"wp:attachment":[{"href":"https:\/\/clinicavictoria.ro\/bucuresti-doinacornea\/wp-json\/wp\/v2\/media?parent=2706"}],"curies":[{"name":"wp","href":"https:\/\/api.w.org\/{rel}","templated":true}]}}