{"id":2666,"date":"2024-07-26T12:33:07","date_gmt":"2024-07-26T09:33:07","guid":{"rendered":"https:\/\/clinicavictoria.ro\/bucuresti-doinacornea\/?page_id=2666"},"modified":"2025-04-14T15:02:16","modified_gmt":"2025-04-14T12:02:16","slug":"dr-mirela-zaharia","status":"publish","type":"page","link":"https:\/\/clinicavictoria.ro\/bucuresti-doinacornea\/dr-mirela-zaharia\/","title":{"rendered":"Dr. Mirela Zaharia"},"content":{"rendered":"<div class=\"gb-container gb-container-9092b670\"><div class=\"gb-inside-container\">\n\n<h1 class=\"gb-headline gb-headline-a3365616 gb-headline-text\">Dr. Mirela Zaharia<\/h1>\n\n\n\n<h2 class=\"gb-headline gb-headline-c5999d27 gb-headline-text\"><strong><strong>Medic Stomatolog Stomatologie General\u0103<\/strong><\/strong><\/h2>\n\n\n\n<div class=\"line-separator\"><\/div>\n\n\n\n<h2 class=\"gb-headline gb-headline-986fa71f gb-headline-text\"><strong><strong><strong><strong>Clinica Dentar\u0103 Victoria Bucure\u0219ti (Blvd. Doina Cornea)<\/strong><\/strong><\/strong><\/strong><\/h2>\n\n<\/div><\/div>\n\n\n<div style=\"height:32px\" aria-hidden=\"true\" class=\"wp-block-spacer\"><\/div>\n\n\n<div class=\"gb-container gb-container-0a10d290\"><div class=\"gb-inside-container\">\n<div class=\"gb-grid-wrapper gb-grid-wrapper-cae0effe\">\n<div class=\"gb-grid-column gb-grid-column-340a889e\"><div class=\"gb-container gb-container-340a889e contaier-box-with-shadow\"><div class=\"gb-inside-container\">\n<div class=\"gb-container gb-container-665d604d\"><div class=\"gb-inside-container\">\n\n<figure class=\"wp-block-image size-full container-image-with-shadow\"><img loading=\"lazy\" decoding=\"async\" width=\"600\" height=\"900\" src=\"https:\/\/clinicavictoria.ro\/bucuresti-doinacornea\/wp-content\/uploads\/2023\/08\/Dr.-Mirela-Zaharia.jpg\" alt=\"Dr. Mirela Zaharia\" class=\"wp-image-2526\" srcset=\"https:\/\/clinicavictoria.ro\/bucuresti-doinacornea\/wp-content\/uploads\/2023\/08\/Dr.-Mirela-Zaharia.jpg 600w, https:\/\/clinicavictoria.ro\/bucuresti-doinacornea\/wp-content\/uploads\/2023\/08\/Dr.-Mirela-Zaharia-200x300.jpg 200w\" sizes=\"auto, (max-width: 600px) 100vw, 600px\" \/><\/figure>\n\n<\/div><\/div>\n\n\n<div style=\"height:12px\" aria-hidden=\"true\" class=\"wp-block-spacer\"><\/div>\n\n<\/div><\/div><\/div>\n\n<div class=\"gb-grid-column gb-grid-column-8648c16b\"><div class=\"gb-container gb-container-8648c16b\"><div class=\"gb-inside-container\">\n\n<h3 class=\"gb-headline gb-headline-b7fcf07a gb-headline-text\"><strong><strong>Formare profesional\u0103&nbsp;<\/strong><\/strong><\/h3>\n\n\n\n<p>Dr. Mirela Zaharia a absolvit cursurile Facult\u0103\u021bii de Medicina Dentar\u0103 in cadrul Universit\u0103\u021bii Titu<br>Maiorescu Bucure\u0219ti, \u00een anul 2008.<\/p>\n\n\n\n<h3 class=\"gb-headline gb-headline-41fac9b7 gb-headline-text\"><strong>Cursuri \u0219i congrese:<\/strong><\/h3>\n\n\n\n<ul class=\"wp-block-list list-elements\">\n<li>Revolution in Esthetic Dentistry, 21th International Congress of Aesthetic Dentistry, May 2024<\/li>\n\n\n\n<li>\u201cOT Bridge &#8211; o alternativa \u2026 sau o solu\u021bie sigur\u0103?\u201d- Workshop Protetica pe implanturi, DT Zoltan<br>Elekes, Mai 2024<\/li>\n\n\n\n<li>Minimally Invasive Smile Enhancement using Biometrics &#8211; Composite vs Ceramic &#8211; digital meets<br>analog approach. Dr. Dario Novak, April 2023<\/li>\n\n\n\n<li>Marathon of Aesthetic Dentistry Congress &#8211; Ivoclar Academy, 2023<\/li>\n\n\n\n<li>The 6th MegaGen European Scientific Meeting (ESM), September 2022<\/li>\n\n\n\n<li>Screw Retained Prostethic Crowns and Bridge Restorations course, Hosted by MegGen Implant<br>Institute, September 2022<\/li>\n\n\n\n<li>\u201cTratamente estetice si minim invazive &#8211; o provocare a tuturor specialit\u0103\u021bilor stomatologice\u201d Dr.<br>Liviu Daniel Caminescu. Noiembrie 2021<\/li>\n\n\n\n<li>Endodontia in Practica Actuala &#8211; Curs teoretic si practic : RCC Endodontics, Iunie 2021<\/li>\n\n\n\n<li>Congresul Interna\u021bional de Estetica Dentar\u0103 \u201cEstetica dentar\u0103 in varianta hibrida\u201d. SSER Mai 2021<\/li>\n\n\n\n<li>Congresul de Paro-Protetica 2020 &#8211; AMSPPR , Martie 2020<\/li>\n\n\n\n<li>\u201cTotul despre fa\u021betele dentare\u201d &#8211; Curs teoretic si practic Dr. Ionu\u021b Br\u00e2nzan, Iunie 2019<\/li>\n\n\n\n<li>\u201cProtetica pe Implanturi &#8211; Modulul al II-lea\u201d &#8211; Curs teoretic si practic Dr Mihai Sandulescu, Martie<br>2019<\/li>\n\n\n\n<li>Congresul Interna\u021bional de Estetica Dentar\u0103 \u201cRevolu\u021bia Esteticii Dentare\u201d. SSER Mai 2019<\/li>\n\n\n\n<li>Congresul Interna\u021bional de Estetica Dentar\u0103 \u201cConexiuni in Estetica Dentar\u0103\u201d. SSER Mai 2018<\/li>\n\n\n\n<li>\u201cProtetica pe Implanturi &#8211; Modulul I\u201d- Curs teoretic si practic Dr Mihai Sandulescu, Noiembrie<br>2018<\/li>\n\n\n\n<li>\u201cDinamica Mandibulare si rela\u021biile ocluzale &#8211; Aplica\u021bii clinico-tehnice\u201d workshop Dr. Ligia<br>Muntianu. Noiembrie 2017<\/li>\n\n\n\n<li>Congresul Interna\u021bional de Estetica Dentar\u0103 \u201cArta Esteticii Dentare\u201d. SSER Mai 2017<\/li>\n\n\n\n<li>Congresul de Paro-Protetica 2017 &#8211; AMSPPR , Martie 2017<\/li>\n\n\n\n<li>\u201cVIII-th\u201d International Congress \u201cImplants connected to nature\u201d &#8211; Romanian Society of Dental<br>Science, October 2016<\/li>\n\n\n\n<li>\u201cOral tissue reconstructions, implants supported restorations and new technologies in oral<br>implanvology\u201d &#8211; intensive training course RSDS Prof. Dr. Emanuel Bratu, October 2016<\/li>\n\n\n\n<li>Congresul de Paro-Protetica 2015 &#8211; AMSPPR , Februarie 2015<\/li>\n\n\n\n<li>\u201cCurriculum \u0218tiin\u021bific de Parodontologie\u201d &#8211; Profesor Dr.h.c Anton Sculean, M.S Directorul Clinicii<br>de Parodontologie a Universit\u0103\u021bii di Berna, Elve\u021bia. Octombrie 2015<\/li>\n\n\n\n<li>\u201cInterferente multidisciplinare in medicina dentar\u0103. Endodontia &#8211; liantul pentru o buna reu\u0219it\u0103 a<br>tratamentelor protetice si ortodontice\u201d &#8211; curs simpozion, Mai 2014<\/li>\n\n\n\n<li>Congres AMSPPR 2012, Aprilie 2012<\/li>\n\n\n\n<li>Atestat de studii complementare in implantologie. Ministerul S\u0103n\u0103t\u0103\u021bii, Sesiunea Septembrie<br>2011<\/li>\n\n\n\n<li>\u201cConcepte actuale in tehnicile chirurgicale parodontale de refacere tisulara superficiala si<br>profund\u0103\u201d &#8211; curs Dr. Cinel Malita, Iulie 2010<\/li>\n\n\n\n<li>Al II-lea Congres Interna\u021bional de Medicina Dentar\u0103 al Societ\u0103\u021bii Romane de Reabilitare Orala,<br>Noiembrie 2009<\/li>\n<\/ul>\n\n<\/div><\/div><\/div>\n<\/div>\n<\/div><\/div>\n\n\n<div style=\"height:32px\" aria-hidden=\"true\" class=\"wp-block-spacer\"><\/div>\n","protected":false},"excerpt":{"rendered":"<p>Dr. Mirela Zaharia Medic Stomatolog Stomatologie General\u0103 Clinica Dentar\u0103 Victoria Bucure\u0219ti (Blvd. Doina Cornea)<\/p>\n","protected":false},"author":3,"featured_media":2526,"parent":0,"menu_order":0,"comment_status":"closed","ping_status":"closed","template":"","meta":{"inline_featured_image":false,"footnotes":""},"class_list":["post-2666","page","type-page","status-publish","has-post-thumbnail"],"yoast_head":"<!-- This site is optimized with the Yoast SEO plugin v27.4 - https:\/\/yoast.com\/product\/yoast-seo-wordpress\/ -->\n<title>Dr. Mirela Zaharia<\/title>\n<meta name=\"description\" content=\"Dr. Mirela Zaharia | Medic Stomatolog Stomatologie General\u0103 | Clinic\u0103 Dentar\u0103 Victoria Bucure\u0219ti | Programeaz\u0103-te la o consulta\u021bie ast\u0103zi!\" \/>\n<meta name=\"robots\" content=\"index, follow, max-snippet:-1, max-image-preview:large, max-video-preview:-1\" \/>\n<link rel=\"canonical\" href=\"https:\/\/clinicavictoria.ro\/bucuresti-doinacornea\/dr-mirela-zaharia\/\" \/>\n<meta property=\"og:locale\" content=\"en_US\" \/>\n<meta property=\"og:type\" content=\"article\" \/>\n<meta property=\"og:title\" content=\"Dr. Mirela Zaharia\" \/>\n<meta property=\"og:description\" content=\"Dr. Mirela Zaharia | Medic Stomatolog Stomatologie General\u0103 | Clinic\u0103 Dentar\u0103 Victoria Bucure\u0219ti | Programeaz\u0103-te la o consulta\u021bie ast\u0103zi!\" \/>\n<meta property=\"og:url\" content=\"https:\/\/clinicavictoria.ro\/bucuresti-doinacornea\/dr-mirela-zaharia\/\" \/>\n<meta property=\"og:site_name\" content=\"Clinica dentar\u0103 Victoria - Bucure\u0219ti\" \/>\n<meta property=\"article:modified_time\" content=\"2025-04-14T12:02:16+00:00\" \/>\n<meta property=\"og:image\" content=\"https:\/\/clinicavictoria.ro\/bucuresti-doinacornea\/wp-content\/uploads\/2023\/08\/Dr.-Mirela-Zaharia.jpg\" \/>\n\t<meta property=\"og:image:width\" content=\"600\" \/>\n\t<meta property=\"og:image:height\" content=\"900\" \/>\n\t<meta property=\"og:image:type\" content=\"image\/jpeg\" \/>\n<meta name=\"twitter:card\" content=\"summary_large_image\" \/>\n<meta name=\"twitter:label1\" content=\"Est. reading time\" \/>\n\t<meta name=\"twitter:data1\" content=\"3 minutes\" \/>\n<script type=\"application\/ld+json\" class=\"yoast-schema-graph\">{\"@context\":\"https:\\\/\\\/schema.org\",\"@graph\":[{\"@type\":\"WebPage\",\"@id\":\"https:\\\/\\\/clinicavictoria.ro\\\/bucuresti-doinacornea\\\/dr-mirela-zaharia\\\/\",\"url\":\"https:\\\/\\\/clinicavictoria.ro\\\/bucuresti-doinacornea\\\/dr-mirela-zaharia\\\/\",\"name\":\"Dr. Mirela Zaharia\",\"isPartOf\":{\"@id\":\"https:\\\/\\\/clinicavictoria.ro\\\/bucuresti-doinacornea\\\/#website\"},\"primaryImageOfPage\":{\"@id\":\"https:\\\/\\\/clinicavictoria.ro\\\/bucuresti-doinacornea\\\/dr-mirela-zaharia\\\/#primaryimage\"},\"image\":{\"@id\":\"https:\\\/\\\/clinicavictoria.ro\\\/bucuresti-doinacornea\\\/dr-mirela-zaharia\\\/#primaryimage\"},\"thumbnailUrl\":\"https:\\\/\\\/clinicavictoria.ro\\\/bucuresti-doinacornea\\\/wp-content\\\/uploads\\\/2023\\\/08\\\/Dr.-Mirela-Zaharia.jpg\",\"datePublished\":\"2024-07-26T09:33:07+00:00\",\"dateModified\":\"2025-04-14T12:02:16+00:00\",\"description\":\"Dr. Mirela Zaharia | Medic Stomatolog Stomatologie General\u0103 | Clinic\u0103 Dentar\u0103 Victoria Bucure\u0219ti | Programeaz\u0103-te la o consulta\u021bie ast\u0103zi!\",\"breadcrumb\":{\"@id\":\"https:\\\/\\\/clinicavictoria.ro\\\/bucuresti-doinacornea\\\/dr-mirela-zaharia\\\/#breadcrumb\"},\"inLanguage\":\"en-US\",\"potentialAction\":[{\"@type\":\"ReadAction\",\"target\":[\"https:\\\/\\\/clinicavictoria.ro\\\/bucuresti-doinacornea\\\/dr-mirela-zaharia\\\/\"]}]},{\"@type\":\"ImageObject\",\"inLanguage\":\"en-US\",\"@id\":\"https:\\\/\\\/clinicavictoria.ro\\\/bucuresti-doinacornea\\\/dr-mirela-zaharia\\\/#primaryimage\",\"url\":\"https:\\\/\\\/clinicavictoria.ro\\\/bucuresti-doinacornea\\\/wp-content\\\/uploads\\\/2023\\\/08\\\/Dr.-Mirela-Zaharia.jpg\",\"contentUrl\":\"https:\\\/\\\/clinicavictoria.ro\\\/bucuresti-doinacornea\\\/wp-content\\\/uploads\\\/2023\\\/08\\\/Dr.-Mirela-Zaharia.jpg\",\"width\":600,\"height\":900,\"caption\":\"Dr. Mirela Zaharia\"},{\"@type\":\"BreadcrumbList\",\"@id\":\"https:\\\/\\\/clinicavictoria.ro\\\/bucuresti-doinacornea\\\/dr-mirela-zaharia\\\/#breadcrumb\",\"itemListElement\":[{\"@type\":\"ListItem\",\"position\":1,\"name\":\"Home\",\"item\":\"https:\\\/\\\/clinicavictoria.ro\\\/bucuresti-doinacornea\\\/\"},{\"@type\":\"ListItem\",\"position\":2,\"name\":\"Dr. Mirela Zaharia\"}]},{\"@type\":\"WebSite\",\"@id\":\"https:\\\/\\\/clinicavictoria.ro\\\/bucuresti-doinacornea\\\/#website\",\"url\":\"https:\\\/\\\/clinicavictoria.ro\\\/bucuresti-doinacornea\\\/\",\"name\":\"Clinica dentar\u0103 Victoria - Bucure\u0219ti\",\"description\":\"\",\"publisher\":{\"@id\":\"https:\\\/\\\/clinicavictoria.ro\\\/bucuresti-doinacornea\\\/#organization\"},\"potentialAction\":[{\"@type\":\"SearchAction\",\"target\":{\"@type\":\"EntryPoint\",\"urlTemplate\":\"https:\\\/\\\/clinicavictoria.ro\\\/bucuresti-doinacornea\\\/?s={search_term_string}\"},\"query-input\":{\"@type\":\"PropertyValueSpecification\",\"valueRequired\":true,\"valueName\":\"search_term_string\"}}],\"inLanguage\":\"en-US\"},{\"@type\":\"Organization\",\"@id\":\"https:\\\/\\\/clinicavictoria.ro\\\/bucuresti-doinacornea\\\/#organization\",\"name\":\"Clinica dentar\u0103 Victoria - Bucure\u0219ti\",\"url\":\"https:\\\/\\\/clinicavictoria.ro\\\/bucuresti-doinacornea\\\/\",\"logo\":{\"@type\":\"ImageObject\",\"inLanguage\":\"en-US\",\"@id\":\"https:\\\/\\\/clinicavictoria.ro\\\/bucuresti-doinacornea\\\/#\\\/schema\\\/logo\\\/image\\\/\",\"url\":\"https:\\\/\\\/clinicavictoria.ro\\\/bucuresti-doinacornea\\\/wp-content\\\/uploads\\\/2025\\\/04\\\/logo-clinica-dentara-victoria-bucuresti-doina-cornea-V2.png\",\"contentUrl\":\"https:\\\/\\\/clinicavictoria.ro\\\/bucuresti-doinacornea\\\/wp-content\\\/uploads\\\/2025\\\/04\\\/logo-clinica-dentara-victoria-bucuresti-doina-cornea-V2.png\",\"width\":700,\"height\":190,\"caption\":\"Clinica dentar\u0103 Victoria - Bucure\u0219ti\"},\"image\":{\"@id\":\"https:\\\/\\\/clinicavictoria.ro\\\/bucuresti-doinacornea\\\/#\\\/schema\\\/logo\\\/image\\\/\"}}]}<\/script>\n<!-- \/ Yoast SEO plugin. -->","yoast_head_json":{"title":"Dr. Mirela Zaharia","description":"Dr. Mirela Zaharia | Medic Stomatolog Stomatologie General\u0103 | Clinic\u0103 Dentar\u0103 Victoria Bucure\u0219ti | Programeaz\u0103-te la o consulta\u021bie ast\u0103zi!","robots":{"index":"index","follow":"follow","max-snippet":"max-snippet:-1","max-image-preview":"max-image-preview:large","max-video-preview":"max-video-preview:-1"},"canonical":"https:\/\/clinicavictoria.ro\/bucuresti-doinacornea\/dr-mirela-zaharia\/","og_locale":"en_US","og_type":"article","og_title":"Dr. Mirela Zaharia","og_description":"Dr. Mirela Zaharia | Medic Stomatolog Stomatologie General\u0103 | Clinic\u0103 Dentar\u0103 Victoria Bucure\u0219ti | Programeaz\u0103-te la o consulta\u021bie ast\u0103zi!","og_url":"https:\/\/clinicavictoria.ro\/bucuresti-doinacornea\/dr-mirela-zaharia\/","og_site_name":"Clinica dentar\u0103 Victoria - Bucure\u0219ti","article_modified_time":"2025-04-14T12:02:16+00:00","og_image":[{"width":600,"height":900,"url":"https:\/\/clinicavictoria.ro\/bucuresti-doinacornea\/wp-content\/uploads\/2023\/08\/Dr.-Mirela-Zaharia.jpg","type":"image\/jpeg"}],"twitter_card":"summary_large_image","twitter_misc":{"Est. reading time":"3 minutes"},"schema":{"@context":"https:\/\/schema.org","@graph":[{"@type":"WebPage","@id":"https:\/\/clinicavictoria.ro\/bucuresti-doinacornea\/dr-mirela-zaharia\/","url":"https:\/\/clinicavictoria.ro\/bucuresti-doinacornea\/dr-mirela-zaharia\/","name":"Dr. Mirela Zaharia","isPartOf":{"@id":"https:\/\/clinicavictoria.ro\/bucuresti-doinacornea\/#website"},"primaryImageOfPage":{"@id":"https:\/\/clinicavictoria.ro\/bucuresti-doinacornea\/dr-mirela-zaharia\/#primaryimage"},"image":{"@id":"https:\/\/clinicavictoria.ro\/bucuresti-doinacornea\/dr-mirela-zaharia\/#primaryimage"},"thumbnailUrl":"https:\/\/clinicavictoria.ro\/bucuresti-doinacornea\/wp-content\/uploads\/2023\/08\/Dr.-Mirela-Zaharia.jpg","datePublished":"2024-07-26T09:33:07+00:00","dateModified":"2025-04-14T12:02:16+00:00","description":"Dr. Mirela Zaharia | Medic Stomatolog Stomatologie General\u0103 | Clinic\u0103 Dentar\u0103 Victoria Bucure\u0219ti | Programeaz\u0103-te la o consulta\u021bie ast\u0103zi!","breadcrumb":{"@id":"https:\/\/clinicavictoria.ro\/bucuresti-doinacornea\/dr-mirela-zaharia\/#breadcrumb"},"inLanguage":"en-US","potentialAction":[{"@type":"ReadAction","target":["https:\/\/clinicavictoria.ro\/bucuresti-doinacornea\/dr-mirela-zaharia\/"]}]},{"@type":"ImageObject","inLanguage":"en-US","@id":"https:\/\/clinicavictoria.ro\/bucuresti-doinacornea\/dr-mirela-zaharia\/#primaryimage","url":"https:\/\/clinicavictoria.ro\/bucuresti-doinacornea\/wp-content\/uploads\/2023\/08\/Dr.-Mirela-Zaharia.jpg","contentUrl":"https:\/\/clinicavictoria.ro\/bucuresti-doinacornea\/wp-content\/uploads\/2023\/08\/Dr.-Mirela-Zaharia.jpg","width":600,"height":900,"caption":"Dr. Mirela Zaharia"},{"@type":"BreadcrumbList","@id":"https:\/\/clinicavictoria.ro\/bucuresti-doinacornea\/dr-mirela-zaharia\/#breadcrumb","itemListElement":[{"@type":"ListItem","position":1,"name":"Home","item":"https:\/\/clinicavictoria.ro\/bucuresti-doinacornea\/"},{"@type":"ListItem","position":2,"name":"Dr. Mirela Zaharia"}]},{"@type":"WebSite","@id":"https:\/\/clinicavictoria.ro\/bucuresti-doinacornea\/#website","url":"https:\/\/clinicavictoria.ro\/bucuresti-doinacornea\/","name":"Clinica dentar\u0103 Victoria - Bucure\u0219ti","description":"","publisher":{"@id":"https:\/\/clinicavictoria.ro\/bucuresti-doinacornea\/#organization"},"potentialAction":[{"@type":"SearchAction","target":{"@type":"EntryPoint","urlTemplate":"https:\/\/clinicavictoria.ro\/bucuresti-doinacornea\/?s={search_term_string}"},"query-input":{"@type":"PropertyValueSpecification","valueRequired":true,"valueName":"search_term_string"}}],"inLanguage":"en-US"},{"@type":"Organization","@id":"https:\/\/clinicavictoria.ro\/bucuresti-doinacornea\/#organization","name":"Clinica dentar\u0103 Victoria - Bucure\u0219ti","url":"https:\/\/clinicavictoria.ro\/bucuresti-doinacornea\/","logo":{"@type":"ImageObject","inLanguage":"en-US","@id":"https:\/\/clinicavictoria.ro\/bucuresti-doinacornea\/#\/schema\/logo\/image\/","url":"https:\/\/clinicavictoria.ro\/bucuresti-doinacornea\/wp-content\/uploads\/2025\/04\/logo-clinica-dentara-victoria-bucuresti-doina-cornea-V2.png","contentUrl":"https:\/\/clinicavictoria.ro\/bucuresti-doinacornea\/wp-content\/uploads\/2025\/04\/logo-clinica-dentara-victoria-bucuresti-doina-cornea-V2.png","width":700,"height":190,"caption":"Clinica dentar\u0103 Victoria - Bucure\u0219ti"},"image":{"@id":"https:\/\/clinicavictoria.ro\/bucuresti-doinacornea\/#\/schema\/logo\/image\/"}}]}},"_links":{"self":[{"href":"https:\/\/clinicavictoria.ro\/bucuresti-doinacornea\/wp-json\/wp\/v2\/pages\/2666","targetHints":{"allow":["GET"]}}],"collection":[{"href":"https:\/\/clinicavictoria.ro\/bucuresti-doinacornea\/wp-json\/wp\/v2\/pages"}],"about":[{"href":"https:\/\/clinicavictoria.ro\/bucuresti-doinacornea\/wp-json\/wp\/v2\/types\/page"}],"author":[{"embeddable":true,"href":"https:\/\/clinicavictoria.ro\/bucuresti-doinacornea\/wp-json\/wp\/v2\/users\/3"}],"replies":[{"embeddable":true,"href":"https:\/\/clinicavictoria.ro\/bucuresti-doinacornea\/wp-json\/wp\/v2\/comments?post=2666"}],"version-history":[{"count":2,"href":"https:\/\/clinicavictoria.ro\/bucuresti-doinacornea\/wp-json\/wp\/v2\/pages\/2666\/revisions"}],"predecessor-version":[{"id":2750,"href":"https:\/\/clinicavictoria.ro\/bucuresti-doinacornea\/wp-json\/wp\/v2\/pages\/2666\/revisions\/2750"}],"wp:featuredmedia":[{"embeddable":true,"href":"https:\/\/clinicavictoria.ro\/bucuresti-doinacornea\/wp-json\/wp\/v2\/media\/2526"}],"wp:attachment":[{"href":"https:\/\/clinicavictoria.ro\/bucuresti-doinacornea\/wp-json\/wp\/v2\/media?parent=2666"}],"curies":[{"name":"wp","href":"https:\/\/api.w.org\/{rel}","templated":true}]}}