{"id":1760,"date":"2022-05-20T12:29:54","date_gmt":"2022-05-20T09:29:54","guid":{"rendered":"https:\/\/clinicavictoria.ro\/bucuresti-doinacornea\/?page_id=1760"},"modified":"2026-03-11T12:59:26","modified_gmt":"2026-03-11T09:59:26","slug":"odontoterapie","status":"publish","type":"page","link":"https:\/\/clinicavictoria.ro\/bucuresti-doinacornea\/odontoterapie\/","title":{"rendered":"Odontoterapie"},"content":{"rendered":"<div class=\"gb-container gb-container-faede559\"><div class=\"gb-inside-container\">\n\n<h1 class=\"gb-headline gb-headline-1f5c767b gb-headline-text\">Odontoterapie<\/h1>\n\n\n\n<div class=\"line-separator\"><\/div>\n\n\n\n<h6 class=\"gb-headline gb-headline-d4b56e91 gb-headline-text\"><strong><strong><strong><strong>Clinica Dentar\u0103 Victoria Bucure\u0219ti (Blvd. Doina Cornea)<\/strong><\/strong><\/strong><\/strong><\/h6>\n\n\n\n<p class=\"has-text-align-center\">\u00cen cadrul specializ\u0103rii de Odontoterapie din Bucure\u0219ti, medicii stomatologi de la Clinica Victoria sunt al\u0103turi de fiecare pacient pentru a-\u0219i rezolva problemele stomatologice, oferind servicii de odontoterapie la cele mai \u00eenalte standarde.<\/p>\n\n\n<div class=\"wp-block-image\">\n<figure class=\"aligncenter size-full\"><img loading=\"lazy\" decoding=\"async\" width=\"1200\" height=\"600\" src=\"https:\/\/clinicavictoria.ro\/bucuresti-doinacornea\/wp-content\/uploads\/2022\/08\/odontoterapie-bucuresti.webp\" alt=\"odontoterapie bucuresti\" class=\"wp-image-2238\" srcset=\"https:\/\/clinicavictoria.ro\/bucuresti-doinacornea\/wp-content\/uploads\/2022\/08\/odontoterapie-bucuresti.webp 1200w, https:\/\/clinicavictoria.ro\/bucuresti-doinacornea\/wp-content\/uploads\/2022\/08\/odontoterapie-bucuresti-300x150.webp 300w, https:\/\/clinicavictoria.ro\/bucuresti-doinacornea\/wp-content\/uploads\/2022\/08\/odontoterapie-bucuresti-1024x512.webp 1024w, https:\/\/clinicavictoria.ro\/bucuresti-doinacornea\/wp-content\/uploads\/2022\/08\/odontoterapie-bucuresti-768x384.webp 768w\" sizes=\"auto, (max-width: 1200px) 100vw, 1200px\" \/><\/figure>\n<\/div>\n\n\n<div style=\"height:10px\" aria-hidden=\"true\" class=\"wp-block-spacer\"><\/div>\n\n\n\n<h5 class=\"gb-headline gb-headline-3dba0a8b gb-headline-text\"><strong>Ce este odontoterapia?<\/strong><\/h5>\n\n\n\n<p>Odontoterapia reprezint\u0103 ramura medicinii dentare care se ocup\u0103 cu tratamentul leziunilor carioase (caria dentar\u0103). Ea presupune reabilitarea imediat\u0103 realizat\u0103 \u00een cabinet, din material compozit, pe din\u021bii care prezint\u0103 carii dentare.<\/p>\n\n\n\n<p>Odontoterapia cuprinde \u0219i ramura de estetic\u0103 prin montarea de fa\u021bete din material compozit. Aplicarea acestor fa\u021bete este minim invaziv\u0103 \u00eentruc\u00e2t dintele nu se \u0219lefuie\u0219te&nbsp;ca \u0219i \u00een cazul fa\u021betelor ceramice. Prin fa\u021betele din compozit se pot schimba imediat aspectul, culoarea \u0219i forma din\u021bilor, \u00een conformitate cu dorin\u021ba pacientului \u0219i cu fizionomia acestuia.<\/p>\n\n\n\n<h5 class=\"gb-headline gb-headline-c11850bf gb-headline-text\"><strong><strong>De ce apar cariile dentare?<\/strong><\/strong><\/h5>\n\n\n\n<p>Caria dentar\u0103 apare atunci c\u00e2nd bacteriile din cavitatea bucal\u0103 produc acizi care atac\u0103 dintele. Netratat\u0103, caria dentar\u0103 se poate complica cu infec\u021bii \u0219i poate duce chiar la pierderea dintelui.<\/p>\n\n\n\n<h5 class=\"gb-headline gb-headline-347b8bde gb-headline-text\"><strong><strong><strong><strong>Cum se trateaz\u0103 cariile dentare?<\/strong><\/strong><\/strong><\/strong><\/h5>\n\n\n\n<p>Tratamentul implic\u0103 pe l\u00e2ng\u0103 \u00eendep\u0103rtarea \u021besuturilor dure afectate ale dintelui (exereza dentinei alterate) \u0219i restaurarea fizionomic\u0103 propriu-zis\u0103 a acestuia. \u00cenainte de aplicarea digii se ia culoarea at\u00e2t a dintelui la care se lucreaz\u0103 c\u00e2t \u0219i a din\u021bilor al\u0103tura\u021bi, se verific\u0103 \u0219i culoarea din\u021bilor omologi \u0219i abia apoi se trece la etapa urm\u0103toare de restaurare-obturare.<\/p>\n\n\n\n<h5 class=\"gb-headline gb-headline-33a1218f gb-headline-text\"><strong><strong>Tipuri de tratamente disponibile<\/strong><\/strong><\/h5>\n\n\n\n<p>Diversele probleme ale din\u021bilor, de la caria simpl\u0103 p\u00e2n\u0103 la complica\u021bii grave ale acestora, pot fi eliminate cu ajutorul tratamentelor odontologice corespunz\u0103toare. Tratamentele presupun refacerea structurii \u0219i a func\u021bionalit\u0103\u021bii din\u021bilor afecta\u021bi, cu ajutorul unor materiale \u0219i tehnici moderne, care permit ob\u021binerea de rezultate durabile \u0219i perfect estetice.<\/p>\n\n\n\n<p class=\"has-text-align-center\">Dot\u0103rile tehnologice de ultim\u0103 genera\u021bie \u0219i personalul medical cu experien\u021b\u0103 v\u0103 vor asigura servicii de odontoterapie cu maxim de confort, siguran\u021b\u0103 \u0219i eficien\u021b\u0103.<\/p>\n\n<\/div><\/div>\n\n\n<div style=\"height:17px\" aria-hidden=\"true\" class=\"wp-block-spacer\"><\/div>\n\n\n<div class=\"gb-container gb-container-fce2726a\"><div class=\"gb-inside-container\">\n\n<h5 class=\"gb-headline gb-headline-e1e6abc4 gb-headline-text\"><strong>Medici speciali\u0219ti odontoterapie<\/strong><\/h5>\n\n\n<div class=\"gb-grid-wrapper gb-grid-wrapper-9a10721a contaier-box-with-shadow\">\n<div class=\"gb-grid-column gb-grid-column-71ceb572\"><div class=\"gb-container gb-container-71ceb572\"><div class=\"gb-inside-container\">\n\n<figure class=\"wp-block-image size-full\"><img loading=\"lazy\" decoding=\"async\" width=\"600\" height=\"900\" src=\"https:\/\/clinicavictoria.ro\/bucuresti-doinacornea\/wp-content\/uploads\/2022\/08\/f-medic-stomatolog.jpg\" alt=\"f medic stomatolog\" class=\"wp-image-2193\" srcset=\"https:\/\/clinicavictoria.ro\/bucuresti-doinacornea\/wp-content\/uploads\/2022\/08\/f-medic-stomatolog.jpg 600w, https:\/\/clinicavictoria.ro\/bucuresti-doinacornea\/wp-content\/uploads\/2022\/08\/f-medic-stomatolog-200x300.jpg 200w\" sizes=\"auto, (max-width: 600px) 100vw, 600px\" \/><\/figure>\n\n\n\n<div style=\"height:16px\" aria-hidden=\"true\" class=\"wp-block-spacer\"><\/div>\n\n\n\n<h5 class=\"gb-headline gb-headline-3052cadc gb-headline-text\"><strong>Dr. Plataga Adelina<\/strong><\/h5>\n\n\n\n<div class=\"line-separator\"><\/div>\n\n\n\n<p class=\"has-text-align-center\"><strong>Medic specialist odontoterapie<\/strong><\/p>\n\n<\/div><\/div><\/div>\n\n<div class=\"gb-grid-column gb-grid-column-d113418b\"><div class=\"gb-container gb-container-d113418b\"><div class=\"gb-inside-container\">\n\n<figure class=\"wp-block-image size-full\"><img loading=\"lazy\" decoding=\"async\" width=\"600\" height=\"900\" src=\"https:\/\/clinicavictoria.ro\/bucuresti-doinacornea\/wp-content\/uploads\/2023\/08\/Dr.-Mirela-Zaharia.jpg\" alt=\"Dr. Mirela Zaharia\" class=\"wp-image-2526\" srcset=\"https:\/\/clinicavictoria.ro\/bucuresti-doinacornea\/wp-content\/uploads\/2023\/08\/Dr.-Mirela-Zaharia.jpg 600w, https:\/\/clinicavictoria.ro\/bucuresti-doinacornea\/wp-content\/uploads\/2023\/08\/Dr.-Mirela-Zaharia-200x300.jpg 200w\" sizes=\"auto, (max-width: 600px) 100vw, 600px\" \/><\/figure>\n\n\n\n<div style=\"height:16px\" aria-hidden=\"true\" class=\"wp-block-spacer\"><\/div>\n\n\n\n<h5 class=\"gb-headline gb-headline-5f55e6b8 gb-headline-text\"><strong>Dr. Zaharia Mirela<\/strong><\/h5>\n\n\n\n<div class=\"line-separator\"><\/div>\n\n\n\n<p class=\"has-text-align-center\"><strong><strong><strong><strong><strong><strong><strong><strong><strong><strong>Medic specialist protetic\u0103 \u0219i<\/strong><\/strong><\/strong><\/strong><\/strong><\/strong><\/strong><\/strong> odontoterapie<\/strong><\/strong><\/p>\n\n<\/div><\/div><\/div>\n<\/div>\n<\/div><\/div>\n\n\n<div style=\"height:32px\" aria-hidden=\"true\" class=\"wp-block-spacer\"><\/div>\n\n\n<div class=\"gb-container gb-container-c87d64e3\"><div class=\"gb-inside-container\">\n\n<p class=\"has-text-align-center\">Programa\u021bi-v\u0103 pentru o consulta\u021bie ini\u021bial\u0103 \u00een clinica noastr\u0103 \u0219i noi v\u0103 garant\u0103m c\u0103 ve\u021bi beneficia de toat\u0103 aten\u021bia echipei noastre medicale.<\/p>\n\n\n\n<p class=\"has-text-align-center\">Pentru program\u0103ri, apela\u021bi:<\/p>\n\n\n\n<h3 class=\"gb-headline gb-headline-a8d8c91b gb-headline-text\"><strong><a href=\"tel:0314 254 376\">0314 254 376<\/a><\/strong><\/h3>\n\n<\/div><\/div>\n\n\n<p class=\"has-text-align-center\">sau ap\u0103sa\u021bi butonul de mai jos:<\/p>\n\n\n\n<div class=\"wp-block-buttons is-horizontal is-content-justification-center is-layout-flex wp-container-core-buttons-is-layout-499968f5 wp-block-buttons-is-layout-flex\">\n<div class=\"wp-block-button main-button is-style-outline sg-popup-id-1058 is-style-outline--1\"><a class=\"wp-block-button__link has-accent-color has-base-3-background-color has-text-color has-background wp-element-button\">PROGRAMEAZ\u0102-TE<\/a><\/div>\n<\/div>\n\n\n\n<div style=\"height:32px\" aria-hidden=\"true\" class=\"wp-block-spacer\"><\/div>\n\n\n\n<h5 class=\"gb-headline gb-headline-b8d4d63a gb-headline-text\"><strong><strong>Avantajele de a beneficia de toate serviciile dentare \u00eentr-o sigur\u0103 loca\u021bie.<\/strong><\/strong><\/h5>\n\n\n\n<p>Un sistem complet de servicii \u00een aceea\u0219i loca\u021bie acoper\u0103 toate nevoile \u0219i problemele posibile ale pacientului, f\u0103r\u0103 a-l pune pe drumuri. Pe de alt\u0103 parte, un singur aspect terapeutic poate fi privit \u00een ansamblu de mai mul\u021bi speciali\u0219ti, din mai multe unghiuri, astfel \u00eenc\u00e2t pacientul s\u0103 nu \u00ee\u0219i pun\u0103 problema dac\u0103 a primit cel mai bun sfat sau cel mai bun plan de tratament, \u00eentruc\u00e2t \u00een cadrul clinicilor Victoria poate beneficia si de opinia medicului chirurg, \u0219i de cea a medicului ortodont, endodont, sau de alte specialit\u0103\u021bi, pl\u0103tind doar pentru o singur\u0103 consulta\u021bie.<\/p>\n\n\n\n<div style=\"height:32px\" aria-hidden=\"true\" class=\"wp-block-spacer\"><\/div>\n\n\n<div class=\"gb-container gb-container-c72f458e\"><div class=\"gb-inside-container\">\n\n<h5 class=\"gb-headline gb-headline-95b090dd gb-headline-text\"><strong>Pre\u021buri<\/strong><\/h5>\n\n\n\n<figure class=\"wp-block-table is-style-stripes styled-table\"><table><thead><tr><th class=\"has-text-align-left\" data-align=\"left\"><strong>Nume Serviciu<\/strong><\/th><th class=\"has-text-align-center\" data-align=\"center\"><strong>Pre<strong>\u021b<\/strong> (Lei)<\/strong><\/th><\/tr><\/thead><tbody><tr><td class=\"has-text-align-left\" data-align=\"left\">Fa\u021bet\u0103 compozit<\/td><td class=\"has-text-align-center\" data-align=\"center\">600<\/td><\/tr><tr><td class=\"has-text-align-left\" data-align=\"left\">Obtura\u021bie compozit de suprafa\u021b\u0103<\/td><td class=\"has-text-align-center\" data-align=\"center\">190 &#8211; 210<\/td><\/tr><tr><td class=\"has-text-align-left\" data-align=\"left\"><meta charset=\"utf-8\">Obtura\u021bie compozit profund\u0103<\/td><td class=\"has-text-align-center\" data-align=\"center\">290 &#8211; 320<\/td><\/tr><\/tbody><\/table><\/figure>\n\n<\/div><\/div>\n\n\n<p>Pentru alte servicii de odontoterapie care nu se afl\u0103 \u00een aceast\u0103 list\u0103, v\u0103 rug\u0103m s\u0103 contacta\u021bi colegele noastre din clinic\u0103 la num\u0103rul de telefon <strong><a href=\"tel:0314 254 376\">0314 254 376<\/a><\/strong>. <\/p>\n\n\n\n<div style=\"height:32px\" aria-hidden=\"true\" class=\"wp-block-spacer\"><\/div>\n\n\n<div class=\"gb-container gb-container-ee1bd535\"><div class=\"gb-inside-container\">\n\n<h6 class=\"gb-headline gb-headline-e273090e gb-headline-text\"><strong>Scurta prezentare video a clinicii noastre:<\/strong><\/h6>\n\n\n\n<figure class=\"wp-block-embed is-type-video is-provider-youtube wp-block-embed-youtube wp-embed-aspect-16-9 wp-has-aspect-ratio\"><div class=\"wp-block-embed__wrapper\">\n<div class=\"epyt-video-wrapper\"><div  id=\"_ytid_66557\"  width=\"1200\" height=\"675\"  data-origwidth=\"1200\" data-origheight=\"675\" data-facadesrc=\"https:\/\/www.youtube.com\/embed\/Pj8NxzldniY?enablejsapi=1&#038;autoplay=0&#038;cc_load_policy=0&#038;cc_lang_pref=&#038;iv_load_policy=1&#038;loop=0&#038;rel=0&#038;fs=1&#038;playsinline=0&#038;autohide=2&#038;theme=dark&#038;color=red&#038;controls=1&#038;disablekb=0&#038;\" class=\"__youtube_prefs__ epyt-facade epyt-is-override  no-lazyload\" data-epautoplay=\"1\" ><img decoding=\"async\" data-spai-excluded=\"true\" class=\"epyt-facade-poster skip-lazy\" loading=\"lazy\"  alt=\"YouTube player\"  src=\"https:\/\/i.ytimg.com\/vi\/Pj8NxzldniY\/maxresdefault.jpg\"  \/><button class=\"epyt-facade-play\" aria-label=\"Play\"><svg data-no-lazy=\"1\" height=\"100%\" version=\"1.1\" viewBox=\"0 0 68 48\" width=\"100%\"><path class=\"ytp-large-play-button-bg\" d=\"M66.52,7.74c-0.78-2.93-2.49-5.41-5.42-6.19C55.79,.13,34,0,34,0S12.21,.13,6.9,1.55 C3.97,2.33,2.27,4.81,1.48,7.74C0.06,13.05,0,24,0,24s0.06,10.95,1.48,16.26c0.78,2.93,2.49,5.41,5.42,6.19 C12.21,47.87,34,48,34,48s21.79-0.13,27.1-1.55c2.93-0.78,4.64-3.26,5.42-6.19C67.94,34.95,68,24,68,24S67.94,13.05,66.52,7.74z\" fill=\"#f00\"><\/path><path d=\"M 45,24 27,14 27,34\" fill=\"#fff\"><\/path><\/svg><\/button><\/div><\/div>\n<\/div><\/figure>\n\n\n\n<p class=\"has-text-align-center\">\u0218tim c\u0103 v\u0103 dori\u021bi s\u0103 g\u0103si\u021bi cea mai bun\u0103 cale de rezolvare a problemelor dumneavoastr\u0103 dentare, de aceea echipa noastr\u0103 de speciali\u0219ti este gata s\u0103 v\u0103 ajute.<\/p>\n\n\n<div class=\"gb-container gb-container-9ce8eccf\"><div class=\"gb-inside-container\">\n\n<div class=\"wp-block-buttons is-horizontal is-content-justification-center is-layout-flex wp-container-core-buttons-is-layout-499968f5 wp-block-buttons-is-layout-flex\">\n<div class=\"wp-block-button is-style-outline main-button sg-popup-id-1058 is-style-outline--2\"><a class=\"wp-block-button__link has-accent-color has-base-3-background-color has-text-color has-background wp-element-button\" style=\"border-radius:20px\"><meta charset=\"utf-8\">PROGRAMEAZ\u0102-TE<\/a><\/div>\n<\/div>\n\n<\/div><\/div>\n<\/div><\/div>","protected":false},"excerpt":{"rendered":"<p>Odontoterapie Clinica Dentar\u0103 Victoria Bucure\u0219ti (Blvd. Doina Cornea) \u00cen cadrul specializ\u0103rii de Odontoterapie din Bucure\u0219ti, medicii stomatologi de la Clinica Victoria sunt al\u0103turi de fiecare pacient pentru a-\u0219i rezolva problemele stomatologice, oferind servicii de odontoterapie la cele mai \u00eenalte standarde. Ce este odontoterapia? Odontoterapia reprezint\u0103 ramura medicinii dentare care se ocup\u0103 cu tratamentul leziunilor carioase &#8230; <a title=\"Odontoterapie\" class=\"read-more\" href=\"https:\/\/clinicavictoria.ro\/bucuresti-doinacornea\/odontoterapie\/\" aria-label=\"Read more about Odontoterapie\">Read more<\/a><\/p>\n","protected":false},"author":3,"featured_media":2209,"parent":0,"menu_order":0,"comment_status":"closed","ping_status":"closed","template":"","meta":{"inline_featured_image":false,"footnotes":""},"class_list":["post-1760","page","type-page","status-publish","has-post-thumbnail"],"yoast_head":"<!-- This site is optimized with the Yoast SEO plugin v27.4 - https:\/\/yoast.com\/product\/yoast-seo-wordpress\/ -->\n<title>Odontoterapie Bucure\u0219ti | Clinica Dentar\u0103 Victoria Doina Cornea<\/title>\n<meta name=\"description\" content=\"Ne ajut\u0103m pacien\u021bii s\u0103 scape de carii folosind materiale \u0219i tehnici moderne care permit ob\u021binerea de rezultate durabile \u0219i perfect estetice.\" \/>\n<meta name=\"robots\" content=\"index, follow, max-snippet:-1, max-image-preview:large, max-video-preview:-1\" \/>\n<link rel=\"canonical\" href=\"https:\/\/clinicavictoria.ro\/bucuresti-doinacornea\/odontoterapie\/\" \/>\n<meta property=\"og:locale\" content=\"en_US\" \/>\n<meta property=\"og:type\" content=\"article\" \/>\n<meta property=\"og:title\" content=\"Odontoterapie Bucure\u0219ti | Clinica Dentar\u0103 Victoria Doina Cornea\" \/>\n<meta property=\"og:description\" content=\"Ne ajut\u0103m pacien\u021bii s\u0103 scape de carii folosind materiale \u0219i tehnici moderne care permit ob\u021binerea de rezultate durabile \u0219i perfect estetice.\" \/>\n<meta property=\"og:url\" content=\"https:\/\/clinicavictoria.ro\/bucuresti-doinacornea\/odontoterapie\/\" \/>\n<meta property=\"og:site_name\" content=\"Clinica dentar\u0103 Victoria - Bucure\u0219ti\" \/>\n<meta property=\"article:modified_time\" content=\"2026-03-11T09:59:26+00:00\" \/>\n<meta property=\"og:image\" content=\"https:\/\/clinicavictoria.ro\/bucuresti-doinacornea\/wp-content\/uploads\/2022\/08\/featured-image-chirurgie-dentara-RM-VALCEA-24.jpg\" \/>\n\t<meta property=\"og:image:width\" content=\"1080\" \/>\n\t<meta property=\"og:image:height\" content=\"1080\" \/>\n\t<meta property=\"og:image:type\" content=\"image\/jpeg\" \/>\n<meta name=\"twitter:card\" content=\"summary_large_image\" \/>\n<meta name=\"twitter:label1\" content=\"Est. reading time\" \/>\n\t<meta name=\"twitter:data1\" content=\"4 minutes\" \/>\n<script type=\"application\/ld+json\" class=\"yoast-schema-graph\">{\"@context\":\"https:\\\/\\\/schema.org\",\"@graph\":[{\"@type\":\"WebPage\",\"@id\":\"https:\\\/\\\/clinicavictoria.ro\\\/bucuresti-doinacornea\\\/odontoterapie\\\/\",\"url\":\"https:\\\/\\\/clinicavictoria.ro\\\/bucuresti-doinacornea\\\/odontoterapie\\\/\",\"name\":\"Odontoterapie Bucure\u0219ti | Clinica Dentar\u0103 Victoria Doina Cornea\",\"isPartOf\":{\"@id\":\"https:\\\/\\\/clinicavictoria.ro\\\/bucuresti-doinacornea\\\/#website\"},\"primaryImageOfPage\":{\"@id\":\"https:\\\/\\\/clinicavictoria.ro\\\/bucuresti-doinacornea\\\/odontoterapie\\\/#primaryimage\"},\"image\":{\"@id\":\"https:\\\/\\\/clinicavictoria.ro\\\/bucuresti-doinacornea\\\/odontoterapie\\\/#primaryimage\"},\"thumbnailUrl\":\"https:\\\/\\\/clinicavictoria.ro\\\/bucuresti-doinacornea\\\/wp-content\\\/uploads\\\/2022\\\/08\\\/featured-image-chirurgie-dentara-RM-VALCEA-24.jpg\",\"datePublished\":\"2022-05-20T09:29:54+00:00\",\"dateModified\":\"2026-03-11T09:59:26+00:00\",\"description\":\"Ne ajut\u0103m pacien\u021bii s\u0103 scape de carii folosind materiale \u0219i tehnici moderne care permit ob\u021binerea de rezultate durabile \u0219i perfect estetice.\",\"breadcrumb\":{\"@id\":\"https:\\\/\\\/clinicavictoria.ro\\\/bucuresti-doinacornea\\\/odontoterapie\\\/#breadcrumb\"},\"inLanguage\":\"en-US\",\"potentialAction\":[{\"@type\":\"ReadAction\",\"target\":[\"https:\\\/\\\/clinicavictoria.ro\\\/bucuresti-doinacornea\\\/odontoterapie\\\/\"]}]},{\"@type\":\"ImageObject\",\"inLanguage\":\"en-US\",\"@id\":\"https:\\\/\\\/clinicavictoria.ro\\\/bucuresti-doinacornea\\\/odontoterapie\\\/#primaryimage\",\"url\":\"https:\\\/\\\/clinicavictoria.ro\\\/bucuresti-doinacornea\\\/wp-content\\\/uploads\\\/2022\\\/08\\\/featured-image-chirurgie-dentara-RM-VALCEA-24.jpg\",\"contentUrl\":\"https:\\\/\\\/clinicavictoria.ro\\\/bucuresti-doinacornea\\\/wp-content\\\/uploads\\\/2022\\\/08\\\/featured-image-chirurgie-dentara-RM-VALCEA-24.jpg\",\"width\":1080,\"height\":1080,\"caption\":\"odontoterapie bucuresti\"},{\"@type\":\"BreadcrumbList\",\"@id\":\"https:\\\/\\\/clinicavictoria.ro\\\/bucuresti-doinacornea\\\/odontoterapie\\\/#breadcrumb\",\"itemListElement\":[{\"@type\":\"ListItem\",\"position\":1,\"name\":\"Home\",\"item\":\"https:\\\/\\\/clinicavictoria.ro\\\/bucuresti-doinacornea\\\/\"},{\"@type\":\"ListItem\",\"position\":2,\"name\":\"Odontoterapie\"}]},{\"@type\":\"WebSite\",\"@id\":\"https:\\\/\\\/clinicavictoria.ro\\\/bucuresti-doinacornea\\\/#website\",\"url\":\"https:\\\/\\\/clinicavictoria.ro\\\/bucuresti-doinacornea\\\/\",\"name\":\"Clinica dentar\u0103 Victoria - Bucure\u0219ti\",\"description\":\"\",\"publisher\":{\"@id\":\"https:\\\/\\\/clinicavictoria.ro\\\/bucuresti-doinacornea\\\/#organization\"},\"potentialAction\":[{\"@type\":\"SearchAction\",\"target\":{\"@type\":\"EntryPoint\",\"urlTemplate\":\"https:\\\/\\\/clinicavictoria.ro\\\/bucuresti-doinacornea\\\/?s={search_term_string}\"},\"query-input\":{\"@type\":\"PropertyValueSpecification\",\"valueRequired\":true,\"valueName\":\"search_term_string\"}}],\"inLanguage\":\"en-US\"},{\"@type\":\"Organization\",\"@id\":\"https:\\\/\\\/clinicavictoria.ro\\\/bucuresti-doinacornea\\\/#organization\",\"name\":\"Clinica dentar\u0103 Victoria - Bucure\u0219ti\",\"url\":\"https:\\\/\\\/clinicavictoria.ro\\\/bucuresti-doinacornea\\\/\",\"logo\":{\"@type\":\"ImageObject\",\"inLanguage\":\"en-US\",\"@id\":\"https:\\\/\\\/clinicavictoria.ro\\\/bucuresti-doinacornea\\\/#\\\/schema\\\/logo\\\/image\\\/\",\"url\":\"https:\\\/\\\/clinicavictoria.ro\\\/bucuresti-doinacornea\\\/wp-content\\\/uploads\\\/2025\\\/04\\\/logo-clinica-dentara-victoria-bucuresti-doina-cornea-V2.png\",\"contentUrl\":\"https:\\\/\\\/clinicavictoria.ro\\\/bucuresti-doinacornea\\\/wp-content\\\/uploads\\\/2025\\\/04\\\/logo-clinica-dentara-victoria-bucuresti-doina-cornea-V2.png\",\"width\":700,\"height\":190,\"caption\":\"Clinica dentar\u0103 Victoria - Bucure\u0219ti\"},\"image\":{\"@id\":\"https:\\\/\\\/clinicavictoria.ro\\\/bucuresti-doinacornea\\\/#\\\/schema\\\/logo\\\/image\\\/\"}}]}<\/script>\n<!-- \/ Yoast SEO plugin. -->","yoast_head_json":{"title":"Odontoterapie Bucure\u0219ti | Clinica Dentar\u0103 Victoria Doina Cornea","description":"Ne ajut\u0103m pacien\u021bii s\u0103 scape de carii folosind materiale \u0219i tehnici moderne care permit ob\u021binerea de rezultate durabile \u0219i perfect estetice.","robots":{"index":"index","follow":"follow","max-snippet":"max-snippet:-1","max-image-preview":"max-image-preview:large","max-video-preview":"max-video-preview:-1"},"canonical":"https:\/\/clinicavictoria.ro\/bucuresti-doinacornea\/odontoterapie\/","og_locale":"en_US","og_type":"article","og_title":"Odontoterapie Bucure\u0219ti | Clinica Dentar\u0103 Victoria Doina Cornea","og_description":"Ne ajut\u0103m pacien\u021bii s\u0103 scape de carii folosind materiale \u0219i tehnici moderne care permit ob\u021binerea de rezultate durabile \u0219i perfect estetice.","og_url":"https:\/\/clinicavictoria.ro\/bucuresti-doinacornea\/odontoterapie\/","og_site_name":"Clinica dentar\u0103 Victoria - Bucure\u0219ti","article_modified_time":"2026-03-11T09:59:26+00:00","og_image":[{"width":1080,"height":1080,"url":"https:\/\/clinicavictoria.ro\/bucuresti-doinacornea\/wp-content\/uploads\/2022\/08\/featured-image-chirurgie-dentara-RM-VALCEA-24.jpg","type":"image\/jpeg"}],"twitter_card":"summary_large_image","twitter_misc":{"Est. reading time":"4 minutes"},"schema":{"@context":"https:\/\/schema.org","@graph":[{"@type":"WebPage","@id":"https:\/\/clinicavictoria.ro\/bucuresti-doinacornea\/odontoterapie\/","url":"https:\/\/clinicavictoria.ro\/bucuresti-doinacornea\/odontoterapie\/","name":"Odontoterapie Bucure\u0219ti | Clinica Dentar\u0103 Victoria Doina Cornea","isPartOf":{"@id":"https:\/\/clinicavictoria.ro\/bucuresti-doinacornea\/#website"},"primaryImageOfPage":{"@id":"https:\/\/clinicavictoria.ro\/bucuresti-doinacornea\/odontoterapie\/#primaryimage"},"image":{"@id":"https:\/\/clinicavictoria.ro\/bucuresti-doinacornea\/odontoterapie\/#primaryimage"},"thumbnailUrl":"https:\/\/clinicavictoria.ro\/bucuresti-doinacornea\/wp-content\/uploads\/2022\/08\/featured-image-chirurgie-dentara-RM-VALCEA-24.jpg","datePublished":"2022-05-20T09:29:54+00:00","dateModified":"2026-03-11T09:59:26+00:00","description":"Ne ajut\u0103m pacien\u021bii s\u0103 scape de carii folosind materiale \u0219i tehnici moderne care permit ob\u021binerea de rezultate durabile \u0219i perfect estetice.","breadcrumb":{"@id":"https:\/\/clinicavictoria.ro\/bucuresti-doinacornea\/odontoterapie\/#breadcrumb"},"inLanguage":"en-US","potentialAction":[{"@type":"ReadAction","target":["https:\/\/clinicavictoria.ro\/bucuresti-doinacornea\/odontoterapie\/"]}]},{"@type":"ImageObject","inLanguage":"en-US","@id":"https:\/\/clinicavictoria.ro\/bucuresti-doinacornea\/odontoterapie\/#primaryimage","url":"https:\/\/clinicavictoria.ro\/bucuresti-doinacornea\/wp-content\/uploads\/2022\/08\/featured-image-chirurgie-dentara-RM-VALCEA-24.jpg","contentUrl":"https:\/\/clinicavictoria.ro\/bucuresti-doinacornea\/wp-content\/uploads\/2022\/08\/featured-image-chirurgie-dentara-RM-VALCEA-24.jpg","width":1080,"height":1080,"caption":"odontoterapie bucuresti"},{"@type":"BreadcrumbList","@id":"https:\/\/clinicavictoria.ro\/bucuresti-doinacornea\/odontoterapie\/#breadcrumb","itemListElement":[{"@type":"ListItem","position":1,"name":"Home","item":"https:\/\/clinicavictoria.ro\/bucuresti-doinacornea\/"},{"@type":"ListItem","position":2,"name":"Odontoterapie"}]},{"@type":"WebSite","@id":"https:\/\/clinicavictoria.ro\/bucuresti-doinacornea\/#website","url":"https:\/\/clinicavictoria.ro\/bucuresti-doinacornea\/","name":"Clinica dentar\u0103 Victoria - Bucure\u0219ti","description":"","publisher":{"@id":"https:\/\/clinicavictoria.ro\/bucuresti-doinacornea\/#organization"},"potentialAction":[{"@type":"SearchAction","target":{"@type":"EntryPoint","urlTemplate":"https:\/\/clinicavictoria.ro\/bucuresti-doinacornea\/?s={search_term_string}"},"query-input":{"@type":"PropertyValueSpecification","valueRequired":true,"valueName":"search_term_string"}}],"inLanguage":"en-US"},{"@type":"Organization","@id":"https:\/\/clinicavictoria.ro\/bucuresti-doinacornea\/#organization","name":"Clinica dentar\u0103 Victoria - Bucure\u0219ti","url":"https:\/\/clinicavictoria.ro\/bucuresti-doinacornea\/","logo":{"@type":"ImageObject","inLanguage":"en-US","@id":"https:\/\/clinicavictoria.ro\/bucuresti-doinacornea\/#\/schema\/logo\/image\/","url":"https:\/\/clinicavictoria.ro\/bucuresti-doinacornea\/wp-content\/uploads\/2025\/04\/logo-clinica-dentara-victoria-bucuresti-doina-cornea-V2.png","contentUrl":"https:\/\/clinicavictoria.ro\/bucuresti-doinacornea\/wp-content\/uploads\/2025\/04\/logo-clinica-dentara-victoria-bucuresti-doina-cornea-V2.png","width":700,"height":190,"caption":"Clinica dentar\u0103 Victoria - Bucure\u0219ti"},"image":{"@id":"https:\/\/clinicavictoria.ro\/bucuresti-doinacornea\/#\/schema\/logo\/image\/"}}]}},"_links":{"self":[{"href":"https:\/\/clinicavictoria.ro\/bucuresti-doinacornea\/wp-json\/wp\/v2\/pages\/1760","targetHints":{"allow":["GET"]}}],"collection":[{"href":"https:\/\/clinicavictoria.ro\/bucuresti-doinacornea\/wp-json\/wp\/v2\/pages"}],"about":[{"href":"https:\/\/clinicavictoria.ro\/bucuresti-doinacornea\/wp-json\/wp\/v2\/types\/page"}],"author":[{"embeddable":true,"href":"https:\/\/clinicavictoria.ro\/bucuresti-doinacornea\/wp-json\/wp\/v2\/users\/3"}],"replies":[{"embeddable":true,"href":"https:\/\/clinicavictoria.ro\/bucuresti-doinacornea\/wp-json\/wp\/v2\/comments?post=1760"}],"version-history":[{"count":29,"href":"https:\/\/clinicavictoria.ro\/bucuresti-doinacornea\/wp-json\/wp\/v2\/pages\/1760\/revisions"}],"predecessor-version":[{"id":2783,"href":"https:\/\/clinicavictoria.ro\/bucuresti-doinacornea\/wp-json\/wp\/v2\/pages\/1760\/revisions\/2783"}],"wp:featuredmedia":[{"embeddable":true,"href":"https:\/\/clinicavictoria.ro\/bucuresti-doinacornea\/wp-json\/wp\/v2\/media\/2209"}],"wp:attachment":[{"href":"https:\/\/clinicavictoria.ro\/bucuresti-doinacornea\/wp-json\/wp\/v2\/media?parent=1760"}],"curies":[{"name":"wp","href":"https:\/\/api.w.org\/{rel}","templated":true}]}}