{"id":1038,"date":"2022-01-21T18:08:28","date_gmt":"2022-01-21T15:08:28","guid":{"rendered":"https:\/\/clinicavictoria.ro\/bucuresti-doinacornea\/?page_id=1038"},"modified":"2025-04-14T15:03:46","modified_gmt":"2025-04-14T12:03:46","slug":"medic-dr-liana-maris","status":"publish","type":"page","link":"https:\/\/clinicavictoria.ro\/bucuresti-doinacornea\/medic-dr-liana-maris\/","title":{"rendered":"Medic &#8211; Dr. Liana Mari\u0219"},"content":{"rendered":"<div class=\"gb-container gb-container-9092b670\"><div class=\"gb-inside-container\">\n\n<h1 class=\"gb-headline gb-headline-a3365616 gb-headline-text\">Medic &#8211; Dr. Liana Mari\u0219<\/h1>\n\n\n\n<h4 class=\"gb-headline gb-headline-c5999d27 gb-headline-text\"><strong><strong><strong>Medic Stomatolog<\/strong><\/strong><\/strong><\/h4>\n\n\n\n<div class=\"line-separator\"><\/div>\n\n\n\n<h6 class=\"gb-headline gb-headline-986fa71f gb-headline-text\"><strong><strong><strong>Clinica Dentar\u0103 Victoria Bucure\u0219ti (Blvd. Doina Cornea)<\/strong><\/strong><\/strong><\/h6>\n\n<\/div><\/div>\n\n\n<div style=\"height:32px\" aria-hidden=\"true\" class=\"wp-block-spacer\"><\/div>\n\n\n<div class=\"gb-container gb-container-3e659ef2\"><div class=\"gb-inside-container\">\n<div class=\"gb-grid-wrapper gb-grid-wrapper-7a1c193e\">\n<div class=\"gb-grid-column gb-grid-column-4457ebb6\"><div class=\"gb-container gb-container-4457ebb6 contaier-box-with-shadow\"><div class=\"gb-inside-container\">\n<div class=\"gb-container gb-container-db999ad6\"><div class=\"gb-inside-container\">\n\n<figure class=\"wp-block-image size-full container-image-with-shadow\"><img loading=\"lazy\" decoding=\"async\" width=\"600\" height=\"900\" src=\"https:\/\/clinicavictoria.ro\/bucuresti-doinacornea\/wp-content\/uploads\/2022\/08\/dr.-liana-maris-medic-stomatolog.webp\" alt=\"dr. liana maris medic stomatolog\" class=\"wp-image-1958\" srcset=\"https:\/\/clinicavictoria.ro\/bucuresti-doinacornea\/wp-content\/uploads\/2022\/08\/dr.-liana-maris-medic-stomatolog.webp 600w, https:\/\/clinicavictoria.ro\/bucuresti-doinacornea\/wp-content\/uploads\/2022\/08\/dr.-liana-maris-medic-stomatolog-200x300.webp 200w\" sizes=\"auto, (max-width: 600px) 100vw, 600px\" \/><\/figure>\n\n<\/div><\/div>\n\n\n<div style=\"height:12px\" aria-hidden=\"true\" class=\"wp-block-spacer\"><\/div>\n\n<\/div><\/div><\/div>\n\n<div class=\"gb-grid-column gb-grid-column-ff1cb5ef\"><div class=\"gb-container gb-container-ff1cb5ef\"><div class=\"gb-inside-container\">\n<div class=\"gb-container gb-container-57820bc5\"><div class=\"gb-inside-container\">\n\n<p>M\u0103 numesc Dr. Liana Mari\u0219 \u0219i sunt medic stomatolog \u00een cadrul lan\u021bului na\u021bional de clinici dentare Victoria.<\/p>\n\n\n\n<p>A\u0219 putea spune c\u0103 sunt c\u00e2te un pic de pretutindeni. N\u0103scut\u0103 \u00een Maramure\u0219, am crescut cu o conduit\u0103 ce pune mare accent pe principiile morale, apoi anii maturit\u0103\u021bii i-am petrecut la Timi\u0219oara, unde am absolvit Facultatea de Medicin\u0103 Dentar\u0103, in 2006. De c\u00e2nd l-am cunoscut pe so\u021bul meu, m-am mutat \u0219i am \u00eenceput s\u0103 profesez \u00een Pite\u0219ti. \u00cen prezent, \u00eencerc s\u0103 \u021bin un echilibru \u00eentre a \ufb01 mama a doi copii \u0219i a \u021bine pasul cu ascensiunea profesional\u0103.<br><br>Dup\u0103 o vast\u0103 experien\u021b\u0103 practic\u0103 pe scaunul stomatologic, m-am dedicat imagisticii dentare \u00een toate formele ei, de la toate tipurile de radiografii, tomografii, scan\u0103ri, p\u00e2n\u0103 la competen\u021ba CNCAN. Am f\u0103cut analize radiologice \u0219i planuri de tratament personalizate la aproape to\u021bi pacien\u021bii noi care au intrat \u00een clinica noastr\u0103 p\u00e2n\u0103 \u00een prezent.<\/p>\n\n\n\n<blockquote class=\"wp-block-quote is-layout-flow wp-block-quote-is-layout-flow\">\n<p>Pe plan personal m\u0103 reg\u0103sesc \u00een natur\u0103, \u00eemi men\u021bin mintea ocupat\u0103 cu lucruri utile, \u0219i \u00eemi place s\u0103 am \u00een jur oameni buni cu care&nbsp;s\u0103&nbsp;rezonez.<\/p>\n<cite>Dr. Liana Mari\u0219<\/cite><\/blockquote>\n\n\n\n<p>Prin colaborarea \u00eendeaproape cu medicii speciali\u0219ti chirurgi, ortodon\u021bi, endodon\u021bi, proteticieni, to\u021bi buni profesioni\u0219ti, am dob\u00e2ndit de-a lungul acestor ani no\u021biuni complexe din toate ramurile stomatologiei, pe care le pun \u00een slujba pacientului atunci c\u00e2nd \u00eei \u00eentocmesc un plan individualizat de tratament.<\/p>\n\n\n\n<p>M\u0103 implic activ \u00een diverse activit\u0103\u021bi de informare a pacien\u021bilor despre tratamente dentare, at\u00e2t \u00een cadrul clinicii, c\u00e2t \u0219i \u00een diverse activit\u0103\u021bi sociale din comunitatea local\u0103, pentru a ridica standardele de educa\u021bie medical\u0103 dentar\u0103 \u0219i preven\u021bie.<\/p>\n\n<\/div><\/div>\n<\/div><\/div><\/div>\n<\/div>\n<\/div><\/div>\n\n\n<div style=\"height:32px\" aria-hidden=\"true\" class=\"wp-block-spacer\"><\/div>\n\n\n\n<div style=\"height:32px\" aria-hidden=\"true\" class=\"wp-block-spacer\"><\/div>\n","protected":false},"excerpt":{"rendered":"<p>Medic &#8211; Dr. Liana Mari\u0219 Medic Stomatolog Clinica Dentar\u0103 Victoria Bucure\u0219ti (Blvd. Doina Cornea)<\/p>\n","protected":false},"author":3,"featured_media":1958,"parent":0,"menu_order":0,"comment_status":"closed","ping_status":"closed","template":"","meta":{"inline_featured_image":false,"footnotes":""},"class_list":["post-1038","page","type-page","status-publish","has-post-thumbnail"],"yoast_head":"<!-- This site is optimized with the Yoast SEO plugin v27.4 - https:\/\/yoast.com\/product\/yoast-seo-wordpress\/ -->\n<title>Dr. Liana Mari\u0219 - Medic Stomatatolog<\/title>\n<meta name=\"description\" content=\"Dr. Liana Mari\u0219 este medic stomatolog \u00een cadrul clinicii dentare Victoria din Bucure\u0219ti. Pentru program\u0103ri, apela\u021bi 0348 434 436.\" \/>\n<meta name=\"robots\" content=\"index, follow, max-snippet:-1, max-image-preview:large, max-video-preview:-1\" \/>\n<link rel=\"canonical\" href=\"https:\/\/clinicavictoria.ro\/bucuresti-doinacornea\/medic-dr-liana-maris\/\" \/>\n<meta property=\"og:locale\" content=\"en_US\" \/>\n<meta property=\"og:type\" content=\"article\" \/>\n<meta property=\"og:title\" content=\"Dr. Liana Mari\u0219 - Medic Stomatatolog\" \/>\n<meta property=\"og:description\" content=\"Dr. Liana Mari\u0219 este medic stomatolog \u00een cadrul clinicii dentare Victoria din Bucure\u0219ti. Pentru program\u0103ri, apela\u021bi 0348 434 436.\" \/>\n<meta property=\"og:url\" content=\"https:\/\/clinicavictoria.ro\/bucuresti-doinacornea\/medic-dr-liana-maris\/\" \/>\n<meta property=\"og:site_name\" content=\"Clinica dentar\u0103 Victoria - Bucure\u0219ti\" \/>\n<meta property=\"article:modified_time\" content=\"2025-04-14T12:03:46+00:00\" \/>\n<meta property=\"og:image\" content=\"https:\/\/clinicavictoria.ro\/bucuresti-doinacornea\/wp-content\/uploads\/2022\/08\/dr.-liana-maris-medic-stomatolog.webp\" \/>\n\t<meta property=\"og:image:width\" content=\"600\" \/>\n\t<meta property=\"og:image:height\" content=\"900\" \/>\n\t<meta property=\"og:image:type\" content=\"image\/webp\" \/>\n<meta name=\"twitter:card\" content=\"summary_large_image\" \/>\n<meta name=\"twitter:label1\" content=\"Est. reading time\" \/>\n\t<meta name=\"twitter:data1\" content=\"2 minutes\" \/>\n<script type=\"application\/ld+json\" class=\"yoast-schema-graph\">{\"@context\":\"https:\\\/\\\/schema.org\",\"@graph\":[{\"@type\":\"WebPage\",\"@id\":\"https:\\\/\\\/clinicavictoria.ro\\\/bucuresti-doinacornea\\\/medic-dr-liana-maris\\\/\",\"url\":\"https:\\\/\\\/clinicavictoria.ro\\\/bucuresti-doinacornea\\\/medic-dr-liana-maris\\\/\",\"name\":\"Dr. Liana Mari\u0219 - Medic Stomatatolog\",\"isPartOf\":{\"@id\":\"https:\\\/\\\/clinicavictoria.ro\\\/bucuresti-doinacornea\\\/#website\"},\"primaryImageOfPage\":{\"@id\":\"https:\\\/\\\/clinicavictoria.ro\\\/bucuresti-doinacornea\\\/medic-dr-liana-maris\\\/#primaryimage\"},\"image\":{\"@id\":\"https:\\\/\\\/clinicavictoria.ro\\\/bucuresti-doinacornea\\\/medic-dr-liana-maris\\\/#primaryimage\"},\"thumbnailUrl\":\"https:\\\/\\\/clinicavictoria.ro\\\/bucuresti-doinacornea\\\/wp-content\\\/uploads\\\/2022\\\/08\\\/dr.-liana-maris-medic-stomatolog.webp\",\"datePublished\":\"2022-01-21T15:08:28+00:00\",\"dateModified\":\"2025-04-14T12:03:46+00:00\",\"description\":\"Dr. Liana Mari\u0219 este medic stomatolog \u00een cadrul clinicii dentare Victoria din Bucure\u0219ti. Pentru program\u0103ri, apela\u021bi 0348 434 436.\",\"breadcrumb\":{\"@id\":\"https:\\\/\\\/clinicavictoria.ro\\\/bucuresti-doinacornea\\\/medic-dr-liana-maris\\\/#breadcrumb\"},\"inLanguage\":\"en-US\",\"potentialAction\":[{\"@type\":\"ReadAction\",\"target\":[\"https:\\\/\\\/clinicavictoria.ro\\\/bucuresti-doinacornea\\\/medic-dr-liana-maris\\\/\"]}]},{\"@type\":\"ImageObject\",\"inLanguage\":\"en-US\",\"@id\":\"https:\\\/\\\/clinicavictoria.ro\\\/bucuresti-doinacornea\\\/medic-dr-liana-maris\\\/#primaryimage\",\"url\":\"https:\\\/\\\/clinicavictoria.ro\\\/bucuresti-doinacornea\\\/wp-content\\\/uploads\\\/2022\\\/08\\\/dr.-liana-maris-medic-stomatolog.webp\",\"contentUrl\":\"https:\\\/\\\/clinicavictoria.ro\\\/bucuresti-doinacornea\\\/wp-content\\\/uploads\\\/2022\\\/08\\\/dr.-liana-maris-medic-stomatolog.webp\",\"width\":600,\"height\":900,\"caption\":\"dr. liana maris medic stomatolog\"},{\"@type\":\"BreadcrumbList\",\"@id\":\"https:\\\/\\\/clinicavictoria.ro\\\/bucuresti-doinacornea\\\/medic-dr-liana-maris\\\/#breadcrumb\",\"itemListElement\":[{\"@type\":\"ListItem\",\"position\":1,\"name\":\"Home\",\"item\":\"https:\\\/\\\/clinicavictoria.ro\\\/bucuresti-doinacornea\\\/\"},{\"@type\":\"ListItem\",\"position\":2,\"name\":\"Medic &#8211; Dr. Liana Mari\u0219\"}]},{\"@type\":\"WebSite\",\"@id\":\"https:\\\/\\\/clinicavictoria.ro\\\/bucuresti-doinacornea\\\/#website\",\"url\":\"https:\\\/\\\/clinicavictoria.ro\\\/bucuresti-doinacornea\\\/\",\"name\":\"Clinica dentar\u0103 Victoria - Bucure\u0219ti\",\"description\":\"\",\"publisher\":{\"@id\":\"https:\\\/\\\/clinicavictoria.ro\\\/bucuresti-doinacornea\\\/#organization\"},\"potentialAction\":[{\"@type\":\"SearchAction\",\"target\":{\"@type\":\"EntryPoint\",\"urlTemplate\":\"https:\\\/\\\/clinicavictoria.ro\\\/bucuresti-doinacornea\\\/?s={search_term_string}\"},\"query-input\":{\"@type\":\"PropertyValueSpecification\",\"valueRequired\":true,\"valueName\":\"search_term_string\"}}],\"inLanguage\":\"en-US\"},{\"@type\":\"Organization\",\"@id\":\"https:\\\/\\\/clinicavictoria.ro\\\/bucuresti-doinacornea\\\/#organization\",\"name\":\"Clinica dentar\u0103 Victoria - Bucure\u0219ti\",\"url\":\"https:\\\/\\\/clinicavictoria.ro\\\/bucuresti-doinacornea\\\/\",\"logo\":{\"@type\":\"ImageObject\",\"inLanguage\":\"en-US\",\"@id\":\"https:\\\/\\\/clinicavictoria.ro\\\/bucuresti-doinacornea\\\/#\\\/schema\\\/logo\\\/image\\\/\",\"url\":\"https:\\\/\\\/clinicavictoria.ro\\\/bucuresti-doinacornea\\\/wp-content\\\/uploads\\\/2025\\\/04\\\/logo-clinica-dentara-victoria-bucuresti-doina-cornea-V2.png\",\"contentUrl\":\"https:\\\/\\\/clinicavictoria.ro\\\/bucuresti-doinacornea\\\/wp-content\\\/uploads\\\/2025\\\/04\\\/logo-clinica-dentara-victoria-bucuresti-doina-cornea-V2.png\",\"width\":700,\"height\":190,\"caption\":\"Clinica dentar\u0103 Victoria - Bucure\u0219ti\"},\"image\":{\"@id\":\"https:\\\/\\\/clinicavictoria.ro\\\/bucuresti-doinacornea\\\/#\\\/schema\\\/logo\\\/image\\\/\"}}]}<\/script>\n<!-- \/ Yoast SEO plugin. -->","yoast_head_json":{"title":"Dr. Liana Mari\u0219 - Medic Stomatatolog","description":"Dr. Liana Mari\u0219 este medic stomatolog \u00een cadrul clinicii dentare Victoria din Bucure\u0219ti. Pentru program\u0103ri, apela\u021bi 0348 434 436.","robots":{"index":"index","follow":"follow","max-snippet":"max-snippet:-1","max-image-preview":"max-image-preview:large","max-video-preview":"max-video-preview:-1"},"canonical":"https:\/\/clinicavictoria.ro\/bucuresti-doinacornea\/medic-dr-liana-maris\/","og_locale":"en_US","og_type":"article","og_title":"Dr. Liana Mari\u0219 - Medic Stomatatolog","og_description":"Dr. Liana Mari\u0219 este medic stomatolog \u00een cadrul clinicii dentare Victoria din Bucure\u0219ti. Pentru program\u0103ri, apela\u021bi 0348 434 436.","og_url":"https:\/\/clinicavictoria.ro\/bucuresti-doinacornea\/medic-dr-liana-maris\/","og_site_name":"Clinica dentar\u0103 Victoria - Bucure\u0219ti","article_modified_time":"2025-04-14T12:03:46+00:00","og_image":[{"width":600,"height":900,"url":"https:\/\/clinicavictoria.ro\/bucuresti-doinacornea\/wp-content\/uploads\/2022\/08\/dr.-liana-maris-medic-stomatolog.webp","type":"image\/webp"}],"twitter_card":"summary_large_image","twitter_misc":{"Est. reading time":"2 minutes"},"schema":{"@context":"https:\/\/schema.org","@graph":[{"@type":"WebPage","@id":"https:\/\/clinicavictoria.ro\/bucuresti-doinacornea\/medic-dr-liana-maris\/","url":"https:\/\/clinicavictoria.ro\/bucuresti-doinacornea\/medic-dr-liana-maris\/","name":"Dr. Liana Mari\u0219 - Medic Stomatatolog","isPartOf":{"@id":"https:\/\/clinicavictoria.ro\/bucuresti-doinacornea\/#website"},"primaryImageOfPage":{"@id":"https:\/\/clinicavictoria.ro\/bucuresti-doinacornea\/medic-dr-liana-maris\/#primaryimage"},"image":{"@id":"https:\/\/clinicavictoria.ro\/bucuresti-doinacornea\/medic-dr-liana-maris\/#primaryimage"},"thumbnailUrl":"https:\/\/clinicavictoria.ro\/bucuresti-doinacornea\/wp-content\/uploads\/2022\/08\/dr.-liana-maris-medic-stomatolog.webp","datePublished":"2022-01-21T15:08:28+00:00","dateModified":"2025-04-14T12:03:46+00:00","description":"Dr. Liana Mari\u0219 este medic stomatolog \u00een cadrul clinicii dentare Victoria din Bucure\u0219ti. Pentru program\u0103ri, apela\u021bi 0348 434 436.","breadcrumb":{"@id":"https:\/\/clinicavictoria.ro\/bucuresti-doinacornea\/medic-dr-liana-maris\/#breadcrumb"},"inLanguage":"en-US","potentialAction":[{"@type":"ReadAction","target":["https:\/\/clinicavictoria.ro\/bucuresti-doinacornea\/medic-dr-liana-maris\/"]}]},{"@type":"ImageObject","inLanguage":"en-US","@id":"https:\/\/clinicavictoria.ro\/bucuresti-doinacornea\/medic-dr-liana-maris\/#primaryimage","url":"https:\/\/clinicavictoria.ro\/bucuresti-doinacornea\/wp-content\/uploads\/2022\/08\/dr.-liana-maris-medic-stomatolog.webp","contentUrl":"https:\/\/clinicavictoria.ro\/bucuresti-doinacornea\/wp-content\/uploads\/2022\/08\/dr.-liana-maris-medic-stomatolog.webp","width":600,"height":900,"caption":"dr. liana maris medic stomatolog"},{"@type":"BreadcrumbList","@id":"https:\/\/clinicavictoria.ro\/bucuresti-doinacornea\/medic-dr-liana-maris\/#breadcrumb","itemListElement":[{"@type":"ListItem","position":1,"name":"Home","item":"https:\/\/clinicavictoria.ro\/bucuresti-doinacornea\/"},{"@type":"ListItem","position":2,"name":"Medic &#8211; Dr. Liana Mari\u0219"}]},{"@type":"WebSite","@id":"https:\/\/clinicavictoria.ro\/bucuresti-doinacornea\/#website","url":"https:\/\/clinicavictoria.ro\/bucuresti-doinacornea\/","name":"Clinica dentar\u0103 Victoria - Bucure\u0219ti","description":"","publisher":{"@id":"https:\/\/clinicavictoria.ro\/bucuresti-doinacornea\/#organization"},"potentialAction":[{"@type":"SearchAction","target":{"@type":"EntryPoint","urlTemplate":"https:\/\/clinicavictoria.ro\/bucuresti-doinacornea\/?s={search_term_string}"},"query-input":{"@type":"PropertyValueSpecification","valueRequired":true,"valueName":"search_term_string"}}],"inLanguage":"en-US"},{"@type":"Organization","@id":"https:\/\/clinicavictoria.ro\/bucuresti-doinacornea\/#organization","name":"Clinica dentar\u0103 Victoria - Bucure\u0219ti","url":"https:\/\/clinicavictoria.ro\/bucuresti-doinacornea\/","logo":{"@type":"ImageObject","inLanguage":"en-US","@id":"https:\/\/clinicavictoria.ro\/bucuresti-doinacornea\/#\/schema\/logo\/image\/","url":"https:\/\/clinicavictoria.ro\/bucuresti-doinacornea\/wp-content\/uploads\/2025\/04\/logo-clinica-dentara-victoria-bucuresti-doina-cornea-V2.png","contentUrl":"https:\/\/clinicavictoria.ro\/bucuresti-doinacornea\/wp-content\/uploads\/2025\/04\/logo-clinica-dentara-victoria-bucuresti-doina-cornea-V2.png","width":700,"height":190,"caption":"Clinica dentar\u0103 Victoria - Bucure\u0219ti"},"image":{"@id":"https:\/\/clinicavictoria.ro\/bucuresti-doinacornea\/#\/schema\/logo\/image\/"}}]}},"_links":{"self":[{"href":"https:\/\/clinicavictoria.ro\/bucuresti-doinacornea\/wp-json\/wp\/v2\/pages\/1038","targetHints":{"allow":["GET"]}}],"collection":[{"href":"https:\/\/clinicavictoria.ro\/bucuresti-doinacornea\/wp-json\/wp\/v2\/pages"}],"about":[{"href":"https:\/\/clinicavictoria.ro\/bucuresti-doinacornea\/wp-json\/wp\/v2\/types\/page"}],"author":[{"embeddable":true,"href":"https:\/\/clinicavictoria.ro\/bucuresti-doinacornea\/wp-json\/wp\/v2\/users\/3"}],"replies":[{"embeddable":true,"href":"https:\/\/clinicavictoria.ro\/bucuresti-doinacornea\/wp-json\/wp\/v2\/comments?post=1038"}],"version-history":[{"count":9,"href":"https:\/\/clinicavictoria.ro\/bucuresti-doinacornea\/wp-json\/wp\/v2\/pages\/1038\/revisions"}],"predecessor-version":[{"id":2756,"href":"https:\/\/clinicavictoria.ro\/bucuresti-doinacornea\/wp-json\/wp\/v2\/pages\/1038\/revisions\/2756"}],"wp:featuredmedia":[{"embeddable":true,"href":"https:\/\/clinicavictoria.ro\/bucuresti-doinacornea\/wp-json\/wp\/v2\/media\/1958"}],"wp:attachment":[{"href":"https:\/\/clinicavictoria.ro\/bucuresti-doinacornea\/wp-json\/wp\/v2\/media?parent=1038"}],"curies":[{"name":"wp","href":"https:\/\/api.w.org\/{rel}","templated":true}]}}